{"id":20018,"date":"2026-02-15T14:28:27","date_gmt":"2026-02-15T05:28:27","guid":{"rendered":"https:\/\/sfashionaccessories.com\/?post_type=product&#038;p=20018"},"modified":"2026-03-20T12:21:17","modified_gmt":"2026-03-20T03:21:17","slug":"sutia-vanille-demillus-64042","status":"publish","type":"product","link":"https:\/\/sfashionaccessories.com\/?product=sutia-vanille-demillus-64042","title":{"rendered":"Suti\u00e3 Vanille Sem Bojo DeMillus 64042"},"content":{"rendered":"<p>Suti\u00e3 Rendado Sem\u00a0 Bojo DeMillus Vanille 064042<\/p>\n<p>Chic! Em exclusiva renda el\u00e1stica. Ta\u00e7as sem espuma e com aro, forradas em elastano power para melhor sustenta\u00e7\u00e3o.<\/p>\n","protected":false},"excerpt":{"rendered":"<p>Suti\u00e3 Rendado Sem\u00a0 Bojo DeMillus Vanille 064042 Chic! Em exclusiva renda el\u00e1stica. Ta\u00e7as sem espuma e com aro, forradas em elastano power para melhor sustenta\u00e7\u00e3o.<\/p>\n","protected":false},"featured_media":20029,"comment_status":"open","ping_status":"closed","template":"","meta":{"_kadence_starter_templates_imported_post":false},"product_brand":[],"product_cat":[465,268,293,29,221],"product_tag":[266,395,267,265],"class_list":{"0":"post-20018","1":"product","2":"type-product","3":"status-publish","4":"has-post-thumbnail","6":"product_cat-anuncios","7":"product_cat-demillus","8":"product_cat-feminino","9":"product_cat-lingeries","10":"product_cat-sutias","11":"product_tag-demillus","12":"product_tag-feminino","13":"product_tag-lingerie","14":"product_tag-sutia","16":"first","17":"instock","18":"shipping-taxable","19":"purchasable","20":"product-type-variable"},"_links":{"self":[{"href":"https:\/\/sfashionaccessories.com\/index.php?rest_route=\/wp\/v2\/product\/20018","targetHints":{"allow":["GET"]}}],"collection":[{"href":"https:\/\/sfashionaccessories.com\/index.php?rest_route=\/wp\/v2\/product"}],"about":[{"href":"https:\/\/sfashionaccessories.com\/index.php?rest_route=\/wp\/v2\/types\/product"}],"replies":[{"embeddable":true,"href":"https:\/\/sfashionaccessories.com\/index.php?rest_route=%2Fwp%2Fv2%2Fcomments&post=20018"}],"wp:featuredmedia":[{"embeddable":true,"href":"https:\/\/sfashionaccessories.com\/index.php?rest_route=\/wp\/v2\/media\/20029"}],"wp:attachment":[{"href":"https:\/\/sfashionaccessories.com\/index.php?rest_route=%2Fwp%2Fv2%2Fmedia&parent=20018"}],"wp:term":[{"taxonomy":"product_brand","embeddable":true,"href":"https:\/\/sfashionaccessories.com\/index.php?rest_route=%2Fwp%2Fv2%2Fproduct_brand&post=20018"},{"taxonomy":"product_cat","embeddable":true,"href":"https:\/\/sfashionaccessories.com\/index.php?rest_route=%2Fwp%2Fv2%2Fproduct_cat&post=20018"},{"taxonomy":"product_tag","embeddable":true,"href":"https:\/\/sfashionaccessories.com\/index.php?rest_route=%2Fwp%2Fv2%2Fproduct_tag&post=20018"}],"curies":[{"name":"wp","href":"https:\/\/api.w.org\/{rel}","templated":true}]}}