{"id":20049,"date":"2024-12-02T15:15:04","date_gmt":"2024-12-02T06:15:04","guid":{"rendered":"https:\/\/sfashionaccessories.com\/?post_type=product&#038;p=20049"},"modified":"2024-12-21T14:59:52","modified_gmt":"2024-12-21T05:59:52","slug":"combo-nativa-spa-lilac-locao-corporal-400ml-body-splash-200ml","status":"publish","type":"product","link":"https:\/\/sfashionaccessories.com\/?product=combo-nativa-spa-lilac-locao-corporal-400ml-body-splash-200ml","title":{"rendered":"Combo Nativa Spa Lilac: Lo\u00e7\u00e3o Corporal 400ml + Body Splash 200ml"},"content":{"rendered":"<h2 class=\"product-description-name\">Combo Nativa Spa Lilac: Lo\u00e7\u00e3o Corporal 400ml + Body Splash 200ml<\/h2>\n<div class=\"product-description-content reset-allow-bold\">\n<p>O Combo Nativa Spa Lilac<strong>\u00a0<\/strong>oferece cuidado e hidrata\u00e7\u00e3o nos convidando para o mundo das flores lilases. Com a\u00a0<strong>lo\u00e7\u00e3o corporal<\/strong>, voc\u00ea sentir\u00e1 a pele macia, delicada e rejuvenescida. J\u00e1 o\u00a0<strong>body splash<\/strong>\u00a0entrega o\u00a0toque das flores em uma fragr\u00e2ncia deliciosa para usar na rotina:<\/p>\n<p><strong>LO\u00c7\u00c3O RENOVADORA CORPORAL\u00a0<\/strong><\/p>\n<p>A<strong>\u00a0Lo\u00e7\u00e3o Renovadora Desodorante Hidratante Nativa Spa Lilac\u00a0<\/strong>traz\u00a0<strong>\u00d3leo de Quinoa<\/strong>\u00a0e\u00a0<strong>Bioretinol,\u00a0<\/strong>ativos que cuidam da sua pele. Este\u00a0<strong>hidratante desodorante corporal\u00a0<\/strong>tamb\u00e9m \u00e9 formulado com<strong>\u00a096% de ingredientes de origem natural<\/strong>. Assim, acelera o processo natural de regenera\u00e7\u00e3o da pele* e estimula a produ\u00e7\u00e3o de col\u00e1geno.<\/p>\n<p><strong>BODY SPLASH<\/strong><\/p>\n<p><strong>Nativa Spa Lilac Body Splash Desodorante Col\u00f4nia<\/strong>\u00a0\u00e9 um buqu\u00ea em forma de fragr\u00e2ncia com frescor e perfuma\u00e7\u00e3o, que traz a pot\u00eancia das flores com delicadeza e eleg\u00e2ncia. Uma explos\u00e3o de perfuma\u00e7\u00e3o que transporta ao universo dos jardins lilases e deixa a pele perfumada. Sustent\u00e1vel, este\u00a0<strong>body splash<\/strong>\u00a0\u00e9<strong>\u00a0vegano.<\/strong><\/p>\n<\/div>\n","protected":false},"excerpt":{"rendered":"<p>Combo Nativa Spa Lilac: Lo\u00e7\u00e3o Corporal 400ml + Body Splash 200ml O Combo Nativa Spa Lilac\u00a0oferece cuidado e hidrata\u00e7\u00e3o nos convidando para o mundo das flores lilases. Com a\u00a0lo\u00e7\u00e3o corporal, voc\u00ea sentir\u00e1 a pele macia, delicada e rejuvenescida. J\u00e1 o\u00a0body splash\u00a0entrega o\u00a0toque das flores em uma fragr\u00e2ncia deliciosa para usar na rotina: LO\u00c7\u00c3O RENOVADORA CORPORAL\u00a0 [&hellip;]<\/p>\n","protected":false},"featured_media":20051,"comment_status":"open","ping_status":"closed","template":"","meta":{"_kadence_starter_templates_imported_post":false},"product_brand":[],"product_cat":[15],"product_tag":[],"class_list":{"0":"post-20049","1":"product","2":"type-product","3":"status-publish","4":"has-post-thumbnail","6":"product_cat-padrao","8":"first","9":"outofstock","10":"sale","11":"shipping-taxable","12":"purchasable","13":"product-type-simple"},"_links":{"self":[{"href":"https:\/\/sfashionaccessories.com\/index.php?rest_route=\/wp\/v2\/product\/20049","targetHints":{"allow":["GET"]}}],"collection":[{"href":"https:\/\/sfashionaccessories.com\/index.php?rest_route=\/wp\/v2\/product"}],"about":[{"href":"https:\/\/sfashionaccessories.com\/index.php?rest_route=\/wp\/v2\/types\/product"}],"replies":[{"embeddable":true,"href":"https:\/\/sfashionaccessories.com\/index.php?rest_route=%2Fwp%2Fv2%2Fcomments&post=20049"}],"wp:featuredmedia":[{"embeddable":true,"href":"https:\/\/sfashionaccessories.com\/index.php?rest_route=\/wp\/v2\/media\/20051"}],"wp:attachment":[{"href":"https:\/\/sfashionaccessories.com\/index.php?rest_route=%2Fwp%2Fv2%2Fmedia&parent=20049"}],"wp:term":[{"taxonomy":"product_brand","embeddable":true,"href":"https:\/\/sfashionaccessories.com\/index.php?rest_route=%2Fwp%2Fv2%2Fproduct_brand&post=20049"},{"taxonomy":"product_cat","embeddable":true,"href":"https:\/\/sfashionaccessories.com\/index.php?rest_route=%2Fwp%2Fv2%2Fproduct_cat&post=20049"},{"taxonomy":"product_tag","embeddable":true,"href":"https:\/\/sfashionaccessories.com\/index.php?rest_route=%2Fwp%2Fv2%2Fproduct_tag&post=20049"}],"curies":[{"name":"wp","href":"https:\/\/api.w.org\/{rel}","templated":true}]}}