{"id":20257,"date":"2024-12-07T19:07:16","date_gmt":"2024-12-07T10:07:16","guid":{"rendered":"https:\/\/sfashionaccessories.com\/?post_type=product&#038;p=20257"},"modified":"2025-01-05T15:18:56","modified_gmt":"2025-01-05T06:18:56","slug":"kit-kaiak-natura-kaiak-tradicional-colonia-100ml-desodorante-spray-o2-100ml","status":"publish","type":"product","link":"https:\/\/sfashionaccessories.com\/?product=kit-kaiak-natura-kaiak-tradicional-colonia-100ml-desodorante-spray-o2-100ml","title":{"rendered":"Kit Kaiak Natura- Kaiak Tradicional Colonia 100ml + Desodorante Spray O2 100ml."},"content":{"rendered":"<p>Sinta a pot\u00eancia do frescor.<br \/>\nExperimente a refresc\u00e2ncia \u00fanica de Kaiak masculino. Este cl\u00e1ssico da perfumaria brasileira traz uma combina\u00e7\u00e3o ic\u00f4nica e atemporal de notas arom\u00e1ticas, c\u00edtricas e aquosas inspiradas na for\u00e7a das \u00e1guas. Sinta a pot\u00eancia do frescor que renova e revigora as energias.<\/p>\n<p>Arom\u00e1tico Aquoso Moderado<br \/>\nProduto Vegano<br \/>\nDura at\u00e9 08h na pele<br \/>\n*Fam\u00edlia olfativa: arom\u00e1tico<br \/>\nNotas de fundo: musk, musgo de carvalho, s\u00e2ndalo<br \/>\nNotas de corpo: muguet, madeiras transparentes Fundo:<br \/>\nNotas de topo: bergamota, mandarina, agulhas de pinho Corpo:<br \/>\nOcasi\u00e3o: dia-a-dia, para sair<\/p>\n<p>*Kaiak O2 Desodorante Spray 100ml-<\/p>\n<p>N\u00e3o h\u00e1 nada melhor que a sensa\u00e7\u00e3o de bem-estar e frescor que voc\u00ea sente quando se cuida. O Desodorante Corporal Kaiak O2 Masculino foi desenvolvido para manter voc\u00ea protegido e perfumado ao longo do dia, com fragr\u00e2ncia inspirada em um dos maiores sucessos da perfumaria Natura. Sua f\u00f3rmula combina tecnologia desodorante que protege contra os odores da transpira\u00e7\u00e3o com perfuma\u00e7\u00e3o que \u00e9 perfeita para o seu dia a dia. Sensa\u00e7\u00e3o de frescor e bem-estar para o corpo todo. Este produto possui refil.<\/p>\n<p><strong>Benef\u00edcios<\/strong><\/p>\n<p><strong>\u2022<\/strong>\u00a0Perfuma o corpo todo.<\/p>\n<p><strong>\u2022<\/strong>\u00a0Protege contra os odores da transpira\u00e7\u00e3o.<\/p>\n<p><strong>\u2022<\/strong>\u00a0Produto sem sal de alum\u00ednio.<\/p>\n<p><strong>\u2022<\/strong>\u00a0Embalagem leve e pr\u00e1tica com trava na tampa, para levar para onde for e usar quando quiser.<\/p>\n","protected":false},"excerpt":{"rendered":"<p>Sinta a pot\u00eancia do frescor. Experimente a refresc\u00e2ncia \u00fanica de Kaiak masculino. Este cl\u00e1ssico da perfumaria brasileira traz uma combina\u00e7\u00e3o ic\u00f4nica e atemporal de notas arom\u00e1ticas, c\u00edtricas e aquosas inspiradas na for\u00e7a das \u00e1guas. Sinta a pot\u00eancia do frescor que renova e revigora as energias. Arom\u00e1tico Aquoso Moderado Produto Vegano Dura at\u00e9 08h na pele [&hellip;]<\/p>\n","protected":false},"featured_media":20259,"comment_status":"open","ping_status":"closed","template":"","meta":{"_kadence_starter_templates_imported_post":false},"product_brand":[],"product_cat":[15,753,713,206,203],"product_tag":[946,947,444,572,234],"class_list":{"0":"post-20257","1":"product","2":"type-product","3":"status-publish","4":"has-post-thumbnail","6":"product_cat-padrao","7":"product_cat-body-spray","8":"product_cat-colonia","9":"product_cat-cosmeticos-cremes-hidradantesperfumes","10":"product_cat-natura-creme-oleo-sabonete-perfume","11":"product_tag-brasileiro","12":"product_tag-japao","13":"product_tag-kit","14":"product_tag-masculino","15":"product_tag-natura","17":"first","18":"outofstock","19":"sale","20":"shipping-taxable","21":"purchasable","22":"product-type-simple"},"_links":{"self":[{"href":"https:\/\/sfashionaccessories.com\/index.php?rest_route=\/wp\/v2\/product\/20257","targetHints":{"allow":["GET"]}}],"collection":[{"href":"https:\/\/sfashionaccessories.com\/index.php?rest_route=\/wp\/v2\/product"}],"about":[{"href":"https:\/\/sfashionaccessories.com\/index.php?rest_route=\/wp\/v2\/types\/product"}],"replies":[{"embeddable":true,"href":"https:\/\/sfashionaccessories.com\/index.php?rest_route=%2Fwp%2Fv2%2Fcomments&post=20257"}],"wp:featuredmedia":[{"embeddable":true,"href":"https:\/\/sfashionaccessories.com\/index.php?rest_route=\/wp\/v2\/media\/20259"}],"wp:attachment":[{"href":"https:\/\/sfashionaccessories.com\/index.php?rest_route=%2Fwp%2Fv2%2Fmedia&parent=20257"}],"wp:term":[{"taxonomy":"product_brand","embeddable":true,"href":"https:\/\/sfashionaccessories.com\/index.php?rest_route=%2Fwp%2Fv2%2Fproduct_brand&post=20257"},{"taxonomy":"product_cat","embeddable":true,"href":"https:\/\/sfashionaccessories.com\/index.php?rest_route=%2Fwp%2Fv2%2Fproduct_cat&post=20257"},{"taxonomy":"product_tag","embeddable":true,"href":"https:\/\/sfashionaccessories.com\/index.php?rest_route=%2Fwp%2Fv2%2Fproduct_tag&post=20257"}],"curies":[{"name":"wp","href":"https:\/\/api.w.org\/{rel}","templated":true}]}}