{"id":20333,"date":"2024-12-19T00:51:41","date_gmt":"2024-12-18T15:51:41","guid":{"rendered":"https:\/\/sfashionaccessories.com\/?post_type=product&#038;p=20333"},"modified":"2026-01-17T16:40:07","modified_gmt":"2026-01-17T07:40:07","slug":"brinco-de-bolinha-lisa-folheado-em-ouro-18k","status":"publish","type":"product","link":"https:\/\/sfashionaccessories.com\/?product=brinco-de-bolinha-lisa-folheado-em-ouro-18k","title":{"rendered":"Brinco de bolinha lisa folheado em ouro 18k"},"content":{"rendered":"<p>Um brinco b\u00e1sico que todas deveriam ter! Esse brinco de bolinha lisa folheado em ouro 18k tem uma tamanho ideal para o dia a dia e um design neutro que cabe em qualquer look e ocasi\u00e3o. Voc\u00ea pode us\u00e1-lo sozinho, ou com outro brinco no segundo furo ou at\u00e9 ele no segundo furo com uma argola no primeiro, bem fashionista!<br \/>\nDados T\u00e9cnicos<br \/>\nDi\u00e2metro: 0,5 cm<\/p>\n","protected":false},"excerpt":{"rendered":"<p>Um brinco b\u00e1sico que todas deveriam ter! Esse brinco de bolinha lisa folheado em ouro 18k tem uma tamanho ideal para o dia a dia e um design neutro que cabe em qualquer look e ocasi\u00e3o. Voc\u00ea pode us\u00e1-lo sozinho, ou com outro brinco no segundo furo ou at\u00e9 ele no segundo furo com uma [&hellip;]<\/p>\n","protected":false},"featured_media":20334,"comment_status":"open","ping_status":"closed","template":"","meta":{"_kadence_starter_templates_imported_post":false},"product_brand":[],"product_cat":[200,369,878,209],"product_tag":[182,371,232],"class_list":{"0":"post-20333","1":"product","2":"type-product","3":"status-publish","4":"has-post-thumbnail","6":"product_cat-acessorios-bijuterias-semi-joias","7":"product_cat-brincos","8":"product_cat-joias","9":"product_cat-semi-joias","10":"product_tag-acessorios","11":"product_tag-brincos","12":"product_tag-semi-joias","14":"first","15":"instock","16":"shipping-taxable","17":"purchasable","18":"product-type-simple"},"_links":{"self":[{"href":"https:\/\/sfashionaccessories.com\/index.php?rest_route=\/wp\/v2\/product\/20333","targetHints":{"allow":["GET"]}}],"collection":[{"href":"https:\/\/sfashionaccessories.com\/index.php?rest_route=\/wp\/v2\/product"}],"about":[{"href":"https:\/\/sfashionaccessories.com\/index.php?rest_route=\/wp\/v2\/types\/product"}],"replies":[{"embeddable":true,"href":"https:\/\/sfashionaccessories.com\/index.php?rest_route=%2Fwp%2Fv2%2Fcomments&post=20333"}],"wp:featuredmedia":[{"embeddable":true,"href":"https:\/\/sfashionaccessories.com\/index.php?rest_route=\/wp\/v2\/media\/20334"}],"wp:attachment":[{"href":"https:\/\/sfashionaccessories.com\/index.php?rest_route=%2Fwp%2Fv2%2Fmedia&parent=20333"}],"wp:term":[{"taxonomy":"product_brand","embeddable":true,"href":"https:\/\/sfashionaccessories.com\/index.php?rest_route=%2Fwp%2Fv2%2Fproduct_brand&post=20333"},{"taxonomy":"product_cat","embeddable":true,"href":"https:\/\/sfashionaccessories.com\/index.php?rest_route=%2Fwp%2Fv2%2Fproduct_cat&post=20333"},{"taxonomy":"product_tag","embeddable":true,"href":"https:\/\/sfashionaccessories.com\/index.php?rest_route=%2Fwp%2Fv2%2Fproduct_tag&post=20333"}],"curies":[{"name":"wp","href":"https:\/\/api.w.org\/{rel}","templated":true}]}}