{"id":20380,"date":"2024-12-20T17:38:06","date_gmt":"2024-12-20T08:38:06","guid":{"rendered":"https:\/\/sfashionaccessories.com\/?post_type=product&#038;p=20380"},"modified":"2024-12-20T18:30:04","modified_gmt":"2024-12-20T09:30:04","slug":"pingente-coracao-folheado-a-platina-branco-342647-rommanel","status":"publish","type":"product","link":"https:\/\/sfashionaccessories.com\/?product=pingente-coracao-folheado-a-platina-branco-342647-rommanel","title":{"rendered":"Pingente cora\u00e7\u00e3o folheado a platina BRANCO 342647 -Rommanel"},"content":{"rendered":"<h4>Descri\u00e7\u00e3o<\/h4>\n<div class=\"productDescription\">Rommanel Pingente formato cora\u00e7\u00e3o cravejado por 5 zirc\u00f4nias de 3,0 mm, 4 zirc\u00f4nias navetes de 2,5&#215;5 mm, 2 zirc\u00f4nias gotas de 4&#215;6 mm e 1 zirc\u00f4nia carr\u00ea de 3x3mm.<br \/>\nmed 3,0 cm x 2,3 cm<\/div>\n<div>. Banhado a platina<\/div>\n<div><\/div>\n<div>Observa\u00e7\u00e3o &#8211; Apenas o Pingente , nao acompanha a corrente.<\/div>\n<div>\n<h2><\/h2>\n<h2><span style=\"font-size: 16px;\">VIVA A FELICIDADE DO MOMENTO E FA\u00c7A DA VIDA UMA FESTA!<\/span><\/h2>\n<\/div>\n<div>COLECIONAR MOMENTOS ESPECIAIS E IMPORTANTES DE NOSSAS VIDAS. UM MOMENTO ESPECIAL CHEIO DE RENOVA\u00c7\u00c3O E BOAS ENERGIAS.<\/div>\n","protected":false},"excerpt":{"rendered":"<p>Descri\u00e7\u00e3o Rommanel Pingente formato cora\u00e7\u00e3o cravejado por 5 zirc\u00f4nias de 3,0 mm, 4 zirc\u00f4nias navetes de 2,5&#215;5 mm, 2 zirc\u00f4nias gotas de 4&#215;6 mm e 1 zirc\u00f4nia carr\u00ea de 3x3mm. med 3,0 cm x 2,3 cm . Banhado a platina Observa\u00e7\u00e3o &#8211; Apenas o Pingente , nao acompanha a corrente. VIVA A FELICIDADE DO MOMENTO [&hellip;]<\/p>\n","protected":false},"featured_media":20383,"comment_status":"open","ping_status":"closed","template":"","meta":{"_kadence_starter_templates_imported_post":false},"product_brand":[],"product_cat":[200,373,727,878,793,723,209],"product_tag":[182,879,759,724,232],"class_list":{"0":"post-20380","1":"product","2":"type-product","3":"status-publish","4":"has-post-thumbnail","6":"product_cat-acessorios-bijuterias-semi-joias","7":"product_cat-colares","8":"product_cat-gargantilha","9":"product_cat-joias","10":"product_cat-presente","11":"product_cat-rommanel","12":"product_cat-semi-joias","13":"product_tag-acessorios","14":"product_tag-joias","15":"product_tag-pingente","16":"product_tag-rommanel","17":"product_tag-semi-joias","19":"first","20":"instock","21":"sale","22":"shipping-taxable","23":"purchasable","24":"product-type-simple"},"_links":{"self":[{"href":"https:\/\/sfashionaccessories.com\/index.php?rest_route=\/wp\/v2\/product\/20380","targetHints":{"allow":["GET"]}}],"collection":[{"href":"https:\/\/sfashionaccessories.com\/index.php?rest_route=\/wp\/v2\/product"}],"about":[{"href":"https:\/\/sfashionaccessories.com\/index.php?rest_route=\/wp\/v2\/types\/product"}],"replies":[{"embeddable":true,"href":"https:\/\/sfashionaccessories.com\/index.php?rest_route=%2Fwp%2Fv2%2Fcomments&post=20380"}],"wp:featuredmedia":[{"embeddable":true,"href":"https:\/\/sfashionaccessories.com\/index.php?rest_route=\/wp\/v2\/media\/20383"}],"wp:attachment":[{"href":"https:\/\/sfashionaccessories.com\/index.php?rest_route=%2Fwp%2Fv2%2Fmedia&parent=20380"}],"wp:term":[{"taxonomy":"product_brand","embeddable":true,"href":"https:\/\/sfashionaccessories.com\/index.php?rest_route=%2Fwp%2Fv2%2Fproduct_brand&post=20380"},{"taxonomy":"product_cat","embeddable":true,"href":"https:\/\/sfashionaccessories.com\/index.php?rest_route=%2Fwp%2Fv2%2Fproduct_cat&post=20380"},{"taxonomy":"product_tag","embeddable":true,"href":"https:\/\/sfashionaccessories.com\/index.php?rest_route=%2Fwp%2Fv2%2Fproduct_tag&post=20380"}],"curies":[{"name":"wp","href":"https:\/\/api.w.org\/{rel}","templated":true}]}}