{"id":20407,"date":"2024-12-20T23:38:33","date_gmt":"2024-12-20T14:38:33","guid":{"rendered":"https:\/\/sfashionaccessories.com\/?post_type=product&#038;p=20407"},"modified":"2024-12-21T08:29:37","modified_gmt":"2024-12-20T23:29:37","slug":"bracelete-onda-banhado-a-ouro-18k-tam-60-5521156000","status":"publish","type":"product","link":"https:\/\/sfashionaccessories.com\/?product=bracelete-onda-banhado-a-ouro-18k-tam-60-5521156000","title":{"rendered":"Rommanel-BRACELETE ONDA BANHADO A OURO 18K &#8211; TAM.60 5521156000"},"content":{"rendered":"<h4>Descri\u00e7\u00e3o<\/h4>\n<div class=\"productDescription\">Bracelete formato onda com esferas vazadas nas pontas.<br \/>\nmed. 6,5 cm (externo)<br \/>\n(joia licen. cole\u00e7\u00e3o ana hickmann).<\/div>\n<div><\/div>\n<div>Material &#8211; Banhado a Ouro 18k.<\/div>\n<div>COLE\u00c7\u00c3O- C\u00e1psula Ao Mar por Ana Hickmann.<\/div>\n<div><\/div>\n<div>* Conceito &#8211; A COLE\u00c7\u00c3O BUSCA CAPTURAR A ESS\u00caNCIA DA IMENSID\u00c3O DO OCEANO TRAZENDO PAZ E TRANQUILIDADE POR MEIO DE PE\u00c7AS ELEGANTES E SOFISTICADAS. INSPIRADAS NA DIVERSIDADE DE ELEMENTOS MARINHOS, COMO CONCHAS, ESTRELA-DO-MAR, P\u00c9ROLAS E PEIXES,A COLE\u00c7\u00c3O APRESENTA DESIGNS QUE REFLETEM O BRILHO E O MOVIMENTO DAS ONDAS.<\/div>\n","protected":false},"excerpt":{"rendered":"<p>Descri\u00e7\u00e3o Bracelete formato onda com esferas vazadas nas pontas. med. 6,5 cm (externo) (joia licen. cole\u00e7\u00e3o ana hickmann). Material &#8211; Banhado a Ouro 18k. COLE\u00c7\u00c3O- C\u00e1psula Ao Mar por Ana Hickmann. * Conceito &#8211; A COLE\u00c7\u00c3O BUSCA CAPTURAR A ESS\u00caNCIA DA IMENSID\u00c3O DO OCEANO TRAZENDO PAZ E TRANQUILIDADE POR MEIO DE PE\u00c7AS ELEGANTES E SOFISTICADAS. [&hellip;]<\/p>\n","protected":false},"featured_media":20410,"comment_status":"open","ping_status":"closed","template":"","meta":{"_kadence_starter_templates_imported_post":false},"product_brand":[],"product_cat":[200,293,878,793,372,723,209],"product_tag":[950,374,395,728,724,232],"class_list":{"0":"post-20407","1":"product","2":"type-product","3":"status-publish","4":"has-post-thumbnail","6":"product_cat-acessorios-bijuterias-semi-joias","7":"product_cat-feminino","8":"product_cat-joias","9":"product_cat-presente","10":"product_cat-pulseiras","11":"product_cat-rommanel","12":"product_cat-semi-joias","13":"product_tag-bracelet","14":"product_tag-colar","15":"product_tag-feminino","16":"product_tag-gargantilha","17":"product_tag-rommanel","18":"product_tag-semi-joias","20":"first","21":"instock","22":"shipping-taxable","23":"purchasable","24":"product-type-simple"},"_links":{"self":[{"href":"https:\/\/sfashionaccessories.com\/index.php?rest_route=\/wp\/v2\/product\/20407","targetHints":{"allow":["GET"]}}],"collection":[{"href":"https:\/\/sfashionaccessories.com\/index.php?rest_route=\/wp\/v2\/product"}],"about":[{"href":"https:\/\/sfashionaccessories.com\/index.php?rest_route=\/wp\/v2\/types\/product"}],"replies":[{"embeddable":true,"href":"https:\/\/sfashionaccessories.com\/index.php?rest_route=%2Fwp%2Fv2%2Fcomments&post=20407"}],"wp:featuredmedia":[{"embeddable":true,"href":"https:\/\/sfashionaccessories.com\/index.php?rest_route=\/wp\/v2\/media\/20410"}],"wp:attachment":[{"href":"https:\/\/sfashionaccessories.com\/index.php?rest_route=%2Fwp%2Fv2%2Fmedia&parent=20407"}],"wp:term":[{"taxonomy":"product_brand","embeddable":true,"href":"https:\/\/sfashionaccessories.com\/index.php?rest_route=%2Fwp%2Fv2%2Fproduct_brand&post=20407"},{"taxonomy":"product_cat","embeddable":true,"href":"https:\/\/sfashionaccessories.com\/index.php?rest_route=%2Fwp%2Fv2%2Fproduct_cat&post=20407"},{"taxonomy":"product_tag","embeddable":true,"href":"https:\/\/sfashionaccessories.com\/index.php?rest_route=%2Fwp%2Fv2%2Fproduct_tag&post=20407"}],"curies":[{"name":"wp","href":"https:\/\/api.w.org\/{rel}","templated":true}]}}