{"id":20446,"date":"2024-12-22T10:51:49","date_gmt":"2024-12-22T01:51:49","guid":{"rendered":"https:\/\/sfashionaccessories.com\/?post_type=product&#038;p=20446"},"modified":"2026-04-12T20:30:25","modified_gmt":"2026-04-12T11:30:25","slug":"desodorante-rollon-antitranspirante-noz-peca-e-cacau-tododia-70ml","status":"publish","type":"product","link":"https:\/\/sfashionaccessories.com\/?product=desodorante-rollon-antitranspirante-noz-peca-e-cacau-tododia-70ml","title":{"rendered":"Desodorante Rollon Antitranspirante Noz Pec\u00e3 e Cacau TodoDia 70ml"},"content":{"rendered":"<div class=\"sc-iGgWBj jEOEJZ sc-gazJty dMiPPH\" data-testid=\"product-detail-description\">\n<div class=\"sc-iGgWBj eWtIHQ sc-iBFXXM ERSAf\" data-testid=\"rich-content-container\">Prote\u00e7\u00e3o eficaz e fragr\u00e2ncia confort\u00e1vel para o seu dia a dia. O Desodorante Rollon Antitranspirante Noz Pec\u00e3 e Cacau TodoDia 70ml, da linha Natura TodoDia, oferece 48 horas de prote\u00e7\u00e3o contra o suor e os odores, enquanto cuida delicadamente da sua pele. Ideal para quem busca praticidade, cuidado e uma fragr\u00e2ncia aconchegante.<br \/>\nCaracter\u00edsticas:Prote\u00e7\u00e3o prolongada: Efic\u00e1cia antitranspirante de at\u00e9 48 horas.<br \/>\nFragr\u00e2ncia envolvente: Notas de noz-pec\u00e3 e cacau que trazem conforto e sofistica\u00e7\u00e3o.<br \/>\nCuida da pele: F\u00f3rmula dermatologicamente testada, com ingredientes que respeitam a pele sens\u00edvel das axilas.<br \/>\nTextura suave: R\u00e1pida absor\u00e7\u00e3o, sem deixar sensa\u00e7\u00e3o pegajosa.<br \/>\nPraticidade no dia a dia: Embalagem compacta e f\u00e1cil de aplicar.<\/p>\n<\/div>\n<\/div>\n","protected":false},"excerpt":{"rendered":"<p>Prote\u00e7\u00e3o eficaz e fragr\u00e2ncia confort\u00e1vel para o seu dia a dia. O Desodorante Rollon Antitranspirante Noz Pec\u00e3 e Cacau TodoDia 70ml, da linha Natura TodoDia, oferece 48 horas de prote\u00e7\u00e3o contra o suor e os odores, enquanto cuida delicadamente da sua pele. Ideal para quem busca praticidade, cuidado e uma fragr\u00e2ncia aconchegante. Caracter\u00edsticas:Prote\u00e7\u00e3o prolongada: Efic\u00e1cia [&hellip;]<\/p>\n","protected":false},"featured_media":20450,"comment_status":"open","ping_status":"closed","template":"","meta":{"_kadence_starter_templates_imported_post":false},"product_brand":[],"product_cat":[206,276,213,203],"product_tag":[272,239,234],"class_list":{"0":"post-20446","1":"product","2":"type-product","3":"status-publish","4":"has-post-thumbnail","6":"product_cat-cosmeticos-cremes-hidradantesperfumes","7":"product_cat-desodorante","8":"product_cat-desodorantes-anti-transpirantes","9":"product_cat-natura-creme-oleo-sabonete-perfume","10":"product_tag-cosmeticos","11":"product_tag-desodorante","12":"product_tag-natura","14":"first","15":"instock","16":"shipping-taxable","17":"purchasable","18":"product-type-simple"},"_links":{"self":[{"href":"https:\/\/sfashionaccessories.com\/index.php?rest_route=\/wp\/v2\/product\/20446","targetHints":{"allow":["GET"]}}],"collection":[{"href":"https:\/\/sfashionaccessories.com\/index.php?rest_route=\/wp\/v2\/product"}],"about":[{"href":"https:\/\/sfashionaccessories.com\/index.php?rest_route=\/wp\/v2\/types\/product"}],"replies":[{"embeddable":true,"href":"https:\/\/sfashionaccessories.com\/index.php?rest_route=%2Fwp%2Fv2%2Fcomments&post=20446"}],"wp:featuredmedia":[{"embeddable":true,"href":"https:\/\/sfashionaccessories.com\/index.php?rest_route=\/wp\/v2\/media\/20450"}],"wp:attachment":[{"href":"https:\/\/sfashionaccessories.com\/index.php?rest_route=%2Fwp%2Fv2%2Fmedia&parent=20446"}],"wp:term":[{"taxonomy":"product_brand","embeddable":true,"href":"https:\/\/sfashionaccessories.com\/index.php?rest_route=%2Fwp%2Fv2%2Fproduct_brand&post=20446"},{"taxonomy":"product_cat","embeddable":true,"href":"https:\/\/sfashionaccessories.com\/index.php?rest_route=%2Fwp%2Fv2%2Fproduct_cat&post=20446"},{"taxonomy":"product_tag","embeddable":true,"href":"https:\/\/sfashionaccessories.com\/index.php?rest_route=%2Fwp%2Fv2%2Fproduct_tag&post=20446"}],"curies":[{"name":"wp","href":"https:\/\/api.w.org\/{rel}","templated":true}]}}