{"id":20537,"date":"2024-12-23T01:10:31","date_gmt":"2024-12-22T16:10:31","guid":{"rendered":"https:\/\/sfashionaccessories.com\/?post_type=product&#038;p=20537"},"modified":"2025-12-23T18:24:02","modified_gmt":"2025-12-23T09:24:02","slug":"lancamento-lily-gardenia-eau-de-parfum-75ml","status":"publish","type":"product","link":"https:\/\/sfashionaccessories.com\/?product=lancamento-lily-gardenia-eau-de-parfum-75ml","title":{"rendered":"Lan\u00e7amento Lily Gard\u00e9nia Eau de Parfum 75ml"},"content":{"rendered":"<h2 class=\"product-description-name\">Lily Gard\u00e9nia Eau de Parfum 75ml<\/h2>\n<div class=\"product-description-content reset-allow-bold\">\n<p>Lily acredita que, quando a mulher \u00e9 protagonista da pr\u00f3pria vida, ela se torna a sua melhor vers\u00e3o.<\/p>\n<p><strong>Lily Gard\u00e9nia Eau de Parfum<\/strong>\u00a0traz em sua assinatura a pot\u00eancia do encontro de\u00a0<strong>Flores brancas\u00a0<\/strong>majestosas: a exuber\u00e2ncia da\u00a0<strong>Gard\u00eania<\/strong>\u00a0\u00e9 combinada \u00e0 for\u00e7a do<strong>\u00a0L\u00edrio\u00a0<\/strong>e das madeiras cremosas em uma fragr\u00e2ncia rica, marcante e intensa.<\/p>\n<p>O<strong>\u00a0novo processo de co-enfleurage\u00a0<\/strong>traz a fus\u00e3o do \u00f3leo essencial das<strong>\u00a0Flores de L\u00edrio\u00a0<\/strong>com a riqueza olfativa da\u00a0<strong>Gard\u00eania<\/strong>\u00a0por meio de uma extra\u00e7\u00e3o artesanal e exclusiva, que adiciona ainda mais sofistica\u00e7\u00e3o ao\u00a0<strong>bouquet floral branco de Lily<\/strong>.<\/p>\n<p>O frasco foi desenhado e produzido na Fran\u00e7a, ber\u00e7o da<strong>\u00a0perfumaria<\/strong>\u00a0mundial.<\/p>\n<p>Um eau de parfum para exaltar mulheres com intensidade e personalidade \u00fanicas.<\/p>\n<p><strong>Fam\u00edlia Olfativa:<\/strong>\u00a0Floral Amadeirado<\/p>\n<\/div>\n","protected":false},"excerpt":{"rendered":"<p>Lily Gard\u00e9nia Eau de Parfum 75ml Lily acredita que, quando a mulher \u00e9 protagonista da pr\u00f3pria vida, ela se torna a sua melhor vers\u00e3o. Lily Gard\u00e9nia Eau de Parfum\u00a0traz em sua assinatura a pot\u00eancia do encontro de\u00a0Flores brancas\u00a0majestosas: a exuber\u00e2ncia da\u00a0Gard\u00eania\u00a0\u00e9 combinada \u00e0 for\u00e7a do\u00a0L\u00edrio\u00a0e das madeiras cremosas em uma fragr\u00e2ncia rica, marcante e intensa. [&hellip;]<\/p>\n","protected":false},"featured_media":20538,"comment_status":"open","ping_status":"closed","template":"","meta":{"_kadence_starter_templates_imported_post":false},"product_brand":[],"product_cat":[206,293,282,295,793,254],"product_tag":[338,871,233],"class_list":{"0":"post-20537","1":"product","2":"type-product","3":"status-publish","4":"has-post-thumbnail","6":"product_cat-cosmeticos-cremes-hidradantesperfumes","7":"product_cat-feminino","8":"product_cat-o-boticario","9":"product_cat-o-boticario-2","10":"product_cat-presente","11":"product_cat-promocoes-descontos","12":"product_tag-boticario","13":"product_tag-cosmetico","14":"product_tag-perfume","16":"first","17":"instock","18":"sale","19":"shipping-taxable","20":"purchasable","21":"product-type-simple"},"_links":{"self":[{"href":"https:\/\/sfashionaccessories.com\/index.php?rest_route=\/wp\/v2\/product\/20537","targetHints":{"allow":["GET"]}}],"collection":[{"href":"https:\/\/sfashionaccessories.com\/index.php?rest_route=\/wp\/v2\/product"}],"about":[{"href":"https:\/\/sfashionaccessories.com\/index.php?rest_route=\/wp\/v2\/types\/product"}],"replies":[{"embeddable":true,"href":"https:\/\/sfashionaccessories.com\/index.php?rest_route=%2Fwp%2Fv2%2Fcomments&post=20537"}],"wp:featuredmedia":[{"embeddable":true,"href":"https:\/\/sfashionaccessories.com\/index.php?rest_route=\/wp\/v2\/media\/20538"}],"wp:attachment":[{"href":"https:\/\/sfashionaccessories.com\/index.php?rest_route=%2Fwp%2Fv2%2Fmedia&parent=20537"}],"wp:term":[{"taxonomy":"product_brand","embeddable":true,"href":"https:\/\/sfashionaccessories.com\/index.php?rest_route=%2Fwp%2Fv2%2Fproduct_brand&post=20537"},{"taxonomy":"product_cat","embeddable":true,"href":"https:\/\/sfashionaccessories.com\/index.php?rest_route=%2Fwp%2Fv2%2Fproduct_cat&post=20537"},{"taxonomy":"product_tag","embeddable":true,"href":"https:\/\/sfashionaccessories.com\/index.php?rest_route=%2Fwp%2Fv2%2Fproduct_tag&post=20537"}],"curies":[{"name":"wp","href":"https:\/\/api.w.org\/{rel}","templated":true}]}}