{"id":20635,"date":"2025-01-05T16:31:19","date_gmt":"2025-01-05T07:31:19","guid":{"rendered":"https:\/\/sfashionaccessories.com\/?post_type=product&#038;p=20635"},"modified":"2025-12-10T12:22:40","modified_gmt":"2025-12-10T03:22:40","slug":"colar-filho-2-meninas-classico-cravejado-bijuteria","status":"publish","type":"product","link":"https:\/\/sfashionaccessories.com\/?product=colar-filho-2-meninas-classico-cravejado-bijuteria","title":{"rendered":"Colar Filho 2 Meninas Cl\u00e1ssico Cravejado Bijuteria."},"content":{"rendered":"<p>Leve seus filhos no cora\u00e7\u00e3o.<\/p>\n<p>Usar um colar que representa seus filhos \u00e9 uma forma simples e carinhosa de demonstrar o seu amor.<\/p>\n<p>Colar com pingente cora\u00e7\u00e3o e p\u00eandulo com filhos cravejados em zirc\u00f4nias bijuteira de alta qualidade .<\/p>\n<p>Acabamento perfeito.<\/p>\n","protected":false},"excerpt":{"rendered":"<p>Leve seus filhos no cora\u00e7\u00e3o. Usar um colar que representa seus filhos \u00e9 uma forma simples e carinhosa de demonstrar o seu amor. Colar com pingente cora\u00e7\u00e3o e p\u00eandulo com filhos cravejados em zirc\u00f4nias bijuteira de alta qualidade . Acabamento perfeito.<\/p>\n","protected":false},"featured_media":22385,"comment_status":"open","ping_status":"closed","template":"","meta":{"_kadence_starter_templates_imported_post":false},"product_brand":[],"product_cat":[200,373,293,727],"product_tag":[182,187,374,952,728],"class_list":{"0":"post-20635","1":"product","2":"type-product","3":"status-publish","4":"has-post-thumbnail","6":"product_cat-acessorios-bijuterias-semi-joias","7":"product_cat-colares","8":"product_cat-feminino","9":"product_cat-gargantilha","10":"product_tag-acessorios","11":"product_tag-bijuteria","12":"product_tag-colar","13":"product_tag-filhos","14":"product_tag-gargantilha","16":"first","17":"instock","18":"shipping-taxable","19":"purchasable","20":"product-type-simple"},"_links":{"self":[{"href":"https:\/\/sfashionaccessories.com\/index.php?rest_route=\/wp\/v2\/product\/20635","targetHints":{"allow":["GET"]}}],"collection":[{"href":"https:\/\/sfashionaccessories.com\/index.php?rest_route=\/wp\/v2\/product"}],"about":[{"href":"https:\/\/sfashionaccessories.com\/index.php?rest_route=\/wp\/v2\/types\/product"}],"replies":[{"embeddable":true,"href":"https:\/\/sfashionaccessories.com\/index.php?rest_route=%2Fwp%2Fv2%2Fcomments&post=20635"}],"wp:featuredmedia":[{"embeddable":true,"href":"https:\/\/sfashionaccessories.com\/index.php?rest_route=\/wp\/v2\/media\/22385"}],"wp:attachment":[{"href":"https:\/\/sfashionaccessories.com\/index.php?rest_route=%2Fwp%2Fv2%2Fmedia&parent=20635"}],"wp:term":[{"taxonomy":"product_brand","embeddable":true,"href":"https:\/\/sfashionaccessories.com\/index.php?rest_route=%2Fwp%2Fv2%2Fproduct_brand&post=20635"},{"taxonomy":"product_cat","embeddable":true,"href":"https:\/\/sfashionaccessories.com\/index.php?rest_route=%2Fwp%2Fv2%2Fproduct_cat&post=20635"},{"taxonomy":"product_tag","embeddable":true,"href":"https:\/\/sfashionaccessories.com\/index.php?rest_route=%2Fwp%2Fv2%2Fproduct_tag&post=20635"}],"curies":[{"name":"wp","href":"https:\/\/api.w.org\/{rel}","templated":true}]}}