{"id":20705,"date":"2025-01-11T15:28:19","date_gmt":"2025-01-11T06:28:19","guid":{"rendered":"https:\/\/sfashionaccessories.com\/?post_type=product&#038;p=20705"},"modified":"2025-05-10T18:20:23","modified_gmt":"2025-05-10T09:20:23","slug":"hidratante-corporal-perfumado-essencial-supreme-200g","status":"publish","type":"product","link":"https:\/\/sfashionaccessories.com\/?product=hidratante-corporal-perfumado-essencial-supreme-200g","title":{"rendered":"Hidratante Corporal Perfumado Essencial Supreme &#8211; 200g"},"content":{"rendered":"<p>Essencial \u00e9 poder ser.Prolongue para todo o corpo a experi\u00eancia \u00fanica da fragr\u00e2ncia envolvente e marcante de Essencial Supreme. A sofistica\u00e7\u00e3o imponente do Oud, madeira mais nobre do mundo, com as notas adocicadas e licorosas da preciosa vanilla, envoltas por um magn\u00edfico buque floral de rosa, muguet e jasmim. Uma f\u00f3rmula exclusiva que possui alta explos\u00e3o de fragr\u00e2ncia e hidrata intensamente por at\u00e9 48 horas, deixando a pele macia com toque aveludado e naturalmente iluminada.<\/p>\n","protected":false},"excerpt":{"rendered":"<p>Essencial \u00e9 poder ser.Prolongue para todo o corpo a experi\u00eancia \u00fanica da fragr\u00e2ncia envolvente e marcante de Essencial Supreme. A sofistica\u00e7\u00e3o imponente do Oud, madeira mais nobre do mundo, com as notas adocicadas e licorosas da preciosa vanilla, envoltas por um magn\u00edfico buque floral de rosa, muguet e jasmim. Uma f\u00f3rmula exclusiva que possui alta [&hellip;]<\/p>\n","protected":false},"featured_media":20708,"comment_status":"open","ping_status":"closed","template":"","meta":{"_kadence_starter_templates_imported_post":false},"product_brand":[],"product_cat":[206,214,203],"product_tag":[272,195,234],"class_list":{"0":"post-20705","1":"product","2":"type-product","3":"status-publish","4":"has-post-thumbnail","6":"product_cat-cosmeticos-cremes-hidradantesperfumes","7":"product_cat-hidratantes-cremes-corporal","8":"product_cat-natura-creme-oleo-sabonete-perfume","9":"product_tag-cosmeticos","10":"product_tag-creme-hidratante","11":"product_tag-natura","13":"first","14":"outofstock","15":"shipping-taxable","16":"purchasable","17":"product-type-simple"},"_links":{"self":[{"href":"https:\/\/sfashionaccessories.com\/index.php?rest_route=\/wp\/v2\/product\/20705","targetHints":{"allow":["GET"]}}],"collection":[{"href":"https:\/\/sfashionaccessories.com\/index.php?rest_route=\/wp\/v2\/product"}],"about":[{"href":"https:\/\/sfashionaccessories.com\/index.php?rest_route=\/wp\/v2\/types\/product"}],"replies":[{"embeddable":true,"href":"https:\/\/sfashionaccessories.com\/index.php?rest_route=%2Fwp%2Fv2%2Fcomments&post=20705"}],"wp:featuredmedia":[{"embeddable":true,"href":"https:\/\/sfashionaccessories.com\/index.php?rest_route=\/wp\/v2\/media\/20708"}],"wp:attachment":[{"href":"https:\/\/sfashionaccessories.com\/index.php?rest_route=%2Fwp%2Fv2%2Fmedia&parent=20705"}],"wp:term":[{"taxonomy":"product_brand","embeddable":true,"href":"https:\/\/sfashionaccessories.com\/index.php?rest_route=%2Fwp%2Fv2%2Fproduct_brand&post=20705"},{"taxonomy":"product_cat","embeddable":true,"href":"https:\/\/sfashionaccessories.com\/index.php?rest_route=%2Fwp%2Fv2%2Fproduct_cat&post=20705"},{"taxonomy":"product_tag","embeddable":true,"href":"https:\/\/sfashionaccessories.com\/index.php?rest_route=%2Fwp%2Fv2%2Fproduct_tag&post=20705"}],"curies":[{"name":"wp","href":"https:\/\/api.w.org\/{rel}","templated":true}]}}