{"id":20720,"date":"2026-03-18T10:05:10","date_gmt":"2026-03-18T01:05:10","guid":{"rendered":"https:\/\/sfashionaccessories.com\/?post_type=product&#038;p=20720"},"modified":"2026-03-27T15:00:23","modified_gmt":"2026-03-27T06:00:23","slug":"egeo-choc-high-90ml","status":"publish","type":"product","link":"https:\/\/sfashionaccessories.com\/?product=egeo-choc-high-90ml","title":{"rendered":"Egeo choc High 90Ml"},"content":{"rendered":"<p><span class=\"sc-dcJsrY jZKEso\" data-testid=\"product-detail-title\">Egeo choc HIGH 90Ml lan\u00e7amento 2024 O Botic\u00e1rio edi\u00e7\u00e3o limitada<\/span><\/p>\n<div class=\"sc-iGgWBj jEOEJZ sc-ldMllC ePodBm\" data-testid=\"product-detail-description\">\n<div class=\"sc-iGgWBj eWtIHQ sc-goswLM cJRdIi\" data-testid=\"rich-content-container\">Detalhes Egeo Choc High Desodorante Col\u00f4nia 90ml Egeo Choc High Desodorante Col\u00f4nia te convida a curtir as experi\u00eancias no modo m\u00e1ximo! Que cheirinho tem? O Chocolate cremoso como protagonista combinado ao brilho azedinho do Morango e o Extrato de Cacau, que traduz o efeito sugar high, que inspira voc\u00ea a despertar energia* e muita divers\u00e3o para aproveitar a vida na m\u00e1xima pot\u00eancia*. Dopamine-se! Essa nova leitura com nuances de frescor do chocolate, o docinho que sempre est\u00e1 presente nos melhores momentos, \u00e9 compartilh\u00e1vel, e traz uma fragr\u00e2ncia equilibrada do seu Egeo Choc favorito. Essa nova vers\u00e3o do queridinho Egeo Choc traz o equil\u00edbrio do chocolate com o morango e \u00e9 uma fragr\u00e2ncia compartilh\u00e1vel, entregando aquele docinho viciante que sempre est\u00e1 presente nos melhores momentos. Vem se deliciar com a energia do Egeo Choc High! Fam\u00edlia Olfativa: Oriental Gourmand<\/div>\n<\/div>\n","protected":false},"excerpt":{"rendered":"<p>Egeo choc HIGH 90Ml lan\u00e7amento 2024 O Botic\u00e1rio edi\u00e7\u00e3o limitada Detalhes Egeo Choc High Desodorante Col\u00f4nia 90ml Egeo Choc High Desodorante Col\u00f4nia te convida a curtir as experi\u00eancias no modo m\u00e1ximo! Que cheirinho tem? O Chocolate cremoso como protagonista combinado ao brilho azedinho do Morango e o Extrato de Cacau, que traduz o efeito sugar [&hellip;]<\/p>\n","protected":false},"featured_media":20719,"comment_status":"open","ping_status":"closed","template":"","meta":{"_kadence_starter_templates_imported_post":false},"product_brand":[],"product_cat":[206,282,295],"product_tag":[272,284,233],"class_list":{"0":"post-20720","1":"product","2":"type-product","3":"status-publish","4":"has-post-thumbnail","6":"product_cat-cosmeticos-cremes-hidradantesperfumes","7":"product_cat-o-boticario","8":"product_cat-o-boticario-2","9":"product_tag-cosmeticos","10":"product_tag-o-boticario","11":"product_tag-perfume","13":"first","14":"instock","15":"sale","16":"shipping-taxable","17":"purchasable","18":"product-type-simple"},"_links":{"self":[{"href":"https:\/\/sfashionaccessories.com\/index.php?rest_route=\/wp\/v2\/product\/20720","targetHints":{"allow":["GET"]}}],"collection":[{"href":"https:\/\/sfashionaccessories.com\/index.php?rest_route=\/wp\/v2\/product"}],"about":[{"href":"https:\/\/sfashionaccessories.com\/index.php?rest_route=\/wp\/v2\/types\/product"}],"replies":[{"embeddable":true,"href":"https:\/\/sfashionaccessories.com\/index.php?rest_route=%2Fwp%2Fv2%2Fcomments&post=20720"}],"wp:featuredmedia":[{"embeddable":true,"href":"https:\/\/sfashionaccessories.com\/index.php?rest_route=\/wp\/v2\/media\/20719"}],"wp:attachment":[{"href":"https:\/\/sfashionaccessories.com\/index.php?rest_route=%2Fwp%2Fv2%2Fmedia&parent=20720"}],"wp:term":[{"taxonomy":"product_brand","embeddable":true,"href":"https:\/\/sfashionaccessories.com\/index.php?rest_route=%2Fwp%2Fv2%2Fproduct_brand&post=20720"},{"taxonomy":"product_cat","embeddable":true,"href":"https:\/\/sfashionaccessories.com\/index.php?rest_route=%2Fwp%2Fv2%2Fproduct_cat&post=20720"},{"taxonomy":"product_tag","embeddable":true,"href":"https:\/\/sfashionaccessories.com\/index.php?rest_route=%2Fwp%2Fv2%2Fproduct_tag&post=20720"}],"curies":[{"name":"wp","href":"https:\/\/api.w.org\/{rel}","templated":true}]}}