{"id":20726,"date":"2026-03-18T12:28:05","date_gmt":"2026-03-18T03:28:05","guid":{"rendered":"https:\/\/sfashionaccessories.com\/?post_type=product&#038;p=20726"},"modified":"2026-03-22T20:35:20","modified_gmt":"2026-03-22T11:35:20","slug":"luna-desodorante-colonia-75-ml-edicao-especial-10-anos","status":"publish","type":"product","link":"https:\/\/sfashionaccessories.com\/?product=luna-desodorante-colonia-75-ml-edicao-especial-10-anos","title":{"rendered":"Luna Desodorante Col\u00f4nia 75 ml &#8211; Edi\u00e7\u00e3o especial 10 anos"},"content":{"rendered":"<p>A perfuma\u00e7\u00e3o ic\u00f4nica de Luna em embalagem de edi\u00e7\u00e3o especial.<\/p>\n<p>Em comemora\u00e7\u00e3o aos 10 anos da marca Luna, criamos uma linha especial de produtos com embalagens comemorativas lindas, perfeito para presentear ou colecionar. O Desodorante Col\u00f4nia Luna \u00e9 uma interpreta\u00e7\u00e3o brasileira de personalidade \u00fanica da fragr\u00e2ncia chipre, caminho olfativo que \u00e9 um cl\u00e1ssico mundial.<\/p>\n<p>Fragr\u00e2ncia:<\/p>\n<p>Uma col\u00f4nia com fundo amadeirado que harmoniza perfeitamente com frutas vermelhas e um toque floral superfeminino. Essa combina\u00e7\u00e3o resulta em um aroma ic\u00f4nico, sensual e marcante, ideal para quem deseja se destacar por meio de um chipre frutal moderado.<\/p>\n<p>Gota olfativa:<\/p>\n<p>Sa\u00edda: frutas vermelhas, ma\u00e7\u00e3, p\u00eassego, ameixa, pimenta-rosa e \u00f3leo de mandarina-italiana. Corpo: jasmim-sambac, jasmim do Egito, \u00f3leo de n\u00e9roli da Tun\u00edsia, rosa e \u00f3leo de rosa da Turquia. \u200bFundo: patchouli heart, musk, cedro, \u00e2mbar, veltol e baunilha.<\/p>\n","protected":false},"excerpt":{"rendered":"<p>A perfuma\u00e7\u00e3o ic\u00f4nica de Luna em embalagem de edi\u00e7\u00e3o especial. Em comemora\u00e7\u00e3o aos 10 anos da marca Luna, criamos uma linha especial de produtos com embalagens comemorativas lindas, perfeito para presentear ou colecionar. O Desodorante Col\u00f4nia Luna \u00e9 uma interpreta\u00e7\u00e3o brasileira de personalidade \u00fanica da fragr\u00e2ncia chipre, caminho olfativo que \u00e9 um cl\u00e1ssico mundial. Fragr\u00e2ncia: [&hellip;]<\/p>\n","protected":false},"featured_media":20725,"comment_status":"open","ping_status":"closed","template":"","meta":{"_kadence_starter_templates_imported_post":false},"product_brand":[],"product_cat":[206,203,231],"product_tag":[272,234,233],"class_list":{"0":"post-20726","1":"product","2":"type-product","3":"status-publish","4":"has-post-thumbnail","6":"product_cat-cosmeticos-cremes-hidradantesperfumes","7":"product_cat-natura-creme-oleo-sabonete-perfume","8":"product_cat-perfumes-natura","9":"product_tag-cosmeticos","10":"product_tag-natura","11":"product_tag-perfume","13":"first","14":"instock","15":"sale","16":"shipping-taxable","17":"purchasable","18":"product-type-simple"},"_links":{"self":[{"href":"https:\/\/sfashionaccessories.com\/index.php?rest_route=\/wp\/v2\/product\/20726","targetHints":{"allow":["GET"]}}],"collection":[{"href":"https:\/\/sfashionaccessories.com\/index.php?rest_route=\/wp\/v2\/product"}],"about":[{"href":"https:\/\/sfashionaccessories.com\/index.php?rest_route=\/wp\/v2\/types\/product"}],"replies":[{"embeddable":true,"href":"https:\/\/sfashionaccessories.com\/index.php?rest_route=%2Fwp%2Fv2%2Fcomments&post=20726"}],"wp:featuredmedia":[{"embeddable":true,"href":"https:\/\/sfashionaccessories.com\/index.php?rest_route=\/wp\/v2\/media\/20725"}],"wp:attachment":[{"href":"https:\/\/sfashionaccessories.com\/index.php?rest_route=%2Fwp%2Fv2%2Fmedia&parent=20726"}],"wp:term":[{"taxonomy":"product_brand","embeddable":true,"href":"https:\/\/sfashionaccessories.com\/index.php?rest_route=%2Fwp%2Fv2%2Fproduct_brand&post=20726"},{"taxonomy":"product_cat","embeddable":true,"href":"https:\/\/sfashionaccessories.com\/index.php?rest_route=%2Fwp%2Fv2%2Fproduct_cat&post=20726"},{"taxonomy":"product_tag","embeddable":true,"href":"https:\/\/sfashionaccessories.com\/index.php?rest_route=%2Fwp%2Fv2%2Fproduct_tag&post=20726"}],"curies":[{"name":"wp","href":"https:\/\/api.w.org\/{rel}","templated":true}]}}