{"id":20799,"date":"2025-01-29T14:19:25","date_gmt":"2025-01-29T05:19:25","guid":{"rendered":"https:\/\/sfashionaccessories.com\/?post_type=product&#038;p=20799"},"modified":"2025-08-11T15:22:29","modified_gmt":"2025-08-11T06:22:29","slug":"cropped-pit-bull-jeans-63903","status":"publish","type":"product","link":"https:\/\/sfashionaccessories.com\/?product=cropped-pit-bull-jeans-63903","title":{"rendered":"Cropped Pit Bull Jeans 63903"},"content":{"rendered":"<p>Cropped\u00a0 com bojo interno remov\u00edvel, decote estruturado que garante destaque para o busto e el\u00e1stico interno que modela a cintura, proporcionando toda a sensualidade para o seu look! Possui logomania que d\u00e1 a exclusividade e o DNA ousado da Pit Bull Jeans.<\/p>\n","protected":false},"excerpt":{"rendered":"<p>Cropped\u00a0 com bojo interno remov\u00edvel, decote estruturado que garante destaque para o busto e el\u00e1stico interno que modela a cintura, proporcionando toda a sensualidade para o seu look! Possui logomania que d\u00e1 a exclusividade e o DNA ousado da Pit Bull Jeans.<\/p>\n","protected":false},"featured_media":20801,"comment_status":"open","ping_status":"closed","template":"","meta":{"_kadence_starter_templates_imported_post":false},"product_brand":[],"product_cat":[172,43,65,743,293,201,28,254],"product_tag":[107,474,243],"class_list":{"0":"post-20799","1":"product","2":"type-product","3":"status-publish","4":"has-post-thumbnail","6":"product_cat-blusas-tops-e-camisetas","7":"product_cat-blusas-camisetas-femininas","8":"product_cat-fitness-blusas-top","9":"product_cat-cropped","10":"product_cat-feminino","11":"product_cat-fitnessacademia-legging-top","12":"product_cat-pit-bull","13":"product_cat-promocoes-descontos","14":"product_tag-blusa-top","15":"product_tag-cropped","16":"product_tag-pitbull","18":"first","19":"instock","20":"sale","21":"shipping-taxable","22":"purchasable","23":"product-type-variable"},"_links":{"self":[{"href":"https:\/\/sfashionaccessories.com\/index.php?rest_route=\/wp\/v2\/product\/20799","targetHints":{"allow":["GET"]}}],"collection":[{"href":"https:\/\/sfashionaccessories.com\/index.php?rest_route=\/wp\/v2\/product"}],"about":[{"href":"https:\/\/sfashionaccessories.com\/index.php?rest_route=\/wp\/v2\/types\/product"}],"replies":[{"embeddable":true,"href":"https:\/\/sfashionaccessories.com\/index.php?rest_route=%2Fwp%2Fv2%2Fcomments&post=20799"}],"wp:featuredmedia":[{"embeddable":true,"href":"https:\/\/sfashionaccessories.com\/index.php?rest_route=\/wp\/v2\/media\/20801"}],"wp:attachment":[{"href":"https:\/\/sfashionaccessories.com\/index.php?rest_route=%2Fwp%2Fv2%2Fmedia&parent=20799"}],"wp:term":[{"taxonomy":"product_brand","embeddable":true,"href":"https:\/\/sfashionaccessories.com\/index.php?rest_route=%2Fwp%2Fv2%2Fproduct_brand&post=20799"},{"taxonomy":"product_cat","embeddable":true,"href":"https:\/\/sfashionaccessories.com\/index.php?rest_route=%2Fwp%2Fv2%2Fproduct_cat&post=20799"},{"taxonomy":"product_tag","embeddable":true,"href":"https:\/\/sfashionaccessories.com\/index.php?rest_route=%2Fwp%2Fv2%2Fproduct_tag&post=20799"}],"curies":[{"name":"wp","href":"https:\/\/api.w.org\/{rel}","templated":true}]}}