{"id":20840,"date":"2025-02-04T17:32:15","date_gmt":"2025-02-04T08:32:15","guid":{"rendered":"https:\/\/sfashionaccessories.com\/?post_type=product&#038;p=20840"},"modified":"2025-11-15T17:28:15","modified_gmt":"2025-11-15T08:28:15","slug":"nectar-desodorante-hidratante-corporal-ekos-maracuja-natureza-dos-sonhos","status":"publish","type":"product","link":"https:\/\/sfashionaccessories.com\/?product=nectar-desodorante-hidratante-corporal-ekos-maracuja-natureza-dos-sonhos","title":{"rendered":"N\u00e9ctar Desodorante Hidratante Corporal Ekos Maracuj\u00e1 Natureza dos Sonhos"},"content":{"rendered":"<div class=\"relative flex\">\n<div class=\"flex gap-2 items-center\"><span class=\"text-sm font-bold\">\u00c0 noite o maracuj\u00e1 tamb\u00e9m sonha.<\/span><\/div>\n<\/div>\n<div class=\"relative flex\">\n<div class=\"flex gap-2 items-center\"><span class=\"text-sm\">al\u00e9m de acalmar, proteger e hidratar a pele, o N\u00e9ctar Desodorante Hidratante para o Corpo Ekos Maracuj\u00e1 Natureza dos Sonhos perfuma o corpo em uma experi\u00eancia in\u00e9dita. sua f\u00f3rmula cont\u00e9m extrato arom\u00e1tico do maracuj\u00e1 noturno, revelando notas olfativas surpreendentes. o frescor c\u00edtrico do orvalho da madrugada se mistura a notas de flores envolventes e madeiras misteriosas.<\/span><\/div>\n<\/div>\n<div><\/div>\n<div>\n<p>. Beneficios &#8211;<\/p>\n<div class=\"relative flex\">\n<div class=\"flex gap-2 items-center\"><span class=\"text-sm\">acalma, protege e hidrata a pele.<\/span><\/div>\n<\/div>\n<div class=\"relative flex\">\n<div class=\"flex gap-2 items-center\">\n<div class=\"bg-gray-100 rounded-full p-1\" aria-hidden=\"true\">\n<div class=\"text-center flex items-center justify-center\"><\/div>\n<\/div>\n<p><span class=\"text-sm\">textura leve e de r\u00e1pida absor\u00e7\u00e3o.<\/span><\/p>\n<\/div>\n<\/div>\n<div class=\"relative flex\">\n<div class=\"flex gap-2 items-center\">\n<div class=\"bg-gray-100 rounded-full p-1\" aria-hidden=\"true\">\n<div class=\"text-center flex items-center justify-center\"><\/div>\n<\/div>\n<p><span class=\"text-sm\">produto vegano, com ingredientes \u00e0 base de origem natural e vegetal.<\/span><\/p>\n<\/div>\n<\/div>\n<div class=\"relative flex\">\n<div class=\"flex gap-2 items-center\">\n<div class=\"bg-gray-100 rounded-full p-1\" aria-hidden=\"true\">\n<div class=\"text-center flex items-center justify-center\"><\/div>\n<\/div>\n<p><span class=\"text-sm\">f\u00f3rmulas biocompat\u00edveis com a pele e altamente biodegrad\u00e1veis no meio ambiente.<\/span><\/p>\n<\/div>\n<\/div>\n<div class=\"relative flex\">\n<div class=\"flex gap-2 items-center\">\n<div class=\"bg-gray-100 rounded-full p-1\" aria-hidden=\"true\">\n<div class=\"text-center flex items-center justify-center\"><\/div>\n<\/div>\n<p><span class=\"text-sm\">fragr\u00e2ncia especial com extrato arom\u00e1tico de maracuj\u00e1 colhido sob o c\u00e9u estrelado.<\/span><\/p>\n<\/div>\n<\/div>\n<div class=\"relative flex\">\n<div class=\"flex gap-2 items-center\">\n<div class=\"bg-gray-100 rounded-full p-1\" aria-hidden=\"true\">\n<div class=\"text-center flex items-center justify-center\"><\/div>\n<\/div>\n<p><span class=\"text-sm\">somos contra a testes em animais e ao uso de parabenos e de silicones.<\/span><\/p>\n<\/div>\n<\/div>\n<div class=\"relative flex\">\n<div class=\"flex gap-2 items-center\">\n<div class=\"bg-gray-100 rounded-full p-1\" aria-hidden=\"true\">\n<div class=\"text-center flex items-center justify-center\"><\/div>\n<\/div>\n<p><span class=\"text-sm\">ingredientes: maracuj\u00e1 noturno, bergamota, lim\u00e3o, capim-lim\u00e3o e mandarina.<\/span><\/p>\n<\/div>\n<\/div>\n<div class=\"relative flex\">\n<div class=\"flex gap-2 items-center\">\n<div class=\"bg-gray-100 rounded-full p-1\" aria-hidden=\"true\">\n<div class=\"text-center flex items-center justify-center\"><\/div>\n<\/div>\n<p><span class=\"text-sm\">fragr\u00e2ncia<\/span>:\u00a0<span class=\"text-sm font-medium\">maracuj\u00e1<\/span><\/p>\n<\/div>\n<\/div>\n<\/div>\n","protected":false},"excerpt":{"rendered":"<p>\u00c0 noite o maracuj\u00e1 tamb\u00e9m sonha. al\u00e9m de acalmar, proteger e hidratar a pele, o N\u00e9ctar Desodorante Hidratante para o Corpo Ekos Maracuj\u00e1 Natureza dos Sonhos perfuma o corpo em uma experi\u00eancia in\u00e9dita. sua f\u00f3rmula cont\u00e9m extrato arom\u00e1tico do maracuj\u00e1 noturno, revelando notas olfativas surpreendentes. o frescor c\u00edtrico do orvalho da madrugada se mistura a [&hellip;]<\/p>\n","protected":false},"featured_media":20843,"comment_status":"open","ping_status":"closed","template":"","meta":{"_kadence_starter_templates_imported_post":false},"product_brand":[],"product_cat":[15,206,223,322,213,214,203],"product_tag":[957,871,195,329,234],"class_list":{"0":"post-20840","1":"product","2":"type-product","3":"status-publish","4":"has-post-thumbnail","6":"product_cat-padrao","7":"product_cat-cosmeticos-cremes-hidradantesperfumes","8":"product_cat-cremes-para-maos-e-pes","9":"product_cat-cremes-hidratantes-oleos","10":"product_cat-desodorantes-anti-transpirantes","11":"product_cat-hidratantes-cremes-corporal","12":"product_cat-natura-creme-oleo-sabonete-perfume","13":"product_tag-corporal","14":"product_tag-cosmetico","15":"product_tag-creme-hidratante","16":"product_tag-ekos","17":"product_tag-natura","19":"first","20":"outofstock","21":"sale","22":"shipping-taxable","23":"purchasable","24":"product-type-simple"},"_links":{"self":[{"href":"https:\/\/sfashionaccessories.com\/index.php?rest_route=\/wp\/v2\/product\/20840","targetHints":{"allow":["GET"]}}],"collection":[{"href":"https:\/\/sfashionaccessories.com\/index.php?rest_route=\/wp\/v2\/product"}],"about":[{"href":"https:\/\/sfashionaccessories.com\/index.php?rest_route=\/wp\/v2\/types\/product"}],"replies":[{"embeddable":true,"href":"https:\/\/sfashionaccessories.com\/index.php?rest_route=%2Fwp%2Fv2%2Fcomments&post=20840"}],"wp:featuredmedia":[{"embeddable":true,"href":"https:\/\/sfashionaccessories.com\/index.php?rest_route=\/wp\/v2\/media\/20843"}],"wp:attachment":[{"href":"https:\/\/sfashionaccessories.com\/index.php?rest_route=%2Fwp%2Fv2%2Fmedia&parent=20840"}],"wp:term":[{"taxonomy":"product_brand","embeddable":true,"href":"https:\/\/sfashionaccessories.com\/index.php?rest_route=%2Fwp%2Fv2%2Fproduct_brand&post=20840"},{"taxonomy":"product_cat","embeddable":true,"href":"https:\/\/sfashionaccessories.com\/index.php?rest_route=%2Fwp%2Fv2%2Fproduct_cat&post=20840"},{"taxonomy":"product_tag","embeddable":true,"href":"https:\/\/sfashionaccessories.com\/index.php?rest_route=%2Fwp%2Fv2%2Fproduct_tag&post=20840"}],"curies":[{"name":"wp","href":"https:\/\/api.w.org\/{rel}","templated":true}]}}