{"id":20856,"date":"2025-02-05T16:35:24","date_gmt":"2025-02-05T07:35:24","guid":{"rendered":"https:\/\/sfashionaccessories.com\/?post_type=product&#038;p=20856"},"modified":"2025-12-30T17:37:22","modified_gmt":"2025-12-30T08:37:22","slug":"calca-jeans-sawary-wide-leg-petit-277876","status":"publish","type":"product","link":"https:\/\/sfashionaccessories.com\/?product=calca-jeans-sawary-wide-leg-petit-277876","title":{"rendered":"Cal\u00e7a Jeans Sawary Wide Leg Petit &#8211; 277876"},"content":{"rendered":"<div class=\"vtex-rich-text-0-x-container vtex-rich-text-0-x-container--pdp-accordion-title flex tl items-start justify-start t-body c-on-base\">\n<div class=\"vtex-rich-text-0-x-wrapper vtex-rich-text-0-x-wrapper--pdp-accordion-title\">\n<p class=\"lh-copy vtex-rich-text-0-x-paragraph vtex-rich-text-0-x-paragraph--pdp-accordion-title\">Detalhes<\/p>\n<\/div>\n<\/div>\n<div class=\"vtex-rich-text-0-x-container vtex-rich-text-0-x-container--accordion-minus flex tl items-start justify-start t-body c-on-base\">\n<div class=\"vtex-rich-text-0-x-wrapper vtex-rich-text-0-x-wrapper--accordion-minus\"><\/div>\n<\/div>\n<div id=\"id-8n0eee\" class=\"vtex-disclosure-layout-1-x-content vtex-disclosure-layout-1-x-content--visible\">\n<div class=\"vtex-store-components-3-x-productDescriptionContainer\">\n<div class=\"vtex-store-components-3-x-productDescriptionText c-muted-1\">\n<div>Cal\u00e7a feminina confeccionada em jeans. O modelo possui cintura super alta, gancho no lugar e caimento amplo da coxa at\u00e9 a barra. Cintura alta Fechamento atrav\u00e9s de um bot\u00e3o e z\u00edper Bolsos frontais e posteriores funcionais Barra simples Tecido: Jeans Tipo de Lavagem: Azul Cor: Azul claro<\/div>\n<\/div>\n<div>\n<div class=\"vtex-flex-layout-0-x-flexColChild pb0\">\n<div class=\"vtex-flex-layout-0-x-flexRow vtex-flex-layout-0-x-flexRow--pdp-accordion-main\">\n<div class=\"flex mt0 mb0 pt0 pb0 justify-start vtex-flex-layout-0-x-flexRowContent vtex-flex-layout-0-x-flexRowContent--pdp-accordion-main items-stretch w-100\">\n<div class=\"pr0 items-stretch vtex-flex-layout-0-x-stretchChildrenWidth flex\">\n<div id=\"id-hnr1ba\" class=\"vtex-disclosure-layout-1-x-content vtex-disclosure-layout-1-x-content--visible\">\n<div class=\"vtex-store-components-3-x-specificationsTableContainer mt9 mt0-l pl8-l\">\n<div class=\"vtex-store-components-3-x-container relative\">\n<div class=\"vtex-store-components-3-x-content h-auto\">\u00a0Composicao &#8211; \u00a0100% de algod\u00e3o.<\/div>\n<\/div>\n<\/div>\n<\/div>\n<\/div>\n<\/div>\n<\/div>\n<\/div>\n<div class=\"vtex-flex-layout-0-x-flexColChild pb0\">\n<div class=\"vtex-flex-layout-0-x-flexRow vtex-flex-layout-0-x-flexRow--share\">\n<div class=\"flex mt0 mb0 pt0 pb0 justify-start vtex-flex-layout-0-x-flexRowContent vtex-flex-layout-0-x-flexRowContent--share items-stretch w-100\">\n<div class=\"pr0 items-stretch vtex-flex-layout-0-x-stretchChildrenWidth flex\">\n<div class=\"vtex-flex-layout-0-x-flexRow vtex-flex-layout-0-x-flexRow--share-wpp-btn\">\n<div class=\"flex mt0 mb0 pt0 pb0 justify-start vtex-flex-layout-0-x-flexRowContent vtex-flex-layout-0-x-flexRowContent--share-wpp-btn items-stretch w-100\">\n<div class=\"pr7 items-stretch vtex-flex-layout-0-x-stretchChildrenWidth flex\">\n<div class=\"vtex-store-components-3-x-shareContainer db\"><\/div>\n<\/div>\n<\/div>\n<\/div>\n<\/div>\n<\/div>\n<\/div>\n<\/div>\n<\/div>\n<\/div>\n<\/div>\n","protected":false},"excerpt":{"rendered":"<p>Detalhes Cal\u00e7a feminina confeccionada em jeans. O modelo possui cintura super alta, gancho no lugar e caimento amplo da coxa at\u00e9 a barra. Cintura alta Fechamento atrav\u00e9s de um bot\u00e3o e z\u00edper Bolsos frontais e posteriores funcionais Barra simples Tecido: Jeans Tipo de Lavagem: Azul Cor: Azul claro \u00a0Composicao &#8211; \u00a0100% de algod\u00e3o.<\/p>\n","protected":false},"featured_media":20857,"comment_status":"open","ping_status":"closed","template":"","meta":{"_kadence_starter_templates_imported_post":false},"product_brand":[],"product_cat":[508,293,527,507,499,503,259],"product_tag":[242,470,188,256],"class_list":{"0":"post-20856","1":"product","2":"type-product","3":"status-publish","4":"has-post-thumbnail","6":"product_cat-calcas-femininas","7":"product_cat-feminino","8":"product_cat-jeans","9":"product_cat-medidas-calcas-e-shorts-feminino-plus-size-sawary","10":"product_cat-medidas-calcas-e-shorts-feminino-sawary","11":"product_cat-medidas-padrao-feminina-roupas-em-geral","12":"product_cat-sawary","13":"product_tag-calcas-femininas","14":"product_tag-calcas-jeans","15":"product_tag-moda-feminina","16":"product_tag-sawary","18":"first","19":"instock","20":"shipping-taxable","21":"purchasable","22":"product-type-variable"},"_links":{"self":[{"href":"https:\/\/sfashionaccessories.com\/index.php?rest_route=\/wp\/v2\/product\/20856","targetHints":{"allow":["GET"]}}],"collection":[{"href":"https:\/\/sfashionaccessories.com\/index.php?rest_route=\/wp\/v2\/product"}],"about":[{"href":"https:\/\/sfashionaccessories.com\/index.php?rest_route=\/wp\/v2\/types\/product"}],"replies":[{"embeddable":true,"href":"https:\/\/sfashionaccessories.com\/index.php?rest_route=%2Fwp%2Fv2%2Fcomments&post=20856"}],"wp:featuredmedia":[{"embeddable":true,"href":"https:\/\/sfashionaccessories.com\/index.php?rest_route=\/wp\/v2\/media\/20857"}],"wp:attachment":[{"href":"https:\/\/sfashionaccessories.com\/index.php?rest_route=%2Fwp%2Fv2%2Fmedia&parent=20856"}],"wp:term":[{"taxonomy":"product_brand","embeddable":true,"href":"https:\/\/sfashionaccessories.com\/index.php?rest_route=%2Fwp%2Fv2%2Fproduct_brand&post=20856"},{"taxonomy":"product_cat","embeddable":true,"href":"https:\/\/sfashionaccessories.com\/index.php?rest_route=%2Fwp%2Fv2%2Fproduct_cat&post=20856"},{"taxonomy":"product_tag","embeddable":true,"href":"https:\/\/sfashionaccessories.com\/index.php?rest_route=%2Fwp%2Fv2%2Fproduct_tag&post=20856"}],"curies":[{"name":"wp","href":"https:\/\/api.w.org\/{rel}","templated":true}]}}