{"id":20868,"date":"2026-01-29T16:58:09","date_gmt":"2026-01-29T07:58:09","guid":{"rendered":"https:\/\/sfashionaccessories.com\/?post_type=product&#038;p=20868"},"modified":"2026-01-29T19:51:15","modified_gmt":"2026-01-29T10:51:15","slug":"calca-jeans-sawary-heart-278110","status":"publish","type":"product","link":"https:\/\/sfashionaccessories.com\/?product=calca-jeans-sawary-heart-278110","title":{"rendered":"Cal\u00e7a Jeans Sawary Heart &#8211; 278110"},"content":{"rendered":"<p>Cal\u00e7a feminina jeans heart. Modelagem cora\u00e7\u00e3o, desenhada para valorizar o seu bumbum. Cintura m\u00e9dia Fechamento com bot\u00e3o met\u00e1lico e z\u00edper Bolsos frontais falsos e bolsos traseiros funcionais Barra simples Modelagem: Heart Tecido: Jeans Tipo de lavagem: Azul Cor: Azul-\u00a0 Composi\u00e7\u00e3o: 76% Algod\u00e3o 22% Poli\u00e9ster 2% Elastano Manequim 38<\/p>\n","protected":false},"excerpt":{"rendered":"<p>Cal\u00e7a feminina jeans heart. Modelagem cora\u00e7\u00e3o, desenhada para valorizar o seu bumbum. Cintura m\u00e9dia Fechamento com bot\u00e3o met\u00e1lico e z\u00edper Bolsos frontais falsos e bolsos traseiros funcionais Barra simples Modelagem: Heart Tecido: Jeans Tipo de lavagem: Azul Cor: Azul-\u00a0 Composi\u00e7\u00e3o: 76% Algod\u00e3o 22% Poli\u00e9ster 2% Elastano Manequim 38<\/p>\n","protected":false},"featured_media":20875,"comment_status":"open","ping_status":"closed","template":"","meta":{"_kadence_starter_templates_imported_post":false},"product_brand":[],"product_cat":[15,465,508,580,293,527,507,259],"product_tag":[242,134,188,256],"class_list":{"0":"post-20868","1":"product","2":"type-product","3":"status-publish","4":"has-post-thumbnail","6":"product_cat-padrao","7":"product_cat-anuncios","8":"product_cat-calcas-femininas","9":"product_cat-destaques","10":"product_cat-feminino","11":"product_cat-jeans","12":"product_cat-medidas-calcas-e-shorts-feminino-plus-size-sawary","13":"product_cat-sawary","14":"product_tag-calcas-femininas","15":"product_tag-jeans","16":"product_tag-moda-feminina","17":"product_tag-sawary","19":"first","20":"instock","21":"sale","22":"shipping-taxable","23":"purchasable","24":"product-type-variable"},"_links":{"self":[{"href":"https:\/\/sfashionaccessories.com\/index.php?rest_route=\/wp\/v2\/product\/20868","targetHints":{"allow":["GET"]}}],"collection":[{"href":"https:\/\/sfashionaccessories.com\/index.php?rest_route=\/wp\/v2\/product"}],"about":[{"href":"https:\/\/sfashionaccessories.com\/index.php?rest_route=\/wp\/v2\/types\/product"}],"replies":[{"embeddable":true,"href":"https:\/\/sfashionaccessories.com\/index.php?rest_route=%2Fwp%2Fv2%2Fcomments&post=20868"}],"wp:featuredmedia":[{"embeddable":true,"href":"https:\/\/sfashionaccessories.com\/index.php?rest_route=\/wp\/v2\/media\/20875"}],"wp:attachment":[{"href":"https:\/\/sfashionaccessories.com\/index.php?rest_route=%2Fwp%2Fv2%2Fmedia&parent=20868"}],"wp:term":[{"taxonomy":"product_brand","embeddable":true,"href":"https:\/\/sfashionaccessories.com\/index.php?rest_route=%2Fwp%2Fv2%2Fproduct_brand&post=20868"},{"taxonomy":"product_cat","embeddable":true,"href":"https:\/\/sfashionaccessories.com\/index.php?rest_route=%2Fwp%2Fv2%2Fproduct_cat&post=20868"},{"taxonomy":"product_tag","embeddable":true,"href":"https:\/\/sfashionaccessories.com\/index.php?rest_route=%2Fwp%2Fv2%2Fproduct_tag&post=20868"}],"curies":[{"name":"wp","href":"https:\/\/api.w.org\/{rel}","templated":true}]}}