{"id":20925,"date":"2025-02-06T20:35:13","date_gmt":"2025-02-06T11:35:13","guid":{"rendered":"https:\/\/sfashionaccessories.com\/?post_type=product&#038;p=20925"},"modified":"2025-02-16T15:58:17","modified_gmt":"2025-02-16T06:58:17","slug":"kit-2-calcinhas-cavadas-onca-liso-2-demillus-k56600","status":"publish","type":"product","link":"https:\/\/sfashionaccessories.com\/?product=kit-2-calcinhas-cavadas-onca-liso-2-demillus-k56600","title":{"rendered":"Kit 2 Calcinhas Cavadas Onca liso 2 DeMillus (K56600"},"content":{"rendered":"<p>Kit 2 Calcinhas Cavadas Oncinha DeMillus (K56600). Confeccionadas em microfibra, de toque leve e macio, super confort\u00e1vel. Kit cont\u00e9m 2 calcinhas, sendo uma com charmosa estampa de oncinha e outra lisa. Modelagem cavada, com cintura m\u00e9dia, laterais largas e pernas cavadas. C\u00f3s e cavas das pernas com acabamento em el\u00e1stico vi\u00e9s. Fundo com forro em algod\u00e3o. Composi\u00e7\u00e3o: 90% Poliamida e 10% Elastano. Forro: 100% Algod\u00e3o.<\/p>\n","protected":false},"excerpt":{"rendered":"<p>Kit 2 Calcinhas Cavadas Oncinha DeMillus (K56600). Confeccionadas em microfibra, de toque leve e macio, super confort\u00e1vel. Kit cont\u00e9m 2 calcinhas, sendo uma com charmosa estampa de oncinha e outra lisa. Modelagem cavada, com cintura m\u00e9dia, laterais largas e pernas cavadas. C\u00f3s e cavas das pernas com acabamento em el\u00e1stico vi\u00e9s. Fundo com forro em [&hellip;]<\/p>\n","protected":false},"featured_media":20929,"comment_status":"open","ping_status":"closed","template":"","meta":{"_kadence_starter_templates_imported_post":false},"product_brand":[],"product_cat":[15,67,215,268,293,296,788,290,29],"product_tag":[82,365,266,444,267],"class_list":{"0":"post-20925","1":"product","2":"type-product","3":"status-publish","4":"has-post-thumbnail","6":"product_cat-padrao","7":"product_cat-praia-biquinis","8":"product_cat-calcinhas-tangas-fio-dental","9":"product_cat-demillus","10":"product_cat-feminino","11":"product_cat-hidratantes-cremes","12":"product_cat-kit","13":"product_cat-kit-mahogany","14":"product_cat-lingeries","15":"product_tag-biquini","16":"product_tag-calcinha-cavada","17":"product_tag-demillus","18":"product_tag-kit","19":"product_tag-lingerie","21":"first","22":"instock","23":"shipping-taxable","24":"purchasable","25":"product-type-variable"},"_links":{"self":[{"href":"https:\/\/sfashionaccessories.com\/index.php?rest_route=\/wp\/v2\/product\/20925","targetHints":{"allow":["GET"]}}],"collection":[{"href":"https:\/\/sfashionaccessories.com\/index.php?rest_route=\/wp\/v2\/product"}],"about":[{"href":"https:\/\/sfashionaccessories.com\/index.php?rest_route=\/wp\/v2\/types\/product"}],"replies":[{"embeddable":true,"href":"https:\/\/sfashionaccessories.com\/index.php?rest_route=%2Fwp%2Fv2%2Fcomments&post=20925"}],"wp:featuredmedia":[{"embeddable":true,"href":"https:\/\/sfashionaccessories.com\/index.php?rest_route=\/wp\/v2\/media\/20929"}],"wp:attachment":[{"href":"https:\/\/sfashionaccessories.com\/index.php?rest_route=%2Fwp%2Fv2%2Fmedia&parent=20925"}],"wp:term":[{"taxonomy":"product_brand","embeddable":true,"href":"https:\/\/sfashionaccessories.com\/index.php?rest_route=%2Fwp%2Fv2%2Fproduct_brand&post=20925"},{"taxonomy":"product_cat","embeddable":true,"href":"https:\/\/sfashionaccessories.com\/index.php?rest_route=%2Fwp%2Fv2%2Fproduct_cat&post=20925"},{"taxonomy":"product_tag","embeddable":true,"href":"https:\/\/sfashionaccessories.com\/index.php?rest_route=%2Fwp%2Fv2%2Fproduct_tag&post=20925"}],"curies":[{"name":"wp","href":"https:\/\/api.w.org\/{rel}","templated":true}]}}