{"id":21046,"date":"2025-02-17T21:11:04","date_gmt":"2025-02-17T12:11:04","guid":{"rendered":"https:\/\/sfashionaccessories.com\/?post_type=product&#038;p=21046"},"modified":"2026-02-06T23:50:33","modified_gmt":"2026-02-06T14:50:33","slug":"lapis-labial-mini-chubby-matte-faces-rosa-batom","status":"publish","type":"product","link":"https:\/\/sfashionaccessories.com\/?product=lapis-labial-mini-chubby-matte-faces-rosa-batom","title":{"rendered":"Lapis Labial M\u00edni Chubby Matte Faces-Rosa &#8211; batom"},"content":{"rendered":"<div class=\"relative flex\">\n<div class=\"flex gap-2 items-center\"><span class=\"text-sm font-bold\">Contorna, preenche e real\u00e7a seus l\u00e1bios no meio do rol\u00ea.<\/span><\/div>\n<\/div>\n<div class=\"relative flex\">\n<div class=\"flex gap-2 items-center\"><span class=\"text-sm\">O M\u00edni Chubby Matte Faces \u00e9 aquele l\u00e1pis labial que entrega TUDO! Com textura leve, alta pigmenta\u00e7\u00e3o e formato compacto, ele contorna e preenche seus l\u00e1bios para uma make pr\u00e1tica e sempre impec\u00e1vel. Ele \u00e9 on the go, compacto, cabe na clutch e no bolso para voc\u00ea reaplicar no meio do rol\u00ea sempre que quiser. Sua f\u00f3rmula tamb\u00e9m cuida dos l\u00e1bios com a queridinha vitamina E e o \u00f3leo de jojoba<\/span><\/div>\n<\/div>\n","protected":false},"excerpt":{"rendered":"<p>Contorna, preenche e real\u00e7a seus l\u00e1bios no meio do rol\u00ea. O M\u00edni Chubby Matte Faces \u00e9 aquele l\u00e1pis labial que entrega TUDO! Com textura leve, alta pigmenta\u00e7\u00e3o e formato compacto, ele contorna e preenche seus l\u00e1bios para uma make pr\u00e1tica e sempre impec\u00e1vel. Ele \u00e9 on the go, compacto, cabe na clutch e no bolso [&hellip;]<\/p>\n","protected":false},"featured_media":21047,"comment_status":"open","ping_status":"closed","template":"","meta":{"_kadence_starter_templates_imported_post":false},"product_brand":[],"product_cat":[609,206,293,707,205,203],"product_tag":[611,959,676,234],"class_list":{"0":"post-21046","1":"product","2":"type-product","3":"status-publish","4":"has-post-thumbnail","6":"product_cat-batom","7":"product_cat-cosmeticos-cremes-hidradantesperfumes","8":"product_cat-feminino","9":"product_cat-lapis","10":"product_cat-baton-po-brush-maquiagem","11":"product_cat-natura-creme-oleo-sabonete-perfume","12":"product_tag-batom","13":"product_tag-lapis-labial","14":"product_tag-maquiagem","15":"product_tag-natura","17":"first","18":"instock","19":"shipping-taxable","20":"purchasable","21":"product-type-simple"},"_links":{"self":[{"href":"https:\/\/sfashionaccessories.com\/index.php?rest_route=\/wp\/v2\/product\/21046","targetHints":{"allow":["GET"]}}],"collection":[{"href":"https:\/\/sfashionaccessories.com\/index.php?rest_route=\/wp\/v2\/product"}],"about":[{"href":"https:\/\/sfashionaccessories.com\/index.php?rest_route=\/wp\/v2\/types\/product"}],"replies":[{"embeddable":true,"href":"https:\/\/sfashionaccessories.com\/index.php?rest_route=%2Fwp%2Fv2%2Fcomments&post=21046"}],"wp:featuredmedia":[{"embeddable":true,"href":"https:\/\/sfashionaccessories.com\/index.php?rest_route=\/wp\/v2\/media\/21047"}],"wp:attachment":[{"href":"https:\/\/sfashionaccessories.com\/index.php?rest_route=%2Fwp%2Fv2%2Fmedia&parent=21046"}],"wp:term":[{"taxonomy":"product_brand","embeddable":true,"href":"https:\/\/sfashionaccessories.com\/index.php?rest_route=%2Fwp%2Fv2%2Fproduct_brand&post=21046"},{"taxonomy":"product_cat","embeddable":true,"href":"https:\/\/sfashionaccessories.com\/index.php?rest_route=%2Fwp%2Fv2%2Fproduct_cat&post=21046"},{"taxonomy":"product_tag","embeddable":true,"href":"https:\/\/sfashionaccessories.com\/index.php?rest_route=%2Fwp%2Fv2%2Fproduct_tag&post=21046"}],"curies":[{"name":"wp","href":"https:\/\/api.w.org\/{rel}","templated":true}]}}