{"id":21086,"date":"2025-02-18T20:31:51","date_gmt":"2025-02-18T11:31:51","guid":{"rendered":"https:\/\/sfashionaccessories.com\/?post_type=product&#038;p=21086"},"modified":"2025-08-02T18:28:09","modified_gmt":"2025-08-02T09:28:09","slug":"delrio-sutia-sutop-delrio-seamless-com-abertura-frontal-media-sustentacao","status":"publish","type":"product","link":"https:\/\/sfashionaccessories.com\/?product=delrio-sutia-sutop-delrio-seamless-com-abertura-frontal-media-sustentacao","title":{"rendered":"Delrio-  Suti\u00e3 Sutop DelRio Seamless Com Abertura Frontal M\u00e9dia Sustenta\u00e7\u00e3o"},"content":{"rendered":"<div class=\"pr7 items-stretch vtex-flex-layout-0-x-stretchChildrenWidth flex\">\n<div class=\"vtex-flex-layout-0-x-flexCol vtex-flex-layout-0-x-flexCol--sy-product-tablet ml0 mr0 pl0 pr0 flex flex-column h-100 w-100\">\n<div class=\"vtex-flex-layout-0-x-flexColChild vtex-flex-layout-0-x-flexColChild--sy-product-tablet pb0\">\n<div class=\"vtex-stack-layout-0-x-stackContainer vtex-stack-layout-0-x-stackContainer--product relative\">\n<div class=\"vtex-stack-layout-0-x-stackItem vtex-stack-layout-0-x-stackItem--product vtex-stack-layout-0-x-stackItem--first vtex-stack-layout-0-x-stackItem--product--first \">\n<div class=\"vtex-flex-layout-0-x-flexRow\">\n<div class=\"flex mt0 mb0 pt0 pb0 justify-start vtex-flex-layout-0-x-flexRowContent items-stretch w-100\">\n<div class=\"pr0 items-stretch vtex-flex-layout-0-x-stretchChildrenWidth flex\">\n<div class=\"vtex-store-components-3-x-productImagesContainer vtex-store-components-3-x-productImagesContainer--carousel vtex-store-components-3-x-content w-100\">\n<div class=\"vtex-store-components-3-x-carouselContainer relative overflow-hidden w-100\" aria-hidden=\"true\">\n<div class=\"w-100 border-box vtex-store-components-3-x-carouselGaleryCursor\">\n<div class=\"vtex-store-components-3-x-carouselGaleryThumbs dn h-auto mt3 db-ns\" data-testid=\"thumbnail-swiper\">\n<div class=\"swiper-container swiper-container-initialized swiper-container-horizontal h-100 undefined swiper-container-thumbs\">\n<div class=\"swiper-wrapper\">\n<div class=\"swiper-slide vtex-store-components-3-x-productImagesThumb mb5 pointer w-20 swiper-slide-visible swiper-slide-next\">\n<div class=\"absolute absolute--fill b--solid b--muted-2 bw0 vtex-store-components-3-x-carouselThumbBorder\">Descri\u00e7\u00e3o do produto<\/div>\n<\/div>\n<\/div>\n<\/div>\n<\/div>\n<\/div>\n<\/div>\n<\/div>\n<\/div>\n<\/div>\n<\/div>\n<\/div>\n<\/div>\n<\/div>\n<\/div>\n<\/div>\n<div class=\"pr0 items-stretch vtex-flex-layout-0-x-stretchChildrenWidth flex\">\n<div class=\"vtex-flex-layout-0-x-flexCol ml0 mr0 pl0 pr0 flex flex-column h-100 w-100\">\n<div class=\"vtex-flex-layout-0-x-flexColChild pb0\">\n<div class=\"vtex-store-components-3-x-productDescriptionContainer\">\n<div class=\"vtex-store-components-3-x-productDescriptionText c-muted-1\">\n<div class=\"vtex-store-components-3-x-container relative\">\n<div class=\"vtex-store-components-3-x-content h-auto\">\n<div>Aderindo \u00e0 Tecnologia Seamless, Que Tem Ganhado Cada Vez Mais Espa\u00e7o Na Gaveta Das Brasileiras, Nosso Sutop sem Costura Encanta Pelas Possibilidades.Esse Sutop Seamless (soutien com Caracter\u00edsticas de Top) Possui Abertura Frontal, Base Abaixo Dos Seios, Lateral Larga e Pode Ser Usado com ou sem Bojo.Seu Tecido \u00c9 Macio Ao Toque, Sendo Indicado Tamb\u00e9m Para o P\u00f3s-Cirurgico.<\/div>\n<div>Delrio<\/div>\n<\/div>\n<\/div>\n<\/div>\n<\/div>\n<\/div>\n<\/div>\n<\/div>\n","protected":false},"excerpt":{"rendered":"<p>Descri\u00e7\u00e3o do produto Aderindo \u00e0 Tecnologia Seamless, Que Tem Ganhado Cada Vez Mais Espa\u00e7o Na Gaveta Das Brasileiras, Nosso Sutop sem Costura Encanta Pelas Possibilidades.Esse Sutop Seamless (soutien com Caracter\u00edsticas de Top) Possui Abertura Frontal, Base Abaixo Dos Seios, Lateral Larga e Pode Ser Usado com ou sem Bojo.Seu Tecido \u00c9 Macio Ao Toque, Sendo [&hellip;]<\/p>\n","protected":false},"featured_media":21092,"comment_status":"open","ping_status":"closed","template":"","meta":{"_kadence_starter_templates_imported_post":false},"product_brand":[],"product_cat":[172,29,221],"product_tag":[938,267,265],"class_list":{"0":"post-21086","1":"product","2":"type-product","3":"status-publish","4":"has-post-thumbnail","6":"product_cat-blusas-tops-e-camisetas","7":"product_cat-lingeries","8":"product_cat-sutias","9":"product_tag-delrio","10":"product_tag-lingerie","11":"product_tag-sutia","13":"first","14":"instock","15":"shipping-taxable","16":"purchasable","17":"product-type-variable"},"_links":{"self":[{"href":"https:\/\/sfashionaccessories.com\/index.php?rest_route=\/wp\/v2\/product\/21086","targetHints":{"allow":["GET"]}}],"collection":[{"href":"https:\/\/sfashionaccessories.com\/index.php?rest_route=\/wp\/v2\/product"}],"about":[{"href":"https:\/\/sfashionaccessories.com\/index.php?rest_route=\/wp\/v2\/types\/product"}],"replies":[{"embeddable":true,"href":"https:\/\/sfashionaccessories.com\/index.php?rest_route=%2Fwp%2Fv2%2Fcomments&post=21086"}],"wp:featuredmedia":[{"embeddable":true,"href":"https:\/\/sfashionaccessories.com\/index.php?rest_route=\/wp\/v2\/media\/21092"}],"wp:attachment":[{"href":"https:\/\/sfashionaccessories.com\/index.php?rest_route=%2Fwp%2Fv2%2Fmedia&parent=21086"}],"wp:term":[{"taxonomy":"product_brand","embeddable":true,"href":"https:\/\/sfashionaccessories.com\/index.php?rest_route=%2Fwp%2Fv2%2Fproduct_brand&post=21086"},{"taxonomy":"product_cat","embeddable":true,"href":"https:\/\/sfashionaccessories.com\/index.php?rest_route=%2Fwp%2Fv2%2Fproduct_cat&post=21086"},{"taxonomy":"product_tag","embeddable":true,"href":"https:\/\/sfashionaccessories.com\/index.php?rest_route=%2Fwp%2Fv2%2Fproduct_tag&post=21086"}],"curies":[{"name":"wp","href":"https:\/\/api.w.org\/{rel}","templated":true}]}}