{"id":21096,"date":"2025-02-19T17:54:20","date_gmt":"2025-02-19T08:54:20","guid":{"rendered":"https:\/\/sfashionaccessories.com\/?post_type=product&#038;p=21096"},"modified":"2025-12-13T19:36:31","modified_gmt":"2025-12-13T10:36:31","slug":"conjunto-cropped-barbatana-renda-e-tule","status":"publish","type":"product","link":"https:\/\/sfashionaccessories.com\/?product=conjunto-cropped-barbatana-renda-e-tule","title":{"rendered":"CONJUNTO CROPPED BARBATANA RENDA E TULE"},"content":{"rendered":"<div class=\"description e-description\">\n<p>Conjunto luxo, modelo cropped em renda e tule com detalhes el\u00e1sticos cruzados abaixo do busto. Suti\u00e3 com bojo, barbatanas de sustenta\u00e7\u00e3o nas laterais, fecho largo e al\u00e7as regul\u00e1veis. Calcinha fio dental em renda. Sinta-se poderosa e confiante. Modelo ideal para usar \u00e0 mostra e compor looks.<\/p>\n<\/div>\n<div>\n<p><strong class=\"infos-adicionais\">Informa\u00e7\u00f5es adicionais:<\/strong><\/p>\n<div class=\"dados-tecnicos\">\n<p>Composi\u00e7\u00e3o:<\/p>\n<p>Renda &#8211; 90% Poliamida \/ 10% Elastano \/ Forro 100% Algod\u00e3o.<\/p>\n<p>Tule &#8211; 90% Poliamida \/ 10% Elastano \/ Bojo 60% Poliuretano e 40% Poli\u00e9ster.<\/p>\n<\/div>\n<\/div>\n","protected":false},"excerpt":{"rendered":"<p>Conjunto luxo, modelo cropped em renda e tule com detalhes el\u00e1sticos cruzados abaixo do busto. Suti\u00e3 com bojo, barbatanas de sustenta\u00e7\u00e3o nas laterais, fecho largo e al\u00e7as regul\u00e1veis. Calcinha fio dental em renda. Sinta-se poderosa e confiante. Modelo ideal para usar \u00e0 mostra e compor looks. Informa\u00e7\u00f5es adicionais: Composi\u00e7\u00e3o: Renda &#8211; 90% Poliamida \/ 10% [&hellip;]<\/p>\n","protected":false},"featured_media":21110,"comment_status":"open","ping_status":"closed","template":"","meta":{"_kadence_starter_templates_imported_post":false},"product_brand":[],"product_cat":[222,219,218,743,293,29],"product_tag":[348,292,474,267,961,265],"class_list":{"0":"post-21096","1":"product","2":"type-product","3":"status-publish","4":"has-post-thumbnail","6":"product_cat-baby-doll","7":"product_cat-conjuntos-com-bojo","8":"product_cat-conjuntos-de-lingerie","9":"product_cat-cropped","10":"product_cat-feminino","11":"product_cat-lingeries","12":"product_tag-calcinha","13":"product_tag-conjunto-com-bojo","14":"product_tag-cropped","15":"product_tag-lingerie","16":"product_tag-luxo","17":"product_tag-sutia","19":"first","20":"instock","21":"shipping-taxable","22":"purchasable","23":"product-type-variable"},"_links":{"self":[{"href":"https:\/\/sfashionaccessories.com\/index.php?rest_route=\/wp\/v2\/product\/21096","targetHints":{"allow":["GET"]}}],"collection":[{"href":"https:\/\/sfashionaccessories.com\/index.php?rest_route=\/wp\/v2\/product"}],"about":[{"href":"https:\/\/sfashionaccessories.com\/index.php?rest_route=\/wp\/v2\/types\/product"}],"replies":[{"embeddable":true,"href":"https:\/\/sfashionaccessories.com\/index.php?rest_route=%2Fwp%2Fv2%2Fcomments&post=21096"}],"wp:featuredmedia":[{"embeddable":true,"href":"https:\/\/sfashionaccessories.com\/index.php?rest_route=\/wp\/v2\/media\/21110"}],"wp:attachment":[{"href":"https:\/\/sfashionaccessories.com\/index.php?rest_route=%2Fwp%2Fv2%2Fmedia&parent=21096"}],"wp:term":[{"taxonomy":"product_brand","embeddable":true,"href":"https:\/\/sfashionaccessories.com\/index.php?rest_route=%2Fwp%2Fv2%2Fproduct_brand&post=21096"},{"taxonomy":"product_cat","embeddable":true,"href":"https:\/\/sfashionaccessories.com\/index.php?rest_route=%2Fwp%2Fv2%2Fproduct_cat&post=21096"},{"taxonomy":"product_tag","embeddable":true,"href":"https:\/\/sfashionaccessories.com\/index.php?rest_route=%2Fwp%2Fv2%2Fproduct_tag&post=21096"}],"curies":[{"name":"wp","href":"https:\/\/api.w.org\/{rel}","templated":true}]}}