{"id":21112,"date":"2025-08-16T23:09:03","date_gmt":"2025-08-16T14:09:03","guid":{"rendered":"https:\/\/sfashionaccessories.com\/?post_type=product&#038;p=21112"},"modified":"2025-12-09T19:52:03","modified_gmt":"2025-12-09T10:52:03","slug":"kit-calcinha-3-pecas-tradicional-delcotton-multicor","status":"publish","type":"product","link":"https:\/\/sfashionaccessories.com\/?product=kit-calcinha-3-pecas-tradicional-delcotton-multicor","title":{"rendered":"Kit Calcinha 3 Pe\u00e7as Tradicional Delcotton &#8211; Multicor"},"content":{"rendered":"<p>Composto por tr\u00eas pe\u00e7as, o Kit Calcinha 3 Pe\u00e7as Tradicional Delcotton tem modelagem cl\u00e1ssica com laterais confort\u00e1veis e cintura baixa \u00e9 confeccionada em malha de microfibra delicada com forro entrepernas em algod\u00e3o e c\u00f3s com acabamento de el\u00e1stico. Ideal para o dia a dia, possui costuras reduzidas para m\u00e1ximo conforto.<\/p>\n","protected":false},"excerpt":{"rendered":"<p>Composto por tr\u00eas pe\u00e7as, o Kit Calcinha 3 Pe\u00e7as Tradicional Delcotton tem modelagem cl\u00e1ssica com laterais confort\u00e1veis e cintura baixa \u00e9 confeccionada em malha de microfibra delicada com forro entrepernas em algod\u00e3o e c\u00f3s com acabamento de el\u00e1stico. Ideal para o dia a dia, possui costuras reduzidas para m\u00e1ximo conforto.<\/p>\n","protected":false},"featured_media":21116,"comment_status":"open","ping_status":"closed","template":"","meta":{"_kadence_starter_templates_imported_post":false},"product_brand":[],"product_cat":[215,939,293,788,29],"product_tag":[380,940,444],"class_list":{"0":"post-21112","1":"product","2":"type-product","3":"status-publish","4":"has-post-thumbnail","6":"product_cat-calcinhas-tangas-fio-dental","7":"product_cat-delcotton","8":"product_cat-feminino","9":"product_cat-kit","10":"product_cat-lingeries","11":"product_tag-calcinhas","12":"product_tag-delcotton","13":"product_tag-kit","15":"first","16":"instock","17":"sale","18":"shipping-taxable","19":"purchasable","20":"product-type-variable"},"_links":{"self":[{"href":"https:\/\/sfashionaccessories.com\/index.php?rest_route=\/wp\/v2\/product\/21112","targetHints":{"allow":["GET"]}}],"collection":[{"href":"https:\/\/sfashionaccessories.com\/index.php?rest_route=\/wp\/v2\/product"}],"about":[{"href":"https:\/\/sfashionaccessories.com\/index.php?rest_route=\/wp\/v2\/types\/product"}],"replies":[{"embeddable":true,"href":"https:\/\/sfashionaccessories.com\/index.php?rest_route=%2Fwp%2Fv2%2Fcomments&post=21112"}],"wp:featuredmedia":[{"embeddable":true,"href":"https:\/\/sfashionaccessories.com\/index.php?rest_route=\/wp\/v2\/media\/21116"}],"wp:attachment":[{"href":"https:\/\/sfashionaccessories.com\/index.php?rest_route=%2Fwp%2Fv2%2Fmedia&parent=21112"}],"wp:term":[{"taxonomy":"product_brand","embeddable":true,"href":"https:\/\/sfashionaccessories.com\/index.php?rest_route=%2Fwp%2Fv2%2Fproduct_brand&post=21112"},{"taxonomy":"product_cat","embeddable":true,"href":"https:\/\/sfashionaccessories.com\/index.php?rest_route=%2Fwp%2Fv2%2Fproduct_cat&post=21112"},{"taxonomy":"product_tag","embeddable":true,"href":"https:\/\/sfashionaccessories.com\/index.php?rest_route=%2Fwp%2Fv2%2Fproduct_tag&post=21112"}],"curies":[{"name":"wp","href":"https:\/\/api.w.org\/{rel}","templated":true}]}}