{"id":21191,"date":"2025-03-08T12:35:12","date_gmt":"2025-03-08T03:35:12","guid":{"rendered":"https:\/\/sfashionaccessories.com\/?post_type=product&#038;p=21191"},"modified":"2025-03-08T12:39:07","modified_gmt":"2025-03-08T03:39:07","slug":"sueter-em-trico-3327-250","status":"publish","type":"product","link":"https:\/\/sfashionaccessories.com\/?product=sueter-em-trico-3327-250","title":{"rendered":"Su\u00e9ter em tric\u00f4-3327.250"},"content":{"rendered":"<div id=\"description-title\" class=\"sc-cIShpX sc-cmTdod efsoyi\">\n<div class=\"sc-kafWEX eiFAJH\">\n<h2 class=\"sc-gzVnrw lrNY\">Descri\u00e7\u00e3o<\/h2>\n<\/div>\n<\/div>\n<div id=\"description\" class=\"sc-cIShpX sc-cmTdod iDfloY\">\n<div class=\"sc-kafWEX eiFAJH\">\n<p class=\"sc-jKJlTe dYPBOP\">Su\u00e9ter em tric\u00f4 de poli\u00e9ster e acr\u00edlico. Modelo de manga longa, decote canoa e ponto decorado na parte superior.<\/p>\n<\/div>\n<\/div>\n","protected":false},"excerpt":{"rendered":"<p>Descri\u00e7\u00e3o Su\u00e9ter em tric\u00f4 de poli\u00e9ster e acr\u00edlico. Modelo de manga longa, decote canoa e ponto decorado na parte superior.<\/p>\n","protected":false},"featured_media":21201,"comment_status":"open","ping_status":"closed","template":"","meta":{"_kadence_starter_templates_imported_post":false},"product_brand":[],"product_cat":[15,172,43,65,750],"product_tag":[135,188,908],"class_list":{"0":"post-21191","1":"product","2":"type-product","3":"status-publish","4":"has-post-thumbnail","6":"product_cat-padrao","7":"product_cat-blusas-tops-e-camisetas","8":"product_cat-blusas-camisetas-femininas","9":"product_cat-fitness-blusas-top","10":"product_cat-quintess","11":"product_tag-blusa","12":"product_tag-moda-feminina","13":"product_tag-quintess","15":"first","16":"instock","17":"sale","18":"shipping-taxable","19":"purchasable","20":"product-type-variable"},"_links":{"self":[{"href":"https:\/\/sfashionaccessories.com\/index.php?rest_route=\/wp\/v2\/product\/21191","targetHints":{"allow":["GET"]}}],"collection":[{"href":"https:\/\/sfashionaccessories.com\/index.php?rest_route=\/wp\/v2\/product"}],"about":[{"href":"https:\/\/sfashionaccessories.com\/index.php?rest_route=\/wp\/v2\/types\/product"}],"replies":[{"embeddable":true,"href":"https:\/\/sfashionaccessories.com\/index.php?rest_route=%2Fwp%2Fv2%2Fcomments&post=21191"}],"wp:featuredmedia":[{"embeddable":true,"href":"https:\/\/sfashionaccessories.com\/index.php?rest_route=\/wp\/v2\/media\/21201"}],"wp:attachment":[{"href":"https:\/\/sfashionaccessories.com\/index.php?rest_route=%2Fwp%2Fv2%2Fmedia&parent=21191"}],"wp:term":[{"taxonomy":"product_brand","embeddable":true,"href":"https:\/\/sfashionaccessories.com\/index.php?rest_route=%2Fwp%2Fv2%2Fproduct_brand&post=21191"},{"taxonomy":"product_cat","embeddable":true,"href":"https:\/\/sfashionaccessories.com\/index.php?rest_route=%2Fwp%2Fv2%2Fproduct_cat&post=21191"},{"taxonomy":"product_tag","embeddable":true,"href":"https:\/\/sfashionaccessories.com\/index.php?rest_route=%2Fwp%2Fv2%2Fproduct_tag&post=21191"}],"curies":[{"name":"wp","href":"https:\/\/api.w.org\/{rel}","templated":true}]}}