{"id":21212,"date":"2025-03-08T15:30:47","date_gmt":"2025-03-08T06:30:47","guid":{"rendered":"https:\/\/sfashionaccessories.com\/?post_type=product&#038;p=21212"},"modified":"2026-02-18T15:27:28","modified_gmt":"2026-02-18T06:27:28","slug":"blusa-princesa-manga-curta-canelada-salvatore-fashion","status":"publish","type":"product","link":"https:\/\/sfashionaccessories.com\/?product=blusa-princesa-manga-curta-canelada-salvatore-fashion","title":{"rendered":"Blusa Princesa Manga Curta Canelada Salvatore Fashion"},"content":{"rendered":"<p><span class=\"sc-dcJsrY jZKEso\" data-testid=\"product-detail-title\">Blusa Princesa Manga Curta Canelada Preta Salvatore Fashion<\/span><\/p>\n<div class=\"sc-iGgWBj jEOEJZ sc-cmCCYV PXDNd\" data-testid=\"product-detail-description\">\n<div class=\"sc-iGgWBj eWtIHQ sc-kCoybQ iBrdoy\" data-testid=\"rich-content-container\">\n<p>Blusa canelada Princesa manga curta. Possui gola alta e shape justo. Al\u00e9m de ser uma forte tend\u00eancia, \u00e9 muito charmosa e indispens\u00e1vel no guarda-roupa de qualquer mulher, trazendo conforto e estilo para qualquer ocasi\u00e3o. Confeccionada em tecido de excelente qualidade com elasticidade e toque super macio. Modelo veste tamanho P. Medidas da modelo: Altura 1,70 \u2013 Busto 88 \u2013 Cintura 61 \u2013 Quadril 92 \u2013 Manequim 36. Composi\u00e7\u00e3o : 63% Poli\u00e9ster, 34% Viscose, 3% Elastano.<\/p>\n<\/div>\n<\/div>\n","protected":false},"excerpt":{"rendered":"<p>Blusa Princesa Manga Curta Canelada Preta Salvatore Fashion Blusa canelada Princesa manga curta. Possui gola alta e shape justo. Al\u00e9m de ser uma forte tend\u00eancia, \u00e9 muito charmosa e indispens\u00e1vel no guarda-roupa de qualquer mulher, trazendo conforto e estilo para qualquer ocasi\u00e3o. Confeccionada em tecido de excelente qualidade com elasticidade e toque super macio. Modelo [&hellip;]<\/p>\n","protected":false},"featured_media":21219,"comment_status":"open","ping_status":"closed","template":"","meta":{"_kadence_starter_templates_imported_post":false},"product_brand":[],"product_cat":[15,172,43,293],"product_tag":[135,188],"class_list":{"0":"post-21212","1":"product","2":"type-product","3":"status-publish","4":"has-post-thumbnail","6":"product_cat-padrao","7":"product_cat-blusas-tops-e-camisetas","8":"product_cat-blusas-camisetas-femininas","9":"product_cat-feminino","10":"product_tag-blusa","11":"product_tag-moda-feminina","13":"first","14":"instock","15":"sale","16":"shipping-taxable","17":"purchasable","18":"product-type-variable"},"_links":{"self":[{"href":"https:\/\/sfashionaccessories.com\/index.php?rest_route=\/wp\/v2\/product\/21212","targetHints":{"allow":["GET"]}}],"collection":[{"href":"https:\/\/sfashionaccessories.com\/index.php?rest_route=\/wp\/v2\/product"}],"about":[{"href":"https:\/\/sfashionaccessories.com\/index.php?rest_route=\/wp\/v2\/types\/product"}],"replies":[{"embeddable":true,"href":"https:\/\/sfashionaccessories.com\/index.php?rest_route=%2Fwp%2Fv2%2Fcomments&post=21212"}],"wp:featuredmedia":[{"embeddable":true,"href":"https:\/\/sfashionaccessories.com\/index.php?rest_route=\/wp\/v2\/media\/21219"}],"wp:attachment":[{"href":"https:\/\/sfashionaccessories.com\/index.php?rest_route=%2Fwp%2Fv2%2Fmedia&parent=21212"}],"wp:term":[{"taxonomy":"product_brand","embeddable":true,"href":"https:\/\/sfashionaccessories.com\/index.php?rest_route=%2Fwp%2Fv2%2Fproduct_brand&post=21212"},{"taxonomy":"product_cat","embeddable":true,"href":"https:\/\/sfashionaccessories.com\/index.php?rest_route=%2Fwp%2Fv2%2Fproduct_cat&post=21212"},{"taxonomy":"product_tag","embeddable":true,"href":"https:\/\/sfashionaccessories.com\/index.php?rest_route=%2Fwp%2Fv2%2Fproduct_tag&post=21212"}],"curies":[{"name":"wp","href":"https:\/\/api.w.org\/{rel}","templated":true}]}}