{"id":21231,"date":"2025-03-11T12:37:14","date_gmt":"2025-03-11T03:37:14","guid":{"rendered":"https:\/\/sfashionaccessories.com\/?post_type=product&#038;p=21231"},"modified":"2026-04-01T16:50:34","modified_gmt":"2026-04-01T07:50:34","slug":"calca-jeans-sawary-360","status":"publish","type":"product","link":"https:\/\/sfashionaccessories.com\/?product=calca-jeans-sawary-360","title":{"rendered":"Cal\u00e7a Jeans Sawary 360 &#8211;"},"content":{"rendered":"<p>Cal\u00e7a feminina jeans 360. A modelagem cont\u00e9m cinta modeladora para deixar a sua silhueta perfeita.<\/p>\n<p>Cintura alta,<\/p>\n<p>Fechamento com bot\u00e3o met\u00e1lico e z\u00edper ,<\/p>\n<p>Bolsos frontais e posteriores funcionais,<\/p>\n<p>Barra simples,<\/p>\n<p>Modelagem: Super lipo,Tecido: Jeans.<\/p>\n","protected":false},"excerpt":{"rendered":"<p>Cal\u00e7a feminina jeans 360. A modelagem cont\u00e9m cinta modeladora para deixar a sua silhueta perfeita. Cintura alta, Fechamento com bot\u00e3o met\u00e1lico e z\u00edper , Bolsos frontais e posteriores funcionais, Barra simples, Modelagem: Super lipo,Tecido: Jeans.<\/p>\n","protected":false},"featured_media":21234,"comment_status":"open","ping_status":"closed","template":"","meta":{"_kadence_starter_templates_imported_post":false},"product_brand":[],"product_cat":[508,527,499,254,259],"product_tag":[470,188,256],"class_list":{"0":"post-21231","1":"product","2":"type-product","3":"status-publish","4":"has-post-thumbnail","6":"product_cat-calcas-femininas","7":"product_cat-jeans","8":"product_cat-medidas-calcas-e-shorts-feminino-sawary","9":"product_cat-promocoes-descontos","10":"product_cat-sawary","11":"product_tag-calcas-jeans","12":"product_tag-moda-feminina","13":"product_tag-sawary","15":"first","16":"instock","17":"sale","18":"shipping-taxable","19":"purchasable","20":"product-type-variable"},"_links":{"self":[{"href":"https:\/\/sfashionaccessories.com\/index.php?rest_route=\/wp\/v2\/product\/21231","targetHints":{"allow":["GET"]}}],"collection":[{"href":"https:\/\/sfashionaccessories.com\/index.php?rest_route=\/wp\/v2\/product"}],"about":[{"href":"https:\/\/sfashionaccessories.com\/index.php?rest_route=\/wp\/v2\/types\/product"}],"replies":[{"embeddable":true,"href":"https:\/\/sfashionaccessories.com\/index.php?rest_route=%2Fwp%2Fv2%2Fcomments&post=21231"}],"wp:featuredmedia":[{"embeddable":true,"href":"https:\/\/sfashionaccessories.com\/index.php?rest_route=\/wp\/v2\/media\/21234"}],"wp:attachment":[{"href":"https:\/\/sfashionaccessories.com\/index.php?rest_route=%2Fwp%2Fv2%2Fmedia&parent=21231"}],"wp:term":[{"taxonomy":"product_brand","embeddable":true,"href":"https:\/\/sfashionaccessories.com\/index.php?rest_route=%2Fwp%2Fv2%2Fproduct_brand&post=21231"},{"taxonomy":"product_cat","embeddable":true,"href":"https:\/\/sfashionaccessories.com\/index.php?rest_route=%2Fwp%2Fv2%2Fproduct_cat&post=21231"},{"taxonomy":"product_tag","embeddable":true,"href":"https:\/\/sfashionaccessories.com\/index.php?rest_route=%2Fwp%2Fv2%2Fproduct_tag&post=21231"}],"curies":[{"name":"wp","href":"https:\/\/api.w.org\/{rel}","templated":true}]}}