{"id":21244,"date":"2025-03-13T12:43:02","date_gmt":"2025-03-13T03:43:02","guid":{"rendered":"https:\/\/sfashionaccessories.com\/?post_type=product&#038;p=21244"},"modified":"2026-04-08T16:30:36","modified_gmt":"2026-04-08T07:30:36","slug":"corselet-cotton-modelador-cinta-abdominal-esbelt-ref-431","status":"publish","type":"product","link":"https:\/\/sfashionaccessories.com\/?product=corselet-cotton-modelador-cinta-abdominal-esbelt-ref-431","title":{"rendered":"Corselet Cotton Modelador Cinta Abdominal Esbelt Ref 431"},"content":{"rendered":"<p>Corselet Cotton Modelador Cinta Abdominal Esbelt Ref 431<br \/>\nApresentamos o Corselet Coton Esbelt, o produto perfeito para voc\u00ea que busca real\u00e7ar suas curvas e sentir-se ainda mais bonita e poderosa no dia-a-dia<\/p>\n<p>Com o Corselet Cotton Body Shaper da Esbelt, refer\u00eancia 431, voc\u00ea sentir\u00e1 imediatamente os efeitos ben\u00e9ficos, come\u00e7ando pelo impacto visual obtido que valoriza sua silhueta, modela abd\u00f4men e flancos, reduz a cintura, valoriza os seios e corrige a postura com muito conforto, alem disso vem com 2 al\u00e7as ajust\u00e1veis e costas altas agregando estabilidade, conforto e praticidade na pe\u00e7a.<\/p>\n<p>Al\u00e9m disso, o Corselet ajuda a melhorar sua postura, gra\u00e7as \u00e0s quatro barbatanas em a\u00e7o que a mant\u00eam a coluna no lugar e possui dupla regulagem para maior conforto. Sua parte interna \u00e9 em algod\u00e3o, garantindo maior conforto e suavidade ao toque.<\/p>\n<p>Para escolher o tamanho ideal para voc\u00ea, confira nossa tabela de medidas abaixo:<\/p>\n<p>tamanho\/\/cintura (cm)\/\/QUADRIL (cm)<br \/>\nP\/\/64-71\/\/90-97<br \/>\nM\/\/72-79\/\/98-105<br \/>\nG\/\/80-87\/\/106-114<br \/>\nEG\/\/88-95\/\/116-120<br \/>\n2EG\/\/100-109\/\/125-139<br \/>\n3EG\/\/110-119\/\/140-154<\/p>\n<p>Por se tratar de produto de forte compress\u00e3o, com modelagem acentuada no abd\u00f4men, escolha seu tamanho preferencialmente pela linha da cintura.<\/p>\n","protected":false},"excerpt":{"rendered":"<p>Corselet Cotton Modelador Cinta Abdominal Esbelt Ref 431 Apresentamos o Corselet Coton Esbelt, o produto perfeito para voc\u00ea que busca real\u00e7ar suas curvas e sentir-se ainda mais bonita e poderosa no dia-a-dia Com o Corselet Cotton Body Shaper da Esbelt, refer\u00eancia 431, voc\u00ea sentir\u00e1 imediatamente os efeitos ben\u00e9ficos, come\u00e7ando pelo impacto visual obtido que valoriza [&hellip;]<\/p>\n","protected":false},"featured_media":21249,"comment_status":"open","ping_status":"closed","template":"","meta":{"_kadence_starter_templates_imported_post":false},"product_brand":[],"product_cat":[323,153,217,668,580,968,293],"product_tag":[970,742,969,188],"class_list":{"0":"post-21244","1":"product","2":"type-product","3":"status-publish","4":"has-post-thumbnail","6":"product_cat-bodies-bodysuits","7":"product_cat-casual","8":"product_cat-cintas-modeladoras","9":"product_cat-colete","10":"product_cat-destaques","11":"product_cat-esbelt","12":"product_cat-feminino","13":"product_tag-cinta-modeladora","14":"product_tag-corselet","15":"product_tag-esbelt","16":"product_tag-moda-feminina","18":"first","19":"instock","20":"shipping-taxable","21":"purchasable","22":"product-type-variable"},"_links":{"self":[{"href":"https:\/\/sfashionaccessories.com\/index.php?rest_route=\/wp\/v2\/product\/21244","targetHints":{"allow":["GET"]}}],"collection":[{"href":"https:\/\/sfashionaccessories.com\/index.php?rest_route=\/wp\/v2\/product"}],"about":[{"href":"https:\/\/sfashionaccessories.com\/index.php?rest_route=\/wp\/v2\/types\/product"}],"replies":[{"embeddable":true,"href":"https:\/\/sfashionaccessories.com\/index.php?rest_route=%2Fwp%2Fv2%2Fcomments&post=21244"}],"wp:featuredmedia":[{"embeddable":true,"href":"https:\/\/sfashionaccessories.com\/index.php?rest_route=\/wp\/v2\/media\/21249"}],"wp:attachment":[{"href":"https:\/\/sfashionaccessories.com\/index.php?rest_route=%2Fwp%2Fv2%2Fmedia&parent=21244"}],"wp:term":[{"taxonomy":"product_brand","embeddable":true,"href":"https:\/\/sfashionaccessories.com\/index.php?rest_route=%2Fwp%2Fv2%2Fproduct_brand&post=21244"},{"taxonomy":"product_cat","embeddable":true,"href":"https:\/\/sfashionaccessories.com\/index.php?rest_route=%2Fwp%2Fv2%2Fproduct_cat&post=21244"},{"taxonomy":"product_tag","embeddable":true,"href":"https:\/\/sfashionaccessories.com\/index.php?rest_route=%2Fwp%2Fv2%2Fproduct_tag&post=21244"}],"curies":[{"name":"wp","href":"https:\/\/api.w.org\/{rel}","templated":true}]}}