{"id":21300,"date":"2025-03-18T16:43:01","date_gmt":"2025-03-18T07:43:01","guid":{"rendered":"https:\/\/sfashionaccessories.com\/?post_type=product&#038;p=21300"},"modified":"2025-03-18T16:43:02","modified_gmt":"2025-03-18T07:43:02","slug":"brinco-chain-com-riviera-zirconias-brancas-banho-ouro-semi-joia","status":"publish","type":"product","link":"https:\/\/sfashionaccessories.com\/?product=brinco-chain-com-riviera-zirconias-brancas-banho-ouro-semi-joia","title":{"rendered":"Brinco  Chain Com Riviera Zirconias Brancas Banho Ouro Semi Joia"},"content":{"rendered":"<p><strong>Brinco\u00a0 Chain Com Riviera Zirconias Brancas Banho Ouro Semi Joia<\/strong>\u00a0\u00e9 uma nova tend\u00eancia extremamente delicada e moderna. Pr\u00e1ticos, os\u00a0<strong>Ear Turners<\/strong>\u00a0possuem corrente acoplada ao pingente do acess\u00f3rio, contendo uma tarraxa ligada a cartier: uma salva\u00e7\u00e3o para quem costuma perder o fecho de seus brincos, al\u00e9m de dar um toque ainda mais gracioso para suas orelhas! Tanto no dia-a-dia, quanto em ocasi\u00f5es especiais, opte pelos maravilhosos\u00a0<strong>Ear Turners<\/strong>!<\/p>\n<p>&nbsp;<\/p>\n","protected":false},"excerpt":{"rendered":"<p>Brinco\u00a0 Chain Com Riviera Zirconias Brancas Banho Ouro Semi Joia\u00a0\u00e9 uma nova tend\u00eancia extremamente delicada e moderna. Pr\u00e1ticos, os\u00a0Ear Turners\u00a0possuem corrente acoplada ao pingente do acess\u00f3rio, contendo uma tarraxa ligada a cartier: uma salva\u00e7\u00e3o para quem costuma perder o fecho de seus brincos, al\u00e9m de dar um toque ainda mais gracioso para suas orelhas! Tanto [&hellip;]<\/p>\n","protected":false},"featured_media":21301,"comment_status":"open","ping_status":"closed","template":"","meta":{"_kadence_starter_templates_imported_post":false},"product_brand":[],"product_cat":[200,369,293,878,209],"product_tag":[182,371,973],"class_list":{"0":"post-21300","1":"product","2":"type-product","3":"status-publish","4":"has-post-thumbnail","6":"product_cat-acessorios-bijuterias-semi-joias","7":"product_cat-brincos","8":"product_cat-feminino","9":"product_cat-joias","10":"product_cat-semi-joias","11":"product_tag-acessorios","12":"product_tag-brincos","13":"product_tag-semijoias","15":"first","16":"instock","17":"shipping-taxable","18":"purchasable","19":"product-type-simple"},"_links":{"self":[{"href":"https:\/\/sfashionaccessories.com\/index.php?rest_route=\/wp\/v2\/product\/21300","targetHints":{"allow":["GET"]}}],"collection":[{"href":"https:\/\/sfashionaccessories.com\/index.php?rest_route=\/wp\/v2\/product"}],"about":[{"href":"https:\/\/sfashionaccessories.com\/index.php?rest_route=\/wp\/v2\/types\/product"}],"replies":[{"embeddable":true,"href":"https:\/\/sfashionaccessories.com\/index.php?rest_route=%2Fwp%2Fv2%2Fcomments&post=21300"}],"wp:featuredmedia":[{"embeddable":true,"href":"https:\/\/sfashionaccessories.com\/index.php?rest_route=\/wp\/v2\/media\/21301"}],"wp:attachment":[{"href":"https:\/\/sfashionaccessories.com\/index.php?rest_route=%2Fwp%2Fv2%2Fmedia&parent=21300"}],"wp:term":[{"taxonomy":"product_brand","embeddable":true,"href":"https:\/\/sfashionaccessories.com\/index.php?rest_route=%2Fwp%2Fv2%2Fproduct_brand&post=21300"},{"taxonomy":"product_cat","embeddable":true,"href":"https:\/\/sfashionaccessories.com\/index.php?rest_route=%2Fwp%2Fv2%2Fproduct_cat&post=21300"},{"taxonomy":"product_tag","embeddable":true,"href":"https:\/\/sfashionaccessories.com\/index.php?rest_route=%2Fwp%2Fv2%2Fproduct_tag&post=21300"}],"curies":[{"name":"wp","href":"https:\/\/api.w.org\/{rel}","templated":true}]}}