{"id":21335,"date":"2026-01-20T16:59:22","date_gmt":"2026-01-20T07:59:22","guid":{"rendered":"https:\/\/sfashionaccessories.com\/?post_type=product&#038;p=21335"},"modified":"2026-01-29T13:28:23","modified_gmt":"2026-01-29T04:28:23","slug":"refil-oleo-trifasico-desodorante-corporal-ekos-acai-200ml","status":"publish","type":"product","link":"https:\/\/sfashionaccessories.com\/?product=refil-oleo-trifasico-desodorante-corporal-ekos-acai-200ml","title":{"rendered":"Refil \u00d3leo Trif\u00e1sico Desodorante Corporal Ekos A\u00e7a\u00ed-200ml"},"content":{"rendered":"<div class=\"relative flex\">\n<div class=\"flex gap-2 items-center\"><span class=\"text-sm font-bold\">Mais luminosidade e vitalidade para a pele.<\/span><\/div>\n<\/div>\n<div class=\"relative flex\">\n<div class=\"flex gap-2 items-center\"><span class=\"text-sm\">A vers\u00e3o refil do seu produto favorito com menos pl\u00e1stico que a embalagem regular \u00e9 mais pr\u00e1tico, econ\u00f4mico e sustent\u00e1vel. Este \u00f3leo trif\u00e1sico desodorante para o corpo com uma textura surpreendente, que forma um filme protetor e perfuma a pele. Cont\u00e9m \u00f3leo bruto de a\u00e7a\u00ed, um super antioxidante, que estimula a neutraliza\u00e7\u00e3o da produ\u00e7\u00e3o dos radicais livres, trazendo mais luminosidade e vitalidade para a pele.<\/span><\/div>\n<\/div>\n","protected":false},"excerpt":{"rendered":"<p>Mais luminosidade e vitalidade para a pele. A vers\u00e3o refil do seu produto favorito com menos pl\u00e1stico que a embalagem regular \u00e9 mais pr\u00e1tico, econ\u00f4mico e sustent\u00e1vel. Este \u00f3leo trif\u00e1sico desodorante para o corpo com uma textura surpreendente, que forma um filme protetor e perfuma a pele. Cont\u00e9m \u00f3leo bruto de a\u00e7a\u00ed, um super antioxidante, [&hellip;]<\/p>\n","protected":false},"featured_media":21337,"comment_status":"open","ping_status":"closed","template":"","meta":{"_kadence_starter_templates_imported_post":false},"product_brand":[],"product_cat":[15,465,276,293,214,203,542,547],"product_tag":[272,234,539],"class_list":{"0":"post-21335","1":"product","2":"type-product","3":"status-publish","4":"has-post-thumbnail","6":"product_cat-padrao","7":"product_cat-anuncios","8":"product_cat-desodorante","9":"product_cat-feminino","10":"product_cat-hidratantes-cremes-corporal","11":"product_cat-natura-creme-oleo-sabonete-perfume","12":"product_cat-oleo-corporal","13":"product_cat-refil","14":"product_tag-cosmeticos","15":"product_tag-natura","16":"product_tag-oleo-corporal","18":"first","19":"instock","20":"sale","21":"shipping-taxable","22":"purchasable","23":"product-type-simple"},"_links":{"self":[{"href":"https:\/\/sfashionaccessories.com\/index.php?rest_route=\/wp\/v2\/product\/21335","targetHints":{"allow":["GET"]}}],"collection":[{"href":"https:\/\/sfashionaccessories.com\/index.php?rest_route=\/wp\/v2\/product"}],"about":[{"href":"https:\/\/sfashionaccessories.com\/index.php?rest_route=\/wp\/v2\/types\/product"}],"replies":[{"embeddable":true,"href":"https:\/\/sfashionaccessories.com\/index.php?rest_route=%2Fwp%2Fv2%2Fcomments&post=21335"}],"wp:featuredmedia":[{"embeddable":true,"href":"https:\/\/sfashionaccessories.com\/index.php?rest_route=\/wp\/v2\/media\/21337"}],"wp:attachment":[{"href":"https:\/\/sfashionaccessories.com\/index.php?rest_route=%2Fwp%2Fv2%2Fmedia&parent=21335"}],"wp:term":[{"taxonomy":"product_brand","embeddable":true,"href":"https:\/\/sfashionaccessories.com\/index.php?rest_route=%2Fwp%2Fv2%2Fproduct_brand&post=21335"},{"taxonomy":"product_cat","embeddable":true,"href":"https:\/\/sfashionaccessories.com\/index.php?rest_route=%2Fwp%2Fv2%2Fproduct_cat&post=21335"},{"taxonomy":"product_tag","embeddable":true,"href":"https:\/\/sfashionaccessories.com\/index.php?rest_route=%2Fwp%2Fv2%2Fproduct_tag&post=21335"}],"curies":[{"name":"wp","href":"https:\/\/api.w.org\/{rel}","templated":true}]}}