{"id":21361,"date":"2025-03-24T18:14:44","date_gmt":"2025-03-24T09:14:44","guid":{"rendered":"https:\/\/sfashionaccessories.com\/?post_type=product&#038;p=21361"},"modified":"2026-04-18T14:55:16","modified_gmt":"2026-04-18T05:55:16","slug":"matizador-3d-marsala-efeito-marsala-300ml","status":"publish","type":"product","link":"https:\/\/sfashionaccessories.com\/?product=matizador-3d-marsala-efeito-marsala-300ml","title":{"rendered":"Matizador Magic Color &#8211; 3D Marsala &#8211; Efeito Marsala &#8211; 300ml"},"content":{"rendered":"<h5><strong>Como intensificar a cor do cabelo?<\/strong><\/h5>\n<p style=\"font-weight: 400;\">As M\u00e1scaras Matizadoras Magic Color 3D cont\u00eam exclusiva tecnologia Amino-Pro Color, um complexo de amino\u00e1cidos e prote\u00ednas com sistema TRIPLA A\u00c7\u00c3O: matiza, restaura e protege.<\/p>\n<p style=\"font-weight: 400;\"><span style=\"font-weight: 400;\">O Matizador 3D Marsala real\u00e7a a cor do cabelo marsala, n\u00e3o \u00e9 colora\u00e7\u00e3o e nem tonalizante.\u00a0<\/span><span style=\"font-weight: 400;\">O\u00a0<\/span>Matizador 3D Marsala\u00a0<span style=\"font-weight: 400;\">\u00e9 uma\u00a0<\/span><span style=\"font-weight: 400;\">M\u00e1scara capilar pigmentada com a fun\u00e7\u00e3o de intensificar e revitalizar a cor do cabelo vermelho que, com o passar do tempo, desbota e perde a vitalidade.<\/span><\/p>\n<p style=\"font-weight: 400;\"><b>Amino-Pro Color:<\/b>\u00a0rep\u00f5e amino\u00e1cidos e prote\u00ednas refor\u00e7ando sua estrutura, repara o fio danificado e quebradi\u00e7o, atua como protetor t\u00e9rmico e filtro UV vegetal*.<\/p>\n<p style=\"font-weight: 400;\">REALIZE TESTE DE MECHA antes da aplica\u00e7\u00e3o.<\/p>\n<p style=\"font-weight: 400;\"><b>Como usar o matizador?<\/b><\/p>\n<p style=\"font-weight: 400;\">Ap\u00f3s lavar os cabelos com shampoo, aplique o matizador puro ou misturado em m\u00e1scara branca. Sugest\u00e3o: 1 medida de matizador para 2 medidas de m\u00e1scara branca. Aplique mecha a mecha. Deixe agir entre 15 min a 30min. Enx\u00e1gue. Para efeitos mais suaves, aumentar a dilui\u00e7\u00e3o do produto.<\/p>\n<p style=\"font-weight: 400;\"><b>Precau\u00e7\u00f5es:<\/b>\u00a0Uso adulto externo. Evite contato com os olhos. Em caso de irrita\u00e7\u00e3o, suspenda o uso. Evite calor excessivo e mantenha fora do alcance de crian\u00e7as e animais dom\u00e9sticos.<\/p>\n<p style=\"font-weight: 400;\"><em>*Este produto n\u00e3o \u00e9 um protetor solar.<\/em><\/p>\n","protected":false},"excerpt":{"rendered":"<p>Como intensificar a cor do cabelo? As M\u00e1scaras Matizadoras Magic Color 3D cont\u00eam exclusiva tecnologia Amino-Pro Color, um complexo de amino\u00e1cidos e prote\u00ednas com sistema TRIPLA A\u00c7\u00c3O: matiza, restaura e protege. O Matizador 3D Marsala real\u00e7a a cor do cabelo marsala, n\u00e3o \u00e9 colora\u00e7\u00e3o e nem tonalizante.\u00a0O\u00a0Matizador 3D Marsala\u00a0\u00e9 uma\u00a0M\u00e1scara capilar pigmentada com a fun\u00e7\u00e3o [&hellip;]<\/p>\n","protected":false},"featured_media":21363,"comment_status":"open","ping_status":"closed","template":"","meta":{"_kadence_starter_templates_imported_post":false},"product_brand":[],"product_cat":[15,204,206,524,688,689],"product_tag":[476,871,486,442,443],"class_list":{"0":"post-21361","1":"product","2":"type-product","3":"status-publish","4":"has-post-thumbnail","6":"product_cat-padrao","7":"product_cat-matizador-sampoo-condicionador-hidratante","8":"product_cat-cosmeticos-cremes-hidradantesperfumes","9":"product_cat-magic-color","10":"product_cat-mascara","11":"product_cat-matizadores","12":"product_tag-cabelos","13":"product_tag-cosmetico","14":"product_tag-magic-color","15":"product_tag-mascara","16":"product_tag-matizador","18":"first","19":"instock","20":"shipping-taxable","21":"purchasable","22":"product-type-simple"},"_links":{"self":[{"href":"https:\/\/sfashionaccessories.com\/index.php?rest_route=\/wp\/v2\/product\/21361","targetHints":{"allow":["GET"]}}],"collection":[{"href":"https:\/\/sfashionaccessories.com\/index.php?rest_route=\/wp\/v2\/product"}],"about":[{"href":"https:\/\/sfashionaccessories.com\/index.php?rest_route=\/wp\/v2\/types\/product"}],"replies":[{"embeddable":true,"href":"https:\/\/sfashionaccessories.com\/index.php?rest_route=%2Fwp%2Fv2%2Fcomments&post=21361"}],"wp:featuredmedia":[{"embeddable":true,"href":"https:\/\/sfashionaccessories.com\/index.php?rest_route=\/wp\/v2\/media\/21363"}],"wp:attachment":[{"href":"https:\/\/sfashionaccessories.com\/index.php?rest_route=%2Fwp%2Fv2%2Fmedia&parent=21361"}],"wp:term":[{"taxonomy":"product_brand","embeddable":true,"href":"https:\/\/sfashionaccessories.com\/index.php?rest_route=%2Fwp%2Fv2%2Fproduct_brand&post=21361"},{"taxonomy":"product_cat","embeddable":true,"href":"https:\/\/sfashionaccessories.com\/index.php?rest_route=%2Fwp%2Fv2%2Fproduct_cat&post=21361"},{"taxonomy":"product_tag","embeddable":true,"href":"https:\/\/sfashionaccessories.com\/index.php?rest_route=%2Fwp%2Fv2%2Fproduct_tag&post=21361"}],"curies":[{"name":"wp","href":"https:\/\/api.w.org\/{rel}","templated":true}]}}