{"id":21377,"date":"2025-03-24T19:43:18","date_gmt":"2025-03-24T10:43:18","guid":{"rendered":"https:\/\/sfashionaccessories.com\/?post_type=product&#038;p=21377"},"modified":"2026-03-20T17:24:43","modified_gmt":"2026-03-20T08:24:43","slug":"shampoo-siage-revela-os-cachos-250ml","status":"publish","type":"product","link":"https:\/\/sfashionaccessories.com\/?product=shampoo-siage-revela-os-cachos-250ml","title":{"rendered":"Shampoo Si\u00e0ge Revela Os Cachos 250ml"},"content":{"rendered":"<p>Shampoo Si\u00e0ge Revela Os Cachos 250ml<\/p>\n<p>Um verdadeiro Shampoo para Cabelos Cacheados!<\/p>\n<p>O Shampoo Si\u00e0ge Revela Os Cachos limpa profundamente os fios, entregando cachos definidos, macios e com aspecto natural.<\/p>\n<p>Sua f\u00f3rmula com Elastina e Manteiga de Karit\u00e9 possui tecnologia inteligente que reconhece os pontos de tor\u00e7\u00e3o do fio, entregando o tratamento ideal para todos os tipos de curvatura: ondulados, cacheados, crespos e at\u00e9 mesmo em transi\u00e7\u00e3o.<\/p>\n<p>&nbsp;<\/p>\n<p>Al\u00e9m de benef\u00edcios como:<\/p>\n<p>-Cachos com alta defini\u00e7\u00e3o;<\/p>\n<p>-For\u00e7a;<\/p>\n<p>-Elasticidade;<\/p>\n<p>-3x menos frizz.<\/p>\n<p>&nbsp;<\/p>\n<p>O Shampoo para Cabelos Cacheados Revela os Cachos garante cachos impec\u00e1veis, ultra hidratados e definidos at\u00e9 a \u00faltima volta.<\/p>\n<p>&nbsp;<\/p>\n<p>SOBRE A LINHA:<\/p>\n<p>Eudora Si\u00e0ge uniu a for\u00e7a da natureza ao poder da ci\u00eancia e criou a exclusiva biotecnologia Affinit\u00e9 4D. Com intelig\u00eancia detectora de danos, trata os fios at\u00e9 a camada mais profunda, mesmo ap\u00f3s o enx\u00e1gue.<\/p>\n<p>Especialmente composta por produtos para cabelos cacheados, ondulados, crespos ou em transi\u00e7\u00e3o, a linha Si\u00e0ge Revela os Cachos entrega for\u00e7a, alta defini\u00e7\u00e3o, 2x mais hidrata\u00e7\u00e3o e 3x menos frizz para seus fios.<\/p>\n","protected":false},"excerpt":{"rendered":"<p>Shampoo Si\u00e0ge Revela Os Cachos 250ml Um verdadeiro Shampoo para Cabelos Cacheados! O Shampoo Si\u00e0ge Revela Os Cachos limpa profundamente os fios, entregando cachos definidos, macios e com aspecto natural. Sua f\u00f3rmula com Elastina e Manteiga de Karit\u00e9 possui tecnologia inteligente que reconhece os pontos de tor\u00e7\u00e3o do fio, entregando o tratamento ideal para todos [&hellip;]<\/p>\n","protected":false},"featured_media":21381,"comment_status":"open","ping_status":"closed","template":"","meta":{"_kadence_starter_templates_imported_post":false},"product_brand":[],"product_cat":[15,206,790,865],"product_tag":[476,870,791,285],"class_list":{"0":"post-21377","1":"product","2":"type-product","3":"status-publish","4":"has-post-thumbnail","6":"product_cat-padrao","7":"product_cat-cosmeticos-cremes-hidradantesperfumes","8":"product_cat-eudora","9":"product_cat-shampoo-e-condicionador-eudora","10":"product_tag-cabelos","11":"product_tag-cachos","12":"product_tag-eudora","13":"product_tag-shampoo-e-condicionador","15":"first","16":"instock","17":"shipping-taxable","18":"purchasable","19":"product-type-simple"},"_links":{"self":[{"href":"https:\/\/sfashionaccessories.com\/index.php?rest_route=\/wp\/v2\/product\/21377","targetHints":{"allow":["GET"]}}],"collection":[{"href":"https:\/\/sfashionaccessories.com\/index.php?rest_route=\/wp\/v2\/product"}],"about":[{"href":"https:\/\/sfashionaccessories.com\/index.php?rest_route=\/wp\/v2\/types\/product"}],"replies":[{"embeddable":true,"href":"https:\/\/sfashionaccessories.com\/index.php?rest_route=%2Fwp%2Fv2%2Fcomments&post=21377"}],"wp:featuredmedia":[{"embeddable":true,"href":"https:\/\/sfashionaccessories.com\/index.php?rest_route=\/wp\/v2\/media\/21381"}],"wp:attachment":[{"href":"https:\/\/sfashionaccessories.com\/index.php?rest_route=%2Fwp%2Fv2%2Fmedia&parent=21377"}],"wp:term":[{"taxonomy":"product_brand","embeddable":true,"href":"https:\/\/sfashionaccessories.com\/index.php?rest_route=%2Fwp%2Fv2%2Fproduct_brand&post=21377"},{"taxonomy":"product_cat","embeddable":true,"href":"https:\/\/sfashionaccessories.com\/index.php?rest_route=%2Fwp%2Fv2%2Fproduct_cat&post=21377"},{"taxonomy":"product_tag","embeddable":true,"href":"https:\/\/sfashionaccessories.com\/index.php?rest_route=%2Fwp%2Fv2%2Fproduct_tag&post=21377"}],"curies":[{"name":"wp","href":"https:\/\/api.w.org\/{rel}","templated":true}]}}