{"id":21430,"date":"2025-11-26T19:00:41","date_gmt":"2025-11-26T10:00:41","guid":{"rendered":"https:\/\/sfashionaccessories.com\/?post_type=product&#038;p=21430"},"modified":"2026-02-07T21:12:54","modified_gmt":"2026-02-07T12:12:54","slug":"color-trend-brilho-labial-moranguinho-avon","status":"publish","type":"product","link":"https:\/\/sfashionaccessories.com\/?product=color-trend-brilho-labial-moranguinho-avon","title":{"rendered":"Color Trend Brilho Labial Moranguinho-Avon"},"content":{"rendered":"<div class=\"MuiBox-root natds198 natds45 natds197\">\n<p>COLOR TREND BRILHO LABIAL MORANGUINHO<\/p>\n<\/div>\n<p>O ic\u00f4nico Brilho Labial Moranguinho voltou! Paix\u00e3o de muitos brasileiros, esse produto nost\u00e1lgico est\u00e1 novamente entre n\u00f3s. Com aroma doce, ele possui uma textura cremosa que proporciona aos l\u00e1bios um delicioso aroma e sabor de morango.<\/p>\n","protected":false},"excerpt":{"rendered":"<p>COLOR TREND BRILHO LABIAL MORANGUINHO O ic\u00f4nico Brilho Labial Moranguinho voltou! Paix\u00e3o de muitos brasileiros, esse produto nost\u00e1lgico est\u00e1 novamente entre n\u00f3s. Com aroma doce, ele possui uma textura cremosa que proporciona aos l\u00e1bios um delicioso aroma e sabor de morango.<\/p>\n","protected":false},"featured_media":21434,"comment_status":"open","ping_status":"closed","template":"","meta":{"_kadence_starter_templates_imported_post":false},"product_brand":[],"product_cat":[15,548,609,206,293,205],"product_tag":[549,871,676],"class_list":{"0":"post-21430","1":"product","2":"type-product","3":"status-publish","4":"has-post-thumbnail","6":"product_cat-padrao","7":"product_cat-avon","8":"product_cat-batom","9":"product_cat-cosmeticos-cremes-hidradantesperfumes","10":"product_cat-feminino","11":"product_cat-baton-po-brush-maquiagem","12":"product_tag-avon","13":"product_tag-cosmetico","14":"product_tag-maquiagem","16":"first","17":"instock","18":"shipping-taxable","19":"purchasable","20":"product-type-simple"},"_links":{"self":[{"href":"https:\/\/sfashionaccessories.com\/index.php?rest_route=\/wp\/v2\/product\/21430","targetHints":{"allow":["GET"]}}],"collection":[{"href":"https:\/\/sfashionaccessories.com\/index.php?rest_route=\/wp\/v2\/product"}],"about":[{"href":"https:\/\/sfashionaccessories.com\/index.php?rest_route=\/wp\/v2\/types\/product"}],"replies":[{"embeddable":true,"href":"https:\/\/sfashionaccessories.com\/index.php?rest_route=%2Fwp%2Fv2%2Fcomments&post=21430"}],"wp:featuredmedia":[{"embeddable":true,"href":"https:\/\/sfashionaccessories.com\/index.php?rest_route=\/wp\/v2\/media\/21434"}],"wp:attachment":[{"href":"https:\/\/sfashionaccessories.com\/index.php?rest_route=%2Fwp%2Fv2%2Fmedia&parent=21430"}],"wp:term":[{"taxonomy":"product_brand","embeddable":true,"href":"https:\/\/sfashionaccessories.com\/index.php?rest_route=%2Fwp%2Fv2%2Fproduct_brand&post=21430"},{"taxonomy":"product_cat","embeddable":true,"href":"https:\/\/sfashionaccessories.com\/index.php?rest_route=%2Fwp%2Fv2%2Fproduct_cat&post=21430"},{"taxonomy":"product_tag","embeddable":true,"href":"https:\/\/sfashionaccessories.com\/index.php?rest_route=%2Fwp%2Fv2%2Fproduct_tag&post=21430"}],"curies":[{"name":"wp","href":"https:\/\/api.w.org\/{rel}","templated":true}]}}