{"id":21571,"date":"2025-04-18T15:32:08","date_gmt":"2025-04-18T06:32:08","guid":{"rendered":"https:\/\/sfashionaccessories.com\/?post_type=product&#038;p=21571"},"modified":"2026-03-13T16:29:01","modified_gmt":"2026-03-13T07:29:01","slug":"desodorante-antitranspirante-roll-on-tododia-capim-limao-e-hortela-natura","status":"publish","type":"product","link":"https:\/\/sfashionaccessories.com\/?product=desodorante-antitranspirante-roll-on-tododia-capim-limao-e-hortela-natura","title":{"rendered":"Desodorante Antitranspirante Roll-on Tododia Capim Lim\u00e3o e Hortel\u00e3-Natura"},"content":{"rendered":"<div class=\"relative flex\">\n<div class=\"flex gap-2 items-center\"><span class=\"text-sm font-bold\">Natura Capim Lim\u00e3o e Hortel\u00e3: a\u00e7\u00e3o prebi\u00f3tica que protege e perfuma por at\u00e9 48h<\/span><\/div>\n<\/div>\n<div class=\"relative flex\">\n<div class=\"flex gap-2 items-center\"><span class=\"text-sm\">Tododia te ajuda a viver seu corpo livre e protegido com o Desodorante Antitranspirante Natura Capim Lim\u00e3o e Hortel\u00e3. Com a\u00e7\u00e3o prebi\u00f3tica que ajuda no controle do mau odor e oferece prote\u00e7\u00e3o 48 horas contra os efeitos do suor. Sua f\u00f3rmula exclusiva cuida da pele, mant\u00e9m a hidrata\u00e7\u00e3o natural e possui secagem r\u00e1pida que n\u00e3o deixa a pele \u00famida nem pegajosa. Al\u00e9m disso, evita manchas em roupas claras e escuras. Complete seu cuidado di\u00e1rio com nossos desodorantes roll-on Tododia.<\/span><\/div>\n<\/div>\n<div><\/div>\n<div>\n<ul class=\"flex flex-col text-sm gap-1\">\n<li class=\"flex items-center gap-2\" title=\"Hidrata\u00e7\u00e3o com Vitamina E\" aria-label=\"Hidrata\u00e7\u00e3o com Vitamina E\">At<span class=\"text-sm font-bold\">\u00e9 <\/span>\u00a048 horas de Prote<span class=\"text-sm\">\u00e7\u00e3o<\/span><\/li>\n<li title=\"Hidrata\u00e7\u00e3o com Vitamina E\" aria-label=\"Hidrata\u00e7\u00e3o com Vitamina E\"><span class=\"text-sm\">N\u00e3o mancha a roupa<\/span><\/li>\n<\/ul>\n<\/div>\n","protected":false},"excerpt":{"rendered":"<p>Natura Capim Lim\u00e3o e Hortel\u00e3: a\u00e7\u00e3o prebi\u00f3tica que protege e perfuma por at\u00e9 48h Tododia te ajuda a viver seu corpo livre e protegido com o Desodorante Antitranspirante Natura Capim Lim\u00e3o e Hortel\u00e3. Com a\u00e7\u00e3o prebi\u00f3tica que ajuda no controle do mau odor e oferece prote\u00e7\u00e3o 48 horas contra os efeitos do suor. Sua f\u00f3rmula [&hellip;]<\/p>\n","protected":false},"featured_media":21572,"comment_status":"open","ping_status":"closed","template":"","meta":{"_kadence_starter_templates_imported_post":false},"product_brand":[],"product_cat":[206,278,213,293,203],"product_tag":[272,239,502,234],"class_list":{"0":"post-21571","1":"product","2":"type-product","3":"status-publish","4":"has-post-thumbnail","6":"product_cat-cosmeticos-cremes-hidradantesperfumes","7":"product_cat-desodorante-feminino","8":"product_cat-desodorantes-anti-transpirantes","9":"product_cat-feminino","10":"product_cat-natura-creme-oleo-sabonete-perfume","11":"product_tag-cosmeticos","12":"product_tag-desodorante","13":"product_tag-desodorante-feminino","14":"product_tag-natura","16":"first","17":"instock","18":"shipping-taxable","19":"purchasable","20":"product-type-simple"},"_links":{"self":[{"href":"https:\/\/sfashionaccessories.com\/index.php?rest_route=\/wp\/v2\/product\/21571","targetHints":{"allow":["GET"]}}],"collection":[{"href":"https:\/\/sfashionaccessories.com\/index.php?rest_route=\/wp\/v2\/product"}],"about":[{"href":"https:\/\/sfashionaccessories.com\/index.php?rest_route=\/wp\/v2\/types\/product"}],"replies":[{"embeddable":true,"href":"https:\/\/sfashionaccessories.com\/index.php?rest_route=%2Fwp%2Fv2%2Fcomments&post=21571"}],"wp:featuredmedia":[{"embeddable":true,"href":"https:\/\/sfashionaccessories.com\/index.php?rest_route=\/wp\/v2\/media\/21572"}],"wp:attachment":[{"href":"https:\/\/sfashionaccessories.com\/index.php?rest_route=%2Fwp%2Fv2%2Fmedia&parent=21571"}],"wp:term":[{"taxonomy":"product_brand","embeddable":true,"href":"https:\/\/sfashionaccessories.com\/index.php?rest_route=%2Fwp%2Fv2%2Fproduct_brand&post=21571"},{"taxonomy":"product_cat","embeddable":true,"href":"https:\/\/sfashionaccessories.com\/index.php?rest_route=%2Fwp%2Fv2%2Fproduct_cat&post=21571"},{"taxonomy":"product_tag","embeddable":true,"href":"https:\/\/sfashionaccessories.com\/index.php?rest_route=%2Fwp%2Fv2%2Fproduct_tag&post=21571"}],"curies":[{"name":"wp","href":"https:\/\/api.w.org\/{rel}","templated":true}]}}