{"id":21575,"date":"2025-04-18T15:59:30","date_gmt":"2025-04-18T06:59:30","guid":{"rendered":"https:\/\/sfashionaccessories.com\/?post_type=product&#038;p=21575"},"modified":"2026-04-17T19:10:43","modified_gmt":"2026-04-17T10:10:43","slug":"creme-nutritivo-para-as-maos-tododia-algodao-natura","status":"publish","type":"product","link":"https:\/\/sfashionaccessories.com\/?product=creme-nutritivo-para-as-maos-tododia-algodao-natura","title":{"rendered":"Creme Nutritivo para as M\u00e3os Tododia Algod\u00e3o-Natura"},"content":{"rendered":"<div class=\"relative flex\">\n<div class=\"flex gap-2 items-center\"><span class=\"text-sm font-bold\">M\u00e3os macias e hidratadas<\/span><\/div>\n<\/div>\n<div class=\"relative flex\">\n<div class=\"flex gap-2 items-center\"><span class=\"text-sm\">o Creme Nutritivo para as M\u00e3os Tododia Algod\u00e3o \u00e9 uma combina\u00e7\u00e3o perfeita de ingredientes naturais que promovem a sa\u00fade e bem-estar das suas m\u00e3os. enriquecido com a\u00e7\u00e3o prebi\u00f3tica, este creme ajuda a nutrir a flora da pele, proporcionando prote\u00e7\u00e3o e suavidade ao longo do dia. Sua textura leve e cremosa garante f\u00e1cil absor\u00e7\u00e3o, deixando suas m\u00e3os macias e com um toque aveludado. com uma fragr\u00e2ncia suave e envolvente, \u00e9 o toque final que suas m\u00e3os precisam para ficarem cuidadas e perfumadas.<\/span><\/div>\n<\/div>\n","protected":false},"excerpt":{"rendered":"<p>M\u00e3os macias e hidratadas o Creme Nutritivo para as M\u00e3os Tododia Algod\u00e3o \u00e9 uma combina\u00e7\u00e3o perfeita de ingredientes naturais que promovem a sa\u00fade e bem-estar das suas m\u00e3os. enriquecido com a\u00e7\u00e3o prebi\u00f3tica, este creme ajuda a nutrir a flora da pele, proporcionando prote\u00e7\u00e3o e suavidade ao longo do dia. Sua textura leve e cremosa garante [&hellip;]<\/p>\n","protected":false},"featured_media":21576,"comment_status":"open","ping_status":"closed","template":"","meta":{"_kadence_starter_templates_imported_post":false},"product_brand":[],"product_cat":[206,223,293,214,203],"product_tag":[],"class_list":{"0":"post-21575","1":"product","2":"type-product","3":"status-publish","4":"has-post-thumbnail","6":"product_cat-cosmeticos-cremes-hidradantesperfumes","7":"product_cat-cremes-para-maos-e-pes","8":"product_cat-feminino","9":"product_cat-hidratantes-cremes-corporal","10":"product_cat-natura-creme-oleo-sabonete-perfume","12":"first","13":"instock","14":"shipping-taxable","15":"purchasable","16":"product-type-simple"},"_links":{"self":[{"href":"https:\/\/sfashionaccessories.com\/index.php?rest_route=\/wp\/v2\/product\/21575","targetHints":{"allow":["GET"]}}],"collection":[{"href":"https:\/\/sfashionaccessories.com\/index.php?rest_route=\/wp\/v2\/product"}],"about":[{"href":"https:\/\/sfashionaccessories.com\/index.php?rest_route=\/wp\/v2\/types\/product"}],"replies":[{"embeddable":true,"href":"https:\/\/sfashionaccessories.com\/index.php?rest_route=%2Fwp%2Fv2%2Fcomments&post=21575"}],"wp:featuredmedia":[{"embeddable":true,"href":"https:\/\/sfashionaccessories.com\/index.php?rest_route=\/wp\/v2\/media\/21576"}],"wp:attachment":[{"href":"https:\/\/sfashionaccessories.com\/index.php?rest_route=%2Fwp%2Fv2%2Fmedia&parent=21575"}],"wp:term":[{"taxonomy":"product_brand","embeddable":true,"href":"https:\/\/sfashionaccessories.com\/index.php?rest_route=%2Fwp%2Fv2%2Fproduct_brand&post=21575"},{"taxonomy":"product_cat","embeddable":true,"href":"https:\/\/sfashionaccessories.com\/index.php?rest_route=%2Fwp%2Fv2%2Fproduct_cat&post=21575"},{"taxonomy":"product_tag","embeddable":true,"href":"https:\/\/sfashionaccessories.com\/index.php?rest_route=%2Fwp%2Fv2%2Fproduct_tag&post=21575"}],"curies":[{"name":"wp","href":"https:\/\/api.w.org\/{rel}","templated":true}]}}