{"id":21581,"date":"2025-04-18T16:37:35","date_gmt":"2025-04-18T07:37:35","guid":{"rendered":"https:\/\/sfashionaccessories.com\/?post_type=product&#038;p=21581"},"modified":"2026-01-24T14:21:46","modified_gmt":"2026-01-24T05:21:46","slug":"siage-mascara-liso-intenso-250g-eudora","status":"publish","type":"product","link":"https:\/\/sfashionaccessories.com\/?product=siage-mascara-liso-intenso-250g-eudora","title":{"rendered":"Si\u00e0ge M\u00e1scara Liso Intenso &#8211; 250g-Eudora"},"content":{"rendered":"<h1>Si\u00e0ge M\u00e1scara Liso Intenso &#8211; 250g<\/h1>\n<p>A Si\u00e0ge M\u00e1scara Liso Intenso \u00e9 o produto ideal para quem deseja cabelos lisos, sedosos e sem frizz. Com uma f\u00f3rmula exclusiva e tecnologia avan\u00e7ada, essa m\u00e1scara proporciona um tratamento intensivo para os fios, garantindo um efeito liso duradouro e um brilho incr\u00edvel.<\/p>\n<p>Sua f\u00f3rmula cont\u00e9m o exclusivo Complexo Liss Effect, que age diretamente na fibra capilar, alinhando os fios e reduzindo o volume, al\u00e9m de oferecer prote\u00e7\u00e3o contra a umidade e o frizz. Al\u00e9m disso, possui \u00f3leo de argan em sua composi\u00e7\u00e3o, que nutre e hidrata profundamente os cabelos, deixando-os macios e com aspecto saud\u00e1vel.<\/p>\n<p>Com a M\u00e1scara Si\u00e0ge Liso Intenso, voc\u00ea ter\u00e1 cabelos lisos, disciplinados e com movimento natural. Sua textura leve e cremosa facilita a aplica\u00e7\u00e3o e a absor\u00e7\u00e3o dos nutrientes pelos fios, garantindo um resultado eficaz desde a primeira aplica\u00e7\u00e3o.<\/p>\n<p>Al\u00e9m disso, essa m\u00e1scara \u00e9 indicada para todos os tipos de cabelo, inclusive os quimicamente tratados, pois possui uma f\u00f3rmula livre de sulfatos, parabenos e petrolatos, que podem danificar os fios a longo prazo.<\/p>\n<p>&nbsp;<\/p>\n","protected":false},"excerpt":{"rendered":"<p>Si\u00e0ge M\u00e1scara Liso Intenso &#8211; 250g A Si\u00e0ge M\u00e1scara Liso Intenso \u00e9 o produto ideal para quem deseja cabelos lisos, sedosos e sem frizz. Com uma f\u00f3rmula exclusiva e tecnologia avan\u00e7ada, essa m\u00e1scara proporciona um tratamento intensivo para os fios, garantindo um efeito liso duradouro e um brilho incr\u00edvel. Sua f\u00f3rmula cont\u00e9m o exclusivo Complexo [&hellip;]<\/p>\n","protected":false},"featured_media":21586,"comment_status":"open","ping_status":"closed","template":"","meta":{"_kadence_starter_templates_imported_post":false},"product_brand":[],"product_cat":[204,206,790],"product_tag":[272,791],"class_list":{"0":"post-21581","1":"product","2":"type-product","3":"status-publish","4":"has-post-thumbnail","6":"product_cat-matizador-sampoo-condicionador-hidratante","7":"product_cat-cosmeticos-cremes-hidradantesperfumes","8":"product_cat-eudora","9":"product_tag-cosmeticos","10":"product_tag-eudora","12":"first","13":"outofstock","14":"shipping-taxable","15":"purchasable","16":"product-type-simple"},"_links":{"self":[{"href":"https:\/\/sfashionaccessories.com\/index.php?rest_route=\/wp\/v2\/product\/21581","targetHints":{"allow":["GET"]}}],"collection":[{"href":"https:\/\/sfashionaccessories.com\/index.php?rest_route=\/wp\/v2\/product"}],"about":[{"href":"https:\/\/sfashionaccessories.com\/index.php?rest_route=\/wp\/v2\/types\/product"}],"replies":[{"embeddable":true,"href":"https:\/\/sfashionaccessories.com\/index.php?rest_route=%2Fwp%2Fv2%2Fcomments&post=21581"}],"wp:featuredmedia":[{"embeddable":true,"href":"https:\/\/sfashionaccessories.com\/index.php?rest_route=\/wp\/v2\/media\/21586"}],"wp:attachment":[{"href":"https:\/\/sfashionaccessories.com\/index.php?rest_route=%2Fwp%2Fv2%2Fmedia&parent=21581"}],"wp:term":[{"taxonomy":"product_brand","embeddable":true,"href":"https:\/\/sfashionaccessories.com\/index.php?rest_route=%2Fwp%2Fv2%2Fproduct_brand&post=21581"},{"taxonomy":"product_cat","embeddable":true,"href":"https:\/\/sfashionaccessories.com\/index.php?rest_route=%2Fwp%2Fv2%2Fproduct_cat&post=21581"},{"taxonomy":"product_tag","embeddable":true,"href":"https:\/\/sfashionaccessories.com\/index.php?rest_route=%2Fwp%2Fv2%2Fproduct_tag&post=21581"}],"curies":[{"name":"wp","href":"https:\/\/api.w.org\/{rel}","templated":true}]}}