{"id":21594,"date":"2025-04-18T18:07:19","date_gmt":"2025-04-18T09:07:19","guid":{"rendered":"https:\/\/sfashionaccessories.com\/?post_type=product&#038;p=21594"},"modified":"2026-01-08T11:37:30","modified_gmt":"2026-01-08T02:37:30","slug":"sorbet-hidratante-nutritivo-tododia-acerola-e-hibisco-400-ml-natura","status":"publish","type":"product","link":"https:\/\/sfashionaccessories.com\/?product=sorbet-hidratante-nutritivo-tododia-acerola-e-hibisco-400-ml-natura","title":{"rendered":"Sorbet Hidratante Nutritivo Tododia Acerola e Hibisco &#8211; 400 ml &#8211; Natura"},"content":{"rendered":"<div class=\"sc-iGgWBj hZQAA-D sc-dtjvA-D dCHNQc\" data-testid=\"product-detail\">\n<div class=\"sc-iGgWBj jEOEJZ sc-MeVjq husYDx\" data-testid=\"product-detail-description\">\n<div class=\"sc-iGgWBj eWtIHQ sc-jiPWxV dXZeex\" data-testid=\"rich-content-container\">Sorbet Creme Nutritivo Tododia Acerola e Hibisco &#8211; 400 ml &#8211;<\/div>\n<div class=\"sc-iGgWBj eWtIHQ sc-jiPWxV dXZeex\" data-testid=\"rich-content-container\">Sinta seu corpo com o novo creme Sorbet Desodorante Nutritivo Tododia Acerola e Hibisco.<\/div>\n<\/div>\n<div data-testid=\"rich-content-container\"><\/div>\n<div class=\"sc-iGgWBj jEOEJZ sc-MeVjq husYDx\" data-testid=\"product-detail-description\">\n<div class=\"sc-iGgWBj eWtIHQ sc-jiPWxV dXZeex\" data-testid=\"rich-content-container\">\n<div class=\"relative flex\">\n<div class=\"flex gap-2 items-center\"><span class=\"text-sm font-bold\">A hidrata\u00e7\u00e3o mais refrescante do ver\u00e3o<\/span><\/div>\n<\/div>\n<div class=\"relative flex\">\n<div class=\"flex gap-2 items-center\"><span class=\"text-sm\">Sinta seu corpo com o novo creme Sorbet Desodorante Nutritivo Tododia Acerola e Hibisco. Uma combina\u00e7\u00e3o balanceada de ingredientes naturais com a\u00e7\u00e3o prebi\u00f3tica, que alimenta e fortalece a flora da pele e efeito geladinho, que refresca e acalma a pele aliviando a sensa\u00e7\u00e3o de calor. Para um toque ainda mais refrescante, coloque na geladeira e use em seguida. Este creme \u00e9 indicado para todos os tipos de pele, pois se adapta \u00e0s necessidades que cada uma tem.<\/span><\/div>\n<\/div>\n<\/div>\n<\/div>\n<\/div>\n","protected":false},"excerpt":{"rendered":"<p>Sorbet Creme Nutritivo Tododia Acerola e Hibisco &#8211; 400 ml &#8211; Sinta seu corpo com o novo creme Sorbet Desodorante Nutritivo Tododia Acerola e Hibisco. A hidrata\u00e7\u00e3o mais refrescante do ver\u00e3o Sinta seu corpo com o novo creme Sorbet Desodorante Nutritivo Tododia Acerola e Hibisco. Uma combina\u00e7\u00e3o balanceada de ingredientes naturais com a\u00e7\u00e3o prebi\u00f3tica, que [&hellip;]<\/p>\n","protected":false},"featured_media":21597,"comment_status":"open","ping_status":"closed","template":"","meta":{"_kadence_starter_templates_imported_post":false},"product_brand":[],"product_cat":[206,322,278,293,214,203],"product_tag":[272,195,234],"class_list":{"0":"post-21594","1":"product","2":"type-product","3":"status-publish","4":"has-post-thumbnail","6":"product_cat-cosmeticos-cremes-hidradantesperfumes","7":"product_cat-cremes-hidratantes-oleos","8":"product_cat-desodorante-feminino","9":"product_cat-feminino","10":"product_cat-hidratantes-cremes-corporal","11":"product_cat-natura-creme-oleo-sabonete-perfume","12":"product_tag-cosmeticos","13":"product_tag-creme-hidratante","14":"product_tag-natura","16":"first","17":"instock","18":"sale","19":"shipping-taxable","20":"purchasable","21":"product-type-simple"},"_links":{"self":[{"href":"https:\/\/sfashionaccessories.com\/index.php?rest_route=\/wp\/v2\/product\/21594","targetHints":{"allow":["GET"]}}],"collection":[{"href":"https:\/\/sfashionaccessories.com\/index.php?rest_route=\/wp\/v2\/product"}],"about":[{"href":"https:\/\/sfashionaccessories.com\/index.php?rest_route=\/wp\/v2\/types\/product"}],"replies":[{"embeddable":true,"href":"https:\/\/sfashionaccessories.com\/index.php?rest_route=%2Fwp%2Fv2%2Fcomments&post=21594"}],"wp:featuredmedia":[{"embeddable":true,"href":"https:\/\/sfashionaccessories.com\/index.php?rest_route=\/wp\/v2\/media\/21597"}],"wp:attachment":[{"href":"https:\/\/sfashionaccessories.com\/index.php?rest_route=%2Fwp%2Fv2%2Fmedia&parent=21594"}],"wp:term":[{"taxonomy":"product_brand","embeddable":true,"href":"https:\/\/sfashionaccessories.com\/index.php?rest_route=%2Fwp%2Fv2%2Fproduct_brand&post=21594"},{"taxonomy":"product_cat","embeddable":true,"href":"https:\/\/sfashionaccessories.com\/index.php?rest_route=%2Fwp%2Fv2%2Fproduct_cat&post=21594"},{"taxonomy":"product_tag","embeddable":true,"href":"https:\/\/sfashionaccessories.com\/index.php?rest_route=%2Fwp%2Fv2%2Fproduct_tag&post=21594"}],"curies":[{"name":"wp","href":"https:\/\/api.w.org\/{rel}","templated":true}]}}