{"id":21599,"date":"2025-04-18T18:20:58","date_gmt":"2025-04-18T09:20:58","guid":{"rendered":"https:\/\/sfashionaccessories.com\/?post_type=product&#038;p=21599"},"modified":"2026-03-28T15:16:50","modified_gmt":"2026-03-28T06:16:50","slug":"shampoo-antirresiduos-500ml-plancton","status":"publish","type":"product","link":"https:\/\/sfashionaccessories.com\/?product=shampoo-antirresiduos-500ml-plancton","title":{"rendered":"SHAMPOO ANTIRRES\u00cdDUOS 500ML-Plancton"},"content":{"rendered":"<h2><strong>SHAMPOO ANTIRRES\u00cdDUO<\/strong><\/h2>\n<p>A Plancton Professional traz para voc\u00ea Shampoo Antirres\u00edduos\u00a0\u00a0uma inova\u00e7\u00e3o para o cuidado dos cabelos, sua formula\u00e7\u00e3o cont\u00e9m Extrato de Alecrim e Jaborandi que possui propriedades adstringentes e antioxidantes, al\u00e9m de amino\u00e1cidos que estimulam a micro-circula\u00e7\u00e3o, favorecendo a nutri\u00e7\u00e3o e a resist\u00eancia capilar, protegendo os fios das agress\u00f5es externas di\u00e1rias, deixando-os saud\u00e1veis. Promovendo uma limpeza profunda sem agredir os fios.<\/p>\n<p>&nbsp;<\/p>\n<h3>Indica\u00e7\u00e3o:<\/h3>\n<p>Para todos os tipos de cabelos.<br \/>\nIdeal para pr\u00e9 tratamentos profissionais como progressiva, botox dentre outros<\/p>\n<h3><\/h3>\n<h3>Ativos<\/h3>\n<h3>Alecrim:<\/h3>\n<p>Ajuda na\u00a0limpeza do couro cabeludo, atuando na\u00a0desobstru\u00e7\u00e3o dos fol\u00edculos capilares, devido \u00e0 a\u00e7\u00e3o vasodilatadora, estimulante e adstringente. Um couro cabeludo limpo potencializa a circula\u00e7\u00e3o sangu\u00ednea local. \u00a0Ajudando a melhorar a textura e o brilho natural dos cabelos, devido \u00e0 sua a\u00e7\u00e3o adstringente.<\/p>\n<h3>Jaborandi:<\/h3>\n<p>Seu principal objetivo \u00e9 o fortalecimento capilar,\u00a0sendo um excelente aliado no tratamento dos fios. A planta possui princ\u00edpios ativos como os taninos que cont\u00e9m a\u00e7\u00e3o adstringente e auxiliam na limpeza profunda do couro cabeludo, combatendo a oleosidade e a seborr\u00e9ia. O jaborandi tem a subst\u00e2ncia pilocarpina que age na matriz do cabelo e previne a queda capilar, promovendo inclusive, o crescimento das madeixas. Al\u00e9m de ajudar a fortalecer e reparar os fios mais danificados.<\/p>\n<h3><\/h3>\n<h3>Benef\u00edcios:<\/h3>\n<p>Limpa e remove res\u00edduos;<br \/>\nPurifica Profundamente os Cabelos;<br \/>\nN\u00e3o danifica os fios;<br \/>\nCabelos totalmente protegidos;<\/p>\n<h3>Modo de usar:<\/h3>\n<p>Com os cabelos \u00famidos aplique o\u00a0Shampoo Antirres\u00edduos friccionando bem da raiz \u00e0s pontas de forma suave, deixe agir por\u00a03 minutos e enx\u00e1gue. Repita o processo de lavagem se necess\u00e1rio.<\/p>\n<h3>Cont\u00e9m:<\/h3>\n<p>1 Shampoo \u00a0Antirres\u00edduo \u00a0500ml.<\/p>\n<h3>N\u00e3o testado em Animais.<\/h3>\n<h3><\/h3>\n<p>&nbsp;<\/p>\n","protected":false},"excerpt":{"rendered":"<p>SHAMPOO ANTIRRES\u00cdDUO A Plancton Professional traz para voc\u00ea Shampoo Antirres\u00edduos\u00a0\u00a0uma inova\u00e7\u00e3o para o cuidado dos cabelos, sua formula\u00e7\u00e3o cont\u00e9m Extrato de Alecrim e Jaborandi que possui propriedades adstringentes e antioxidantes, al\u00e9m de amino\u00e1cidos que estimulam a micro-circula\u00e7\u00e3o, favorecendo a nutri\u00e7\u00e3o e a resist\u00eancia capilar, protegendo os fios das agress\u00f5es externas di\u00e1rias, deixando-os saud\u00e1veis. Promovendo uma [&hellip;]<\/p>\n","protected":false},"featured_media":21603,"comment_status":"open","ping_status":"closed","template":"","meta":{"_kadence_starter_templates_imported_post":false},"product_brand":[],"product_cat":[206,942],"product_tag":[272,943,126],"class_list":{"0":"post-21599","1":"product","2":"type-product","3":"status-publish","4":"has-post-thumbnail","6":"product_cat-cosmeticos-cremes-hidradantesperfumes","7":"product_cat-plancton","8":"product_tag-cosmeticos","9":"product_tag-plancton","10":"product_tag-shampoo","12":"first","13":"instock","14":"shipping-taxable","15":"purchasable","16":"product-type-simple"},"_links":{"self":[{"href":"https:\/\/sfashionaccessories.com\/index.php?rest_route=\/wp\/v2\/product\/21599","targetHints":{"allow":["GET"]}}],"collection":[{"href":"https:\/\/sfashionaccessories.com\/index.php?rest_route=\/wp\/v2\/product"}],"about":[{"href":"https:\/\/sfashionaccessories.com\/index.php?rest_route=\/wp\/v2\/types\/product"}],"replies":[{"embeddable":true,"href":"https:\/\/sfashionaccessories.com\/index.php?rest_route=%2Fwp%2Fv2%2Fcomments&post=21599"}],"wp:featuredmedia":[{"embeddable":true,"href":"https:\/\/sfashionaccessories.com\/index.php?rest_route=\/wp\/v2\/media\/21603"}],"wp:attachment":[{"href":"https:\/\/sfashionaccessories.com\/index.php?rest_route=%2Fwp%2Fv2%2Fmedia&parent=21599"}],"wp:term":[{"taxonomy":"product_brand","embeddable":true,"href":"https:\/\/sfashionaccessories.com\/index.php?rest_route=%2Fwp%2Fv2%2Fproduct_brand&post=21599"},{"taxonomy":"product_cat","embeddable":true,"href":"https:\/\/sfashionaccessories.com\/index.php?rest_route=%2Fwp%2Fv2%2Fproduct_cat&post=21599"},{"taxonomy":"product_tag","embeddable":true,"href":"https:\/\/sfashionaccessories.com\/index.php?rest_route=%2Fwp%2Fv2%2Fproduct_tag&post=21599"}],"curies":[{"name":"wp","href":"https:\/\/api.w.org\/{rel}","templated":true}]}}