{"id":21604,"date":"2026-01-20T19:39:14","date_gmt":"2026-01-20T10:39:14","guid":{"rendered":"https:\/\/sfashionaccessories.com\/?post_type=product&#038;p=21604"},"modified":"2026-01-24T14:16:16","modified_gmt":"2026-01-24T05:16:16","slug":"refil-oleo-bifasico-desodorante-corporal-ekos-tukuma-natura","status":"publish","type":"product","link":"https:\/\/sfashionaccessories.com\/?product=refil-oleo-bifasico-desodorante-corporal-ekos-tukuma-natura","title":{"rendered":"Refil \u00d3leo Bif\u00e1sico Desodorante Corporal Ekos Tukum\u00e3-Natura"},"content":{"rendered":"<div class=\"bg-white px-6 rounded-semi overflow-hidden\" data-state=\"open\" data-orientation=\"vertical\">\n<div id=\"radix-:r9:\" class=\"overflow-hidden text-sm transition-all data-[state=closed]:animate-accordion-up data-[state=open]:animate-accordion-down border-t-[1px]\" role=\"region\" data-state=\"open\" aria-labelledby=\"radix-:r8:\" data-orientation=\"vertical\">\n<div class=\"pt-4 pb-6 flex flex-col gap-2\">\n<div class=\"relative flex\">\n<div class=\"flex gap-2 items-center\"><span class=\"text-sm font-bold\">Textura deliciosa e surpreendente. Hidratante para o banho, com o frescor das ervas arom\u00e1ticas e um toque de madeiras quentes.<\/span><\/div>\n<\/div>\n<div class=\"relative flex\">\n<div class=\"flex gap-2 items-center\"><span class=\"text-sm\">Um antissinais potente com a\u00e7\u00e3o dupla, o \u00f3leo bruto de tukum\u00e3 combate a perda de \u00e1cido hialur\u00f4nico na pele, j\u00e1 a manteiga bruta de tukum\u00e3 estimula sua produ\u00e7\u00e3o natural, repreenchendo a pele at\u00e9 as camadas mais profundas. Ao escolher um produto da linha Ekos Tukum\u00e3, voc\u00ea fortalece 702 fam\u00edlias guardi\u00e3s da floresta, pela regenera\u00e7\u00e3o da Amaz\u00f4nia.<\/span><\/div>\n<\/div>\n<\/div>\n<\/div>\n<\/div>\n<div class=\"bg-white px-6 rounded-semi overflow-hidden\" data-state=\"closed\" data-orientation=\"vertical\">\n<h2 class=\"flex\" data-orientation=\"vertical\" data-state=\"closed\"><\/h2>\n<\/div>\n","protected":false},"excerpt":{"rendered":"<p>Textura deliciosa e surpreendente. Hidratante para o banho, com o frescor das ervas arom\u00e1ticas e um toque de madeiras quentes. Um antissinais potente com a\u00e7\u00e3o dupla, o \u00f3leo bruto de tukum\u00e3 combate a perda de \u00e1cido hialur\u00f4nico na pele, j\u00e1 a manteiga bruta de tukum\u00e3 estimula sua produ\u00e7\u00e3o natural, repreenchendo a pele at\u00e9 as camadas [&hellip;]<\/p>\n","protected":false},"featured_media":21606,"comment_status":"open","ping_status":"closed","template":"","meta":{"_kadence_starter_templates_imported_post":false},"product_brand":[],"product_cat":[206,322,293,214,203],"product_tag":[272,234,539],"class_list":{"0":"post-21604","1":"product","2":"type-product","3":"status-publish","4":"has-post-thumbnail","6":"product_cat-cosmeticos-cremes-hidradantesperfumes","7":"product_cat-cremes-hidratantes-oleos","8":"product_cat-feminino","9":"product_cat-hidratantes-cremes-corporal","10":"product_cat-natura-creme-oleo-sabonete-perfume","11":"product_tag-cosmeticos","12":"product_tag-natura","13":"product_tag-oleo-corporal","15":"first","16":"instock","17":"sale","18":"shipping-taxable","19":"purchasable","20":"product-type-simple"},"_links":{"self":[{"href":"https:\/\/sfashionaccessories.com\/index.php?rest_route=\/wp\/v2\/product\/21604","targetHints":{"allow":["GET"]}}],"collection":[{"href":"https:\/\/sfashionaccessories.com\/index.php?rest_route=\/wp\/v2\/product"}],"about":[{"href":"https:\/\/sfashionaccessories.com\/index.php?rest_route=\/wp\/v2\/types\/product"}],"replies":[{"embeddable":true,"href":"https:\/\/sfashionaccessories.com\/index.php?rest_route=%2Fwp%2Fv2%2Fcomments&post=21604"}],"wp:featuredmedia":[{"embeddable":true,"href":"https:\/\/sfashionaccessories.com\/index.php?rest_route=\/wp\/v2\/media\/21606"}],"wp:attachment":[{"href":"https:\/\/sfashionaccessories.com\/index.php?rest_route=%2Fwp%2Fv2%2Fmedia&parent=21604"}],"wp:term":[{"taxonomy":"product_brand","embeddable":true,"href":"https:\/\/sfashionaccessories.com\/index.php?rest_route=%2Fwp%2Fv2%2Fproduct_brand&post=21604"},{"taxonomy":"product_cat","embeddable":true,"href":"https:\/\/sfashionaccessories.com\/index.php?rest_route=%2Fwp%2Fv2%2Fproduct_cat&post=21604"},{"taxonomy":"product_tag","embeddable":true,"href":"https:\/\/sfashionaccessories.com\/index.php?rest_route=%2Fwp%2Fv2%2Fproduct_tag&post=21604"}],"curies":[{"name":"wp","href":"https:\/\/api.w.org\/{rel}","templated":true}]}}