{"id":21752,"date":"2025-04-25T18:28:10","date_gmt":"2025-04-25T09:28:10","guid":{"rendered":"https:\/\/sfashionaccessories.com\/?post_type=product&#038;p=21752"},"modified":"2025-12-27T14:59:48","modified_gmt":"2025-12-27T05:59:48","slug":"leau-de-lily-blanche-desodorante-colonia-75ml","status":"publish","type":"product","link":"https:\/\/sfashionaccessories.com\/?product=leau-de-lily-blanche-desodorante-colonia-75ml","title":{"rendered":"L\u2019eau de Lily Blanche Desodorante Col\u00f4nia 75ml"},"content":{"rendered":"<p><b>L\u2019eau de Lily Blanche<\/b>\u00a0de\u00a0<b>O Botic\u00e1rio<\/b>\u00a0\u00e9 um perfume Floral Feminino. Esta \u00e9 uma nova fragr\u00e2ncia.\u00a0<b>L\u2019eau de Lily Blanche<\/b>\u00a0foi lan\u00e7ada em 2025. As notas de topo s\u00e3o: Bergamota, Pimenta Rosa e Mandarina. As notas de cora\u00e7\u00e3o s\u00e3o: Tuberosa, Jasmim e Fr\u00e9sia. As notas de fundo s\u00e3o: Alm\u00edscar Branco, Baunilha, Cedro, Madeira de \u00c2mbar e Musgo.<\/p>\n<p><strong>L\u2019eau de Lily Blanche\u00a0<\/strong>traz a personalidade do floral branco de Lily em uma vers\u00e3o para o dia.<\/p>\n","protected":false},"excerpt":{"rendered":"<p>L\u2019eau de Lily Blanche\u00a0de\u00a0O Botic\u00e1rio\u00a0\u00e9 um perfume Floral Feminino. Esta \u00e9 uma nova fragr\u00e2ncia.\u00a0L\u2019eau de Lily Blanche\u00a0foi lan\u00e7ada em 2025. As notas de topo s\u00e3o: Bergamota, Pimenta Rosa e Mandarina. As notas de cora\u00e7\u00e3o s\u00e3o: Tuberosa, Jasmim e Fr\u00e9sia. As notas de fundo s\u00e3o: Alm\u00edscar Branco, Baunilha, Cedro, Madeira de \u00c2mbar e Musgo. L\u2019eau de [&hellip;]<\/p>\n","protected":false},"featured_media":21825,"comment_status":"open","ping_status":"closed","template":"","meta":{"_kadence_starter_templates_imported_post":false},"product_brand":[],"product_cat":[15,713,206,293,282,295],"product_tag":[272,284,401],"class_list":{"0":"post-21752","1":"product","2":"type-product","3":"status-publish","4":"has-post-thumbnail","6":"product_cat-padrao","7":"product_cat-colonia","8":"product_cat-cosmeticos-cremes-hidradantesperfumes","9":"product_cat-feminino","10":"product_cat-o-boticario","11":"product_cat-o-boticario-2","12":"product_tag-cosmeticos","13":"product_tag-o-boticario","14":"product_tag-perfumes","16":"first","17":"instock","18":"shipping-taxable","19":"purchasable","20":"product-type-simple"},"_links":{"self":[{"href":"https:\/\/sfashionaccessories.com\/index.php?rest_route=\/wp\/v2\/product\/21752","targetHints":{"allow":["GET"]}}],"collection":[{"href":"https:\/\/sfashionaccessories.com\/index.php?rest_route=\/wp\/v2\/product"}],"about":[{"href":"https:\/\/sfashionaccessories.com\/index.php?rest_route=\/wp\/v2\/types\/product"}],"replies":[{"embeddable":true,"href":"https:\/\/sfashionaccessories.com\/index.php?rest_route=%2Fwp%2Fv2%2Fcomments&post=21752"}],"wp:featuredmedia":[{"embeddable":true,"href":"https:\/\/sfashionaccessories.com\/index.php?rest_route=\/wp\/v2\/media\/21825"}],"wp:attachment":[{"href":"https:\/\/sfashionaccessories.com\/index.php?rest_route=%2Fwp%2Fv2%2Fmedia&parent=21752"}],"wp:term":[{"taxonomy":"product_brand","embeddable":true,"href":"https:\/\/sfashionaccessories.com\/index.php?rest_route=%2Fwp%2Fv2%2Fproduct_brand&post=21752"},{"taxonomy":"product_cat","embeddable":true,"href":"https:\/\/sfashionaccessories.com\/index.php?rest_route=%2Fwp%2Fv2%2Fproduct_cat&post=21752"},{"taxonomy":"product_tag","embeddable":true,"href":"https:\/\/sfashionaccessories.com\/index.php?rest_route=%2Fwp%2Fv2%2Fproduct_tag&post=21752"}],"curies":[{"name":"wp","href":"https:\/\/api.w.org\/{rel}","templated":true}]}}