{"id":22032,"date":"2025-05-20T13:55:38","date_gmt":"2025-05-20T04:55:38","guid":{"rendered":"https:\/\/sfashionaccessories.com\/?post_type=product&#038;p=22032"},"modified":"2025-11-27T15:14:44","modified_gmt":"2025-11-27T06:14:44","slug":"condicionador-3d-nutritherapy-300ml","status":"publish","type":"product","link":"https:\/\/sfashionaccessories.com\/?product=condicionador-3d-nutritherapy-300ml","title":{"rendered":"Condicionador 3D NutriTherapy &#8211; 300ml"},"content":{"rendered":"<p style=\"font-weight: 400;\">Com a biotecnologia AMINO-PRO OIL composta por \u00d3leos de Argan e Macad\u00e2mia, Extrato de Moringa, Fitoceramidas e Manteiga de Jojoba, recupera a camada lip\u00eddica promovendo supernutri\u00e7\u00e3o, blinda o fio contra perda da hidrata\u00e7\u00e3o, confere alta maciez, toque sedoso, reduz a ades\u00e3o de polui\u00e7\u00e3o na superf\u00edcie da fibra e mant\u00e9m a cor e as propriedades restauradas por mais tempo, sem pesar!\u00a0Com prote\u00e7\u00e3o t\u00e9rmica e filtro UV vegetal*! A\u00e7\u00e3o antidesbotamento\u00a0que protege o fio dos desgastes causados por a\u00e7\u00e3o do tempo, radicais livres e ferramentas de calor.<\/p>\n<p style=\"font-weight: 400;\"><strong>Como usar o seu condicionador 3D NutriTherapy?<\/strong><strong>\u00a0<\/strong><\/p>\n<p style=\"font-weight: 400;\">Ap\u00f3s lavar os cabelos com Shampoo 3D NutriTherapy, aplicar o condicionador mecha a mecha do comprimento as pontas. Deixe agir por 3 minutos. Enx\u00e1gue!\u00a0Para melhores resultados, recomendamos o uso da linha completa 3D NutriTherapy.<\/p>\n<p style=\"font-weight: 400;\"><strong>Precau\u00e7\u00f5es:<\/strong>\u00a0Uso externo. Manter fora do alcance de crian\u00e7as e animais e em local fresco e ventilado. Em caso de contato acidental com os olhos, enxaguar imediatamente com \u00e1gua em abund\u00e2ncia. Havendo irrita\u00e7\u00e3o, suspender o uso e procurar orienta\u00e7\u00e3o m\u00e9dica.<\/p>\n<p style=\"font-weight: 400;\"><em><strong>*Este produto n\u00e3o \u00e9 um protetor solar.<\/strong>\u00a0<\/em><\/p>\n","protected":false},"excerpt":{"rendered":"<p>Com a biotecnologia AMINO-PRO OIL composta por \u00d3leos de Argan e Macad\u00e2mia, Extrato de Moringa, Fitoceramidas e Manteiga de Jojoba, recupera a camada lip\u00eddica promovendo supernutri\u00e7\u00e3o, blinda o fio contra perda da hidrata\u00e7\u00e3o, confere alta maciez, toque sedoso, reduz a ades\u00e3o de polui\u00e7\u00e3o na superf\u00edcie da fibra e mant\u00e9m a cor e as propriedades restauradas [&hellip;]<\/p>\n","protected":false},"featured_media":22035,"comment_status":"open","ping_status":"closed","template":"","meta":{"_kadence_starter_templates_imported_post":false},"product_brand":[],"product_cat":[15,204,206,524],"product_tag":[476,345,272,486],"class_list":{"0":"post-22032","1":"product","2":"type-product","3":"status-publish","4":"has-post-thumbnail","6":"product_cat-padrao","7":"product_cat-matizador-sampoo-condicionador-hidratante","8":"product_cat-cosmeticos-cremes-hidradantesperfumes","9":"product_cat-magic-color","10":"product_tag-cabelos","11":"product_tag-condicionador","12":"product_tag-cosmeticos","13":"product_tag-magic-color","15":"first","16":"instock","17":"shipping-taxable","18":"purchasable","19":"product-type-simple"},"_links":{"self":[{"href":"https:\/\/sfashionaccessories.com\/index.php?rest_route=\/wp\/v2\/product\/22032","targetHints":{"allow":["GET"]}}],"collection":[{"href":"https:\/\/sfashionaccessories.com\/index.php?rest_route=\/wp\/v2\/product"}],"about":[{"href":"https:\/\/sfashionaccessories.com\/index.php?rest_route=\/wp\/v2\/types\/product"}],"replies":[{"embeddable":true,"href":"https:\/\/sfashionaccessories.com\/index.php?rest_route=%2Fwp%2Fv2%2Fcomments&post=22032"}],"wp:featuredmedia":[{"embeddable":true,"href":"https:\/\/sfashionaccessories.com\/index.php?rest_route=\/wp\/v2\/media\/22035"}],"wp:attachment":[{"href":"https:\/\/sfashionaccessories.com\/index.php?rest_route=%2Fwp%2Fv2%2Fmedia&parent=22032"}],"wp:term":[{"taxonomy":"product_brand","embeddable":true,"href":"https:\/\/sfashionaccessories.com\/index.php?rest_route=%2Fwp%2Fv2%2Fproduct_brand&post=22032"},{"taxonomy":"product_cat","embeddable":true,"href":"https:\/\/sfashionaccessories.com\/index.php?rest_route=%2Fwp%2Fv2%2Fproduct_cat&post=22032"},{"taxonomy":"product_tag","embeddable":true,"href":"https:\/\/sfashionaccessories.com\/index.php?rest_route=%2Fwp%2Fv2%2Fproduct_tag&post=22032"}],"curies":[{"name":"wp","href":"https:\/\/api.w.org\/{rel}","templated":true}]}}