{"id":22036,"date":"2025-05-20T14:10:01","date_gmt":"2025-05-20T05:10:01","guid":{"rendered":"https:\/\/sfashionaccessories.com\/?post_type=product&#038;p=22036"},"modified":"2025-11-27T15:14:54","modified_gmt":"2025-11-27T06:14:54","slug":"shampoo-3d-nutritherapy-300ml","status":"publish","type":"product","link":"https:\/\/sfashionaccessories.com\/?product=shampoo-3d-nutritherapy-300ml","title":{"rendered":"Shampoo 3D NutriTherapy &#8211; 300ml"},"content":{"rendered":"<p style=\"font-weight: 400;\">Com a biotecnologia AMINO-PRO OIL composta por \u00d3leos de Argan e Macad\u00e2mia, Extrato de Moringa e Fitoceramidas, promove limpeza suave, nutre instantaneamente os fios, reduz a ades\u00e3o de polui\u00e7\u00e3o na superf\u00edcie da fibra, confere alta maciez e toque sedoso, mantendo as propriedades restauradas e a cor por mais tempo, sem pesar!\u00a0Com prote\u00e7\u00e3o t\u00e9rmica e filtro UV vegetal*!<\/p>\n<p style=\"font-weight: 400;\"><strong>A\u00c7\u00c3O ANTIDESBOTAMENTO\u00a0<\/strong>que protege o fio dos desgastes causados por a\u00e7\u00e3o do tempo, radicais livres e ferramentas de calor.<\/p>\n<p style=\"font-weight: 400;\"><strong>Modo de Usar:<\/strong>\u00a0Aplique o Shampoo 3D NutriTherapy nos cabelos \u00famidos massageando suavemente.\u00a0Deixe agir por 2min. Enxague! \u00a0Caso necess\u00e1rio, repita a aplica\u00e7\u00e3o.<\/p>\n<p style=\"font-weight: 400;\">Para melhores resultados, recomendamos o uso da linha completa 3D NutriTherapy.<\/p>\n<p style=\"font-weight: 400;\"><strong>Precau\u00e7\u00f5es:<\/strong>\u00a0Uso externo. Manter fora do alcance de crian\u00e7as e animais e em local fresco e ventilado. Em caso de contato acidental com os olhos, enxaguar imediatamente com \u00e1gua em abund\u00e2ncia. Havendo irrita\u00e7\u00e3o, suspender o uso e procurar orienta\u00e7\u00e3o m\u00e9dica.<\/p>\n<p style=\"font-weight: 400;\"><strong>\u00a0<\/strong><\/p>\n","protected":false},"excerpt":{"rendered":"<p>Com a biotecnologia AMINO-PRO OIL composta por \u00d3leos de Argan e Macad\u00e2mia, Extrato de Moringa e Fitoceramidas, promove limpeza suave, nutre instantaneamente os fios, reduz a ades\u00e3o de polui\u00e7\u00e3o na superf\u00edcie da fibra, confere alta maciez e toque sedoso, mantendo as propriedades restauradas e a cor por mais tempo, sem pesar!\u00a0Com prote\u00e7\u00e3o t\u00e9rmica e filtro [&hellip;]<\/p>\n","protected":false},"featured_media":22039,"comment_status":"open","ping_status":"closed","template":"","meta":{"_kadence_starter_templates_imported_post":false},"product_brand":[],"product_cat":[204,206,951],"product_tag":[272,126],"class_list":{"0":"post-22036","1":"product","2":"type-product","3":"status-publish","4":"has-post-thumbnail","6":"product_cat-matizador-sampoo-condicionador-hidratante","7":"product_cat-cosmeticos-cremes-hidradantesperfumes","8":"product_cat-shampoo-condicionador-e-mascara-plancton","9":"product_tag-cosmeticos","10":"product_tag-shampoo","12":"first","13":"instock","14":"shipping-taxable","15":"purchasable","16":"product-type-simple"},"_links":{"self":[{"href":"https:\/\/sfashionaccessories.com\/index.php?rest_route=\/wp\/v2\/product\/22036","targetHints":{"allow":["GET"]}}],"collection":[{"href":"https:\/\/sfashionaccessories.com\/index.php?rest_route=\/wp\/v2\/product"}],"about":[{"href":"https:\/\/sfashionaccessories.com\/index.php?rest_route=\/wp\/v2\/types\/product"}],"replies":[{"embeddable":true,"href":"https:\/\/sfashionaccessories.com\/index.php?rest_route=%2Fwp%2Fv2%2Fcomments&post=22036"}],"wp:featuredmedia":[{"embeddable":true,"href":"https:\/\/sfashionaccessories.com\/index.php?rest_route=\/wp\/v2\/media\/22039"}],"wp:attachment":[{"href":"https:\/\/sfashionaccessories.com\/index.php?rest_route=%2Fwp%2Fv2%2Fmedia&parent=22036"}],"wp:term":[{"taxonomy":"product_brand","embeddable":true,"href":"https:\/\/sfashionaccessories.com\/index.php?rest_route=%2Fwp%2Fv2%2Fproduct_brand&post=22036"},{"taxonomy":"product_cat","embeddable":true,"href":"https:\/\/sfashionaccessories.com\/index.php?rest_route=%2Fwp%2Fv2%2Fproduct_cat&post=22036"},{"taxonomy":"product_tag","embeddable":true,"href":"https:\/\/sfashionaccessories.com\/index.php?rest_route=%2Fwp%2Fv2%2Fproduct_tag&post=22036"}],"curies":[{"name":"wp","href":"https:\/\/api.w.org\/{rel}","templated":true}]}}