{"id":22182,"date":"2026-03-17T15:55:01","date_gmt":"2026-03-17T06:55:01","guid":{"rendered":"https:\/\/sfashionaccessories.com\/?post_type=product&#038;p=22182"},"modified":"2026-03-31T04:16:51","modified_gmt":"2026-03-30T19:16:51","slug":"una-senses-deo-parfum-75-ml","status":"publish","type":"product","link":"https:\/\/sfashionaccessories.com\/?product=una-senses-deo-parfum-75-ml","title":{"rendered":"Una Senses Deo Parfum 75 ml"},"content":{"rendered":"<div class=\"relative flex\">\n<div class=\"flex gap-2 items-center\"><span class=\"text-sm font-bold\">perfuma\u00e7\u00e3o com a for\u00e7a dos elementos da natureza.<\/span><\/div>\n<\/div>\n<div class=\"relative flex\">\n<div class=\"flex gap-2 items-center\"><span class=\"text-sm\">Natura Una Senses te convida a sentir na pele a pot\u00eancia do encontro entre terra e fogo. Esse Deo Parfum possui fragr\u00e2ncia adocicada intensa e \u00e9 perfeito para ocasi\u00f5es especiais.fragr\u00e2ncia:Una Senses combina a pot\u00eancia da tuberosa com tons quentes da terracota. A fragr\u00e2ncia ganha mais for\u00e7a com as notas sensuais e amadeiradas de cashmeran, benjoin e extrato de vanila. O toque final vem do cumaru, ingrediente da biodiversidade brasileira.<\/span><\/div>\n<\/div>\n<div>\n<div class=\"relative flex\">\n<div><\/div>\n<div class=\"flex gap-2 items-center\"><span class=\"text-sm\">fam\u00edlia olfativa<\/span>:\u00a0<span class=\"text-sm font-medium\">adocicado<\/span><\/div>\n<\/div>\n<div class=\"relative flex\">\n<div class=\"flex gap-2 items-center\">\n<div class=\"bg-gray-100 rounded-full p-1\" aria-hidden=\"true\">\n<div class=\"text-center flex items-center justify-center\"><\/div>\n<\/div>\n<p><span class=\"text-sm\">ocasi\u00e3o<\/span>:\u00a0<span class=\"text-sm font-medium\">para sair, ocasi\u00f5es especiais<\/span><\/p>\n<\/div>\n<\/div>\n<\/div>\n","protected":false},"excerpt":{"rendered":"<p>perfuma\u00e7\u00e3o com a for\u00e7a dos elementos da natureza. Natura Una Senses te convida a sentir na pele a pot\u00eancia do encontro entre terra e fogo. Esse Deo Parfum possui fragr\u00e2ncia adocicada intensa e \u00e9 perfeito para ocasi\u00f5es especiais.fragr\u00e2ncia:Una Senses combina a pot\u00eancia da tuberosa com tons quentes da terracota. A fragr\u00e2ncia ganha mais for\u00e7a com [&hellip;]<\/p>\n","protected":false},"featured_media":25602,"comment_status":"open","ping_status":"closed","template":"","meta":{"_kadence_starter_templates_imported_post":false},"product_brand":[],"product_cat":[465,206,213,580,293,203,251,231],"product_tag":[272,234,401],"class_list":{"0":"post-22182","1":"product","2":"type-product","3":"status-publish","4":"has-post-thumbnail","6":"product_cat-anuncios","7":"product_cat-cosmeticos-cremes-hidradantesperfumes","8":"product_cat-desodorantes-anti-transpirantes","9":"product_cat-destaques","10":"product_cat-feminino","11":"product_cat-natura-creme-oleo-sabonete-perfume","12":"product_cat-perfume-perfumes","13":"product_cat-perfumes-natura","14":"product_tag-cosmeticos","15":"product_tag-natura","16":"product_tag-perfumes","18":"first","19":"instock","20":"sale","21":"shipping-taxable","22":"purchasable","23":"product-type-simple"},"_links":{"self":[{"href":"https:\/\/sfashionaccessories.com\/index.php?rest_route=\/wp\/v2\/product\/22182","targetHints":{"allow":["GET"]}}],"collection":[{"href":"https:\/\/sfashionaccessories.com\/index.php?rest_route=\/wp\/v2\/product"}],"about":[{"href":"https:\/\/sfashionaccessories.com\/index.php?rest_route=\/wp\/v2\/types\/product"}],"replies":[{"embeddable":true,"href":"https:\/\/sfashionaccessories.com\/index.php?rest_route=%2Fwp%2Fv2%2Fcomments&post=22182"}],"wp:featuredmedia":[{"embeddable":true,"href":"https:\/\/sfashionaccessories.com\/index.php?rest_route=\/wp\/v2\/media\/25602"}],"wp:attachment":[{"href":"https:\/\/sfashionaccessories.com\/index.php?rest_route=%2Fwp%2Fv2%2Fmedia&parent=22182"}],"wp:term":[{"taxonomy":"product_brand","embeddable":true,"href":"https:\/\/sfashionaccessories.com\/index.php?rest_route=%2Fwp%2Fv2%2Fproduct_brand&post=22182"},{"taxonomy":"product_cat","embeddable":true,"href":"https:\/\/sfashionaccessories.com\/index.php?rest_route=%2Fwp%2Fv2%2Fproduct_cat&post=22182"},{"taxonomy":"product_tag","embeddable":true,"href":"https:\/\/sfashionaccessories.com\/index.php?rest_route=%2Fwp%2Fv2%2Fproduct_tag&post=22182"}],"curies":[{"name":"wp","href":"https:\/\/api.w.org\/{rel}","templated":true}]}}