{"id":22207,"date":"2025-06-08T11:39:57","date_gmt":"2025-06-08T02:39:57","guid":{"rendered":"https:\/\/sfashionaccessories.com\/?post_type=product&#038;p=22207"},"modified":"2025-06-08T11:40:40","modified_gmt":"2025-06-08T02:40:40","slug":"gargantilha-banhada-a-ouro-18k-escrito-jesus-tam-50-5318435000","status":"publish","type":"product","link":"https:\/\/sfashionaccessories.com\/?product=gargantilha-banhada-a-ouro-18k-escrito-jesus-tam-50-5318435000","title":{"rendered":"GARGANTILHA BANHADA A OURO 18K ESCRITO JESUS &#8211; TAM.50 5318435000"},"content":{"rendered":"<h4>Descri\u00e7\u00e3o<\/h4>\n<div class=\"productDescription\">\n<div class=\"productDescription\">Gargantilha fio cadeado composto por pingente escrito jesus. med 50 cm ajust\u00e1vel 45 cm<\/div>\n<\/div>\n<div>Banhado a ouro 18K &#8211; Linha Permanente Rommanel<\/div>\n","protected":false},"excerpt":{"rendered":"<p>Descri\u00e7\u00e3o Gargantilha fio cadeado composto por pingente escrito jesus. med 50 cm ajust\u00e1vel 45 cm Banhado a ouro 18K &#8211; Linha Permanente Rommanel<\/p>\n","protected":false},"featured_media":22210,"comment_status":"open","ping_status":"closed","template":"","meta":{"_kadence_starter_templates_imported_post":false},"product_brand":[],"product_cat":[982,200,373,580,727,723],"product_tag":[182,728,724],"class_list":{"0":"post-22207","1":"product","2":"type-product","3":"status-publish","4":"has-post-thumbnail","6":"product_cat-acessorio","7":"product_cat-acessorios-bijuterias-semi-joias","8":"product_cat-colares","9":"product_cat-destaques","10":"product_cat-gargantilha","11":"product_cat-rommanel","12":"product_tag-acessorios","13":"product_tag-gargantilha","14":"product_tag-rommanel","16":"first","17":"instock","18":"shipping-taxable","19":"purchasable","20":"product-type-simple"},"_links":{"self":[{"href":"https:\/\/sfashionaccessories.com\/index.php?rest_route=\/wp\/v2\/product\/22207","targetHints":{"allow":["GET"]}}],"collection":[{"href":"https:\/\/sfashionaccessories.com\/index.php?rest_route=\/wp\/v2\/product"}],"about":[{"href":"https:\/\/sfashionaccessories.com\/index.php?rest_route=\/wp\/v2\/types\/product"}],"replies":[{"embeddable":true,"href":"https:\/\/sfashionaccessories.com\/index.php?rest_route=%2Fwp%2Fv2%2Fcomments&post=22207"}],"wp:featuredmedia":[{"embeddable":true,"href":"https:\/\/sfashionaccessories.com\/index.php?rest_route=\/wp\/v2\/media\/22210"}],"wp:attachment":[{"href":"https:\/\/sfashionaccessories.com\/index.php?rest_route=%2Fwp%2Fv2%2Fmedia&parent=22207"}],"wp:term":[{"taxonomy":"product_brand","embeddable":true,"href":"https:\/\/sfashionaccessories.com\/index.php?rest_route=%2Fwp%2Fv2%2Fproduct_brand&post=22207"},{"taxonomy":"product_cat","embeddable":true,"href":"https:\/\/sfashionaccessories.com\/index.php?rest_route=%2Fwp%2Fv2%2Fproduct_cat&post=22207"},{"taxonomy":"product_tag","embeddable":true,"href":"https:\/\/sfashionaccessories.com\/index.php?rest_route=%2Fwp%2Fv2%2Fproduct_tag&post=22207"}],"curies":[{"name":"wp","href":"https:\/\/api.w.org\/{rel}","templated":true}]}}