{"id":22228,"date":"2025-05-27T17:38:01","date_gmt":"2025-05-27T08:38:01","guid":{"rendered":"https:\/\/sfashionaccessories.com\/?post_type=product&#038;p=22228"},"modified":"2025-08-08T13:58:18","modified_gmt":"2025-08-08T04:58:18","slug":"calca-capri-jeans-feminina-premium-collection-c596-01","status":"publish","type":"product","link":"https:\/\/sfashionaccessories.com\/?product=calca-capri-jeans-feminina-premium-collection-c596-01","title":{"rendered":"Cal\u00e7a Capri Jeans Feminina Premium Collection &#8211; C596-01"},"content":{"rendered":"<p><strong>CAL\u00c7A JEANS FEMININA PREMIUM COLLECTION &#8211;<\/strong><\/p>\n<p>&nbsp;<\/p>\n<p>Voc\u00eas j\u00e1 conhecem nossas cal\u00e7as jeans? S\u00e3o o maior sucesso, uma uni\u00e3o de estilo, conforto e qualidade. Aquela cal\u00e7a cheia de estilo e com aquele caimento perfeito. Al\u00e9m disso nossas cal\u00e7as jeans s\u00e3o conhecidas por sua durabilidade e conforto, tonando-a uma escolha pr\u00e1tica e funcional para o dia a dia. Ela ainda permite infinitas combina\u00e7\u00f5es de looks, sendo um \u00edtem b\u00e1sico e vers\u00e1til que combina com qualquer personalidade.<\/p>\n<p>&nbsp;<\/p>\n<p>COMPOSI\u00c7\u00c3O<\/p>\n<p>91% ALGOD\u00c3O<\/p>\n<p>03% ELASTO MULTIESTER<\/p>\n<p>06% ELASTANO<\/p>\n","protected":false},"excerpt":{"rendered":"<p>CAL\u00c7A JEANS FEMININA PREMIUM COLLECTION &#8211; &nbsp; Voc\u00eas j\u00e1 conhecem nossas cal\u00e7as jeans? S\u00e3o o maior sucesso, uma uni\u00e3o de estilo, conforto e qualidade. Aquela cal\u00e7a cheia de estilo e com aquele caimento perfeito. Al\u00e9m disso nossas cal\u00e7as jeans s\u00e3o conhecidas por sua durabilidade e conforto, tonando-a uma escolha pr\u00e1tica e funcional para o dia [&hellip;]<\/p>\n","protected":false},"featured_media":22261,"comment_status":"open","ping_status":"closed","template":"","meta":{"_kadence_starter_templates_imported_post":false},"product_brand":[],"product_cat":[15,508,153,580,293,525],"product_tag":[242,470,526],"class_list":{"0":"post-22228","1":"product","2":"type-product","3":"status-publish","4":"has-post-thumbnail","6":"product_cat-padrao","7":"product_cat-calcas-femininas","8":"product_cat-casual","9":"product_cat-destaques","10":"product_cat-feminino","11":"product_cat-models-jeans","12":"product_tag-calcas-femininas","13":"product_tag-calcas-jeans","14":"product_tag-models","16":"first","17":"instock","18":"sale","19":"shipping-taxable","20":"purchasable","21":"product-type-variable"},"_links":{"self":[{"href":"https:\/\/sfashionaccessories.com\/index.php?rest_route=\/wp\/v2\/product\/22228","targetHints":{"allow":["GET"]}}],"collection":[{"href":"https:\/\/sfashionaccessories.com\/index.php?rest_route=\/wp\/v2\/product"}],"about":[{"href":"https:\/\/sfashionaccessories.com\/index.php?rest_route=\/wp\/v2\/types\/product"}],"replies":[{"embeddable":true,"href":"https:\/\/sfashionaccessories.com\/index.php?rest_route=%2Fwp%2Fv2%2Fcomments&post=22228"}],"wp:featuredmedia":[{"embeddable":true,"href":"https:\/\/sfashionaccessories.com\/index.php?rest_route=\/wp\/v2\/media\/22261"}],"wp:attachment":[{"href":"https:\/\/sfashionaccessories.com\/index.php?rest_route=%2Fwp%2Fv2%2Fmedia&parent=22228"}],"wp:term":[{"taxonomy":"product_brand","embeddable":true,"href":"https:\/\/sfashionaccessories.com\/index.php?rest_route=%2Fwp%2Fv2%2Fproduct_brand&post=22228"},{"taxonomy":"product_cat","embeddable":true,"href":"https:\/\/sfashionaccessories.com\/index.php?rest_route=%2Fwp%2Fv2%2Fproduct_cat&post=22228"},{"taxonomy":"product_tag","embeddable":true,"href":"https:\/\/sfashionaccessories.com\/index.php?rest_route=%2Fwp%2Fv2%2Fproduct_tag&post=22228"}],"curies":[{"name":"wp","href":"https:\/\/api.w.org\/{rel}","templated":true}]}}