{"id":22237,"date":"2025-05-27T18:12:52","date_gmt":"2025-05-27T09:12:52","guid":{"rendered":"https:\/\/sfashionaccessories.com\/?post_type=product&#038;p=22237"},"modified":"2025-12-28T16:51:28","modified_gmt":"2025-12-28T07:51:28","slug":"calca-jeans-feminina-premium-collection-c-647","status":"publish","type":"product","link":"https:\/\/sfashionaccessories.com\/?product=calca-jeans-feminina-premium-collection-c-647","title":{"rendered":"CAL\u00c7A JEANS FEMININA PREMIUM COLLECTION -C 647"},"content":{"rendered":"<p><strong>CAL\u00c7A JEANS FEMININA PREMIUM COLLECTION &#8211;<\/strong><\/p>\n<p>&nbsp;<\/p>\n<p>Voc\u00eas j\u00e1 conhecem nossas cal\u00e7as jeans? S\u00e3o o maior sucesso, uma uni\u00e3o de estilo, conforto e qualidade. Aquela cal\u00e7a cheia de estilo e com aquele caimento perfeito. Al\u00e9m disso nossas cal\u00e7as jeans s\u00e3o conhecidas por sua durabilidade e conforto, tonando-a uma escolha pr\u00e1tica e funcional para o dia a dia. Ela ainda permite infinitas combina\u00e7\u00f5es de looks, sendo um \u00edtem b\u00e1sico e vers\u00e1til que combina com qualquer personalidade.<\/p>\n<p>&nbsp;<\/p>\n<p>COMPOSI\u00c7\u00c3O<\/p>\n<p>92% ALGOD\u00c3O<\/p>\n<p>06% ELASTO MULTIESTER<\/p>\n<p>02% ELASTANO<\/p>\n","protected":false},"excerpt":{"rendered":"<p>CAL\u00c7A JEANS FEMININA PREMIUM COLLECTION &#8211; &nbsp; Voc\u00eas j\u00e1 conhecem nossas cal\u00e7as jeans? S\u00e3o o maior sucesso, uma uni\u00e3o de estilo, conforto e qualidade. Aquela cal\u00e7a cheia de estilo e com aquele caimento perfeito. Al\u00e9m disso nossas cal\u00e7as jeans s\u00e3o conhecidas por sua durabilidade e conforto, tonando-a uma escolha pr\u00e1tica e funcional para o dia [&hellip;]<\/p>\n","protected":false},"featured_media":22257,"comment_status":"open","ping_status":"closed","template":"","meta":{"_kadence_starter_templates_imported_post":false},"product_brand":[],"product_cat":[508,153,293,527,525],"product_tag":[470,188,526],"class_list":{"0":"post-22237","1":"product","2":"type-product","3":"status-publish","4":"has-post-thumbnail","6":"product_cat-calcas-femininas","7":"product_cat-casual","8":"product_cat-feminino","9":"product_cat-jeans","10":"product_cat-models-jeans","11":"product_tag-calcas-jeans","12":"product_tag-moda-feminina","13":"product_tag-models","15":"first","16":"instock","17":"shipping-taxable","18":"purchasable","19":"product-type-variable"},"_links":{"self":[{"href":"https:\/\/sfashionaccessories.com\/index.php?rest_route=\/wp\/v2\/product\/22237","targetHints":{"allow":["GET"]}}],"collection":[{"href":"https:\/\/sfashionaccessories.com\/index.php?rest_route=\/wp\/v2\/product"}],"about":[{"href":"https:\/\/sfashionaccessories.com\/index.php?rest_route=\/wp\/v2\/types\/product"}],"replies":[{"embeddable":true,"href":"https:\/\/sfashionaccessories.com\/index.php?rest_route=%2Fwp%2Fv2%2Fcomments&post=22237"}],"wp:featuredmedia":[{"embeddable":true,"href":"https:\/\/sfashionaccessories.com\/index.php?rest_route=\/wp\/v2\/media\/22257"}],"wp:attachment":[{"href":"https:\/\/sfashionaccessories.com\/index.php?rest_route=%2Fwp%2Fv2%2Fmedia&parent=22237"}],"wp:term":[{"taxonomy":"product_brand","embeddable":true,"href":"https:\/\/sfashionaccessories.com\/index.php?rest_route=%2Fwp%2Fv2%2Fproduct_brand&post=22237"},{"taxonomy":"product_cat","embeddable":true,"href":"https:\/\/sfashionaccessories.com\/index.php?rest_route=%2Fwp%2Fv2%2Fproduct_cat&post=22237"},{"taxonomy":"product_tag","embeddable":true,"href":"https:\/\/sfashionaccessories.com\/index.php?rest_route=%2Fwp%2Fv2%2Fproduct_tag&post=22237"}],"curies":[{"name":"wp","href":"https:\/\/api.w.org\/{rel}","templated":true}]}}