{"id":22248,"date":"2025-05-27T19:06:33","date_gmt":"2025-05-27T10:06:33","guid":{"rendered":"https:\/\/sfashionaccessories.com\/?post_type=product&#038;p=22248"},"modified":"2025-08-25T20:50:25","modified_gmt":"2025-08-25T11:50:25","slug":"calca-jeans-feminina-premium-collection-c594-02","status":"publish","type":"product","link":"https:\/\/sfashionaccessories.com\/?product=calca-jeans-feminina-premium-collection-c594-02","title":{"rendered":"Cal\u00e7a Jeans Feminina Premium Collection &#8211; C594-02"},"content":{"rendered":"<h6 class=\"font-body mb-4\">Descri\u00e7\u00e3o<\/h6>\n<div class=\"user-content font-small mb-4\">\n<p>Cal\u00e7a Jeans Feminina Premium Collection &#8211; C594-02<\/p>\n<p>&nbsp;<\/p>\n<p>Voc\u00eas j\u00e1 conhecem nossas cal\u00e7as jeans? S\u00e3o o maior sucesso, uma uni\u00e3o de estilo, conforto e qualidade. Aquela cal\u00e7a cheia de estilo e com aquele caimento perfeito. Al\u00e9m disso nossas cal\u00e7as jeans s\u00e3o conhecidas por sua durabilidade e conforto, tonando-a uma escolha pr\u00e1tica e funcional para o dia a dia. Ela ainda permite infinitas combina\u00e7\u00f5es de looks, sendo um \u00edtem b\u00e1sico e vers\u00e1til que combina com qualquer personalidade.<\/p>\n<p>&nbsp;<\/p>\n<p>COMPOSI\u00c7\u00c3O<\/p>\n<p>&nbsp;<\/p>\n<p>89% ALGOD\u00c3O<\/p>\n<p>08% ELASTOMULTIESTER<\/p>\n<p>03% ELASTANO<\/p>\n<\/div>\n","protected":false},"excerpt":{"rendered":"<p>Descri\u00e7\u00e3o Cal\u00e7a Jeans Feminina Premium Collection &#8211; C594-02 &nbsp; Voc\u00eas j\u00e1 conhecem nossas cal\u00e7as jeans? S\u00e3o o maior sucesso, uma uni\u00e3o de estilo, conforto e qualidade. Aquela cal\u00e7a cheia de estilo e com aquele caimento perfeito. Al\u00e9m disso nossas cal\u00e7as jeans s\u00e3o conhecidas por sua durabilidade e conforto, tonando-a uma escolha pr\u00e1tica e funcional para [&hellip;]<\/p>\n","protected":false},"featured_media":22252,"comment_status":"open","ping_status":"closed","template":"","meta":{"_kadence_starter_templates_imported_post":false},"product_brand":[],"product_cat":[15,508,153,580,293,527,525],"product_tag":[470,188,526],"class_list":{"0":"post-22248","1":"product","2":"type-product","3":"status-publish","4":"has-post-thumbnail","6":"product_cat-padrao","7":"product_cat-calcas-femininas","8":"product_cat-casual","9":"product_cat-destaques","10":"product_cat-feminino","11":"product_cat-jeans","12":"product_cat-models-jeans","13":"product_tag-calcas-jeans","14":"product_tag-moda-feminina","15":"product_tag-models","17":"first","18":"instock","19":"sale","20":"shipping-taxable","21":"purchasable","22":"product-type-variable"},"_links":{"self":[{"href":"https:\/\/sfashionaccessories.com\/index.php?rest_route=\/wp\/v2\/product\/22248","targetHints":{"allow":["GET"]}}],"collection":[{"href":"https:\/\/sfashionaccessories.com\/index.php?rest_route=\/wp\/v2\/product"}],"about":[{"href":"https:\/\/sfashionaccessories.com\/index.php?rest_route=\/wp\/v2\/types\/product"}],"replies":[{"embeddable":true,"href":"https:\/\/sfashionaccessories.com\/index.php?rest_route=%2Fwp%2Fv2%2Fcomments&post=22248"}],"wp:featuredmedia":[{"embeddable":true,"href":"https:\/\/sfashionaccessories.com\/index.php?rest_route=\/wp\/v2\/media\/22252"}],"wp:attachment":[{"href":"https:\/\/sfashionaccessories.com\/index.php?rest_route=%2Fwp%2Fv2%2Fmedia&parent=22248"}],"wp:term":[{"taxonomy":"product_brand","embeddable":true,"href":"https:\/\/sfashionaccessories.com\/index.php?rest_route=%2Fwp%2Fv2%2Fproduct_brand&post=22248"},{"taxonomy":"product_cat","embeddable":true,"href":"https:\/\/sfashionaccessories.com\/index.php?rest_route=%2Fwp%2Fv2%2Fproduct_cat&post=22248"},{"taxonomy":"product_tag","embeddable":true,"href":"https:\/\/sfashionaccessories.com\/index.php?rest_route=%2Fwp%2Fv2%2Fproduct_tag&post=22248"}],"curies":[{"name":"wp","href":"https:\/\/api.w.org\/{rel}","templated":true}]}}