{"id":22265,"date":"2025-05-27T19:34:17","date_gmt":"2025-05-27T10:34:17","guid":{"rendered":"https:\/\/sfashionaccessories.com\/?post_type=product&#038;p=22265"},"modified":"2025-05-28T08:57:02","modified_gmt":"2025-05-27T23:57:02","slug":"calca-jeans-feminina-premium-collection-c509-01","status":"publish","type":"product","link":"https:\/\/sfashionaccessories.com\/?product=calca-jeans-feminina-premium-collection-c509-01","title":{"rendered":"Cal\u00e7a Jeans Feminina Premium Collection &#8211; C509-01"},"content":{"rendered":"<h6 class=\"font-body mb-4\">Descri\u00e7\u00e3o<\/h6>\n<div class=\"user-content font-small mb-4\">\n<p><strong>Cal\u00e7a Jeans Feminina Premium Collection &#8211; C509-01<\/strong><\/p>\n<p>Voc\u00eas j\u00e1 conhecem nossas cal\u00e7as jeans? S\u00e3o o maior sucesso, uma uni\u00e3o de estilo, conforto e qualidade. Aquela cal\u00e7a cheia de estilo e com aquele caimento perfeito. Al\u00e9m disso nossas cal\u00e7as jeans s\u00e3o conhecidas por sua durabilidade e conforto, tonando-a uma escolha pr\u00e1tica e funcional para o dia a dia. Ela ainda permite infinitas combina\u00e7\u00f5es de looks, sendo um \u00edtem b\u00e1sico e vers\u00e1til que combina com qualquer personalidade.<\/p>\n<p>&nbsp;<\/p>\n<p>COMPOSI\u00c7\u00c3O<\/p>\n<p>89% ALGOD\u00c3O<\/p>\n<p>08% ELASTOMULTIESTER<\/p>\n<p>03% ELASTANO<\/p>\n<\/div>\n<div id=\"reviewsapp\"><\/div>\n","protected":false},"excerpt":{"rendered":"<p>Descri\u00e7\u00e3o Cal\u00e7a Jeans Feminina Premium Collection &#8211; C509-01 Voc\u00eas j\u00e1 conhecem nossas cal\u00e7as jeans? S\u00e3o o maior sucesso, uma uni\u00e3o de estilo, conforto e qualidade. Aquela cal\u00e7a cheia de estilo e com aquele caimento perfeito. Al\u00e9m disso nossas cal\u00e7as jeans s\u00e3o conhecidas por sua durabilidade e conforto, tonando-a uma escolha pr\u00e1tica e funcional para o [&hellip;]<\/p>\n","protected":false},"featured_media":22267,"comment_status":"open","ping_status":"closed","template":"","meta":{"_kadence_starter_templates_imported_post":false},"product_brand":[],"product_cat":[15,508,293,527,525],"product_tag":[242,134,526],"class_list":{"0":"post-22265","1":"product","2":"type-product","3":"status-publish","4":"has-post-thumbnail","6":"product_cat-padrao","7":"product_cat-calcas-femininas","8":"product_cat-feminino","9":"product_cat-jeans","10":"product_cat-models-jeans","11":"product_tag-calcas-femininas","12":"product_tag-jeans","13":"product_tag-models","15":"first","16":"instock","17":"sale","18":"shipping-taxable","19":"purchasable","20":"product-type-variable"},"_links":{"self":[{"href":"https:\/\/sfashionaccessories.com\/index.php?rest_route=\/wp\/v2\/product\/22265","targetHints":{"allow":["GET"]}}],"collection":[{"href":"https:\/\/sfashionaccessories.com\/index.php?rest_route=\/wp\/v2\/product"}],"about":[{"href":"https:\/\/sfashionaccessories.com\/index.php?rest_route=\/wp\/v2\/types\/product"}],"replies":[{"embeddable":true,"href":"https:\/\/sfashionaccessories.com\/index.php?rest_route=%2Fwp%2Fv2%2Fcomments&post=22265"}],"wp:featuredmedia":[{"embeddable":true,"href":"https:\/\/sfashionaccessories.com\/index.php?rest_route=\/wp\/v2\/media\/22267"}],"wp:attachment":[{"href":"https:\/\/sfashionaccessories.com\/index.php?rest_route=%2Fwp%2Fv2%2Fmedia&parent=22265"}],"wp:term":[{"taxonomy":"product_brand","embeddable":true,"href":"https:\/\/sfashionaccessories.com\/index.php?rest_route=%2Fwp%2Fv2%2Fproduct_brand&post=22265"},{"taxonomy":"product_cat","embeddable":true,"href":"https:\/\/sfashionaccessories.com\/index.php?rest_route=%2Fwp%2Fv2%2Fproduct_cat&post=22265"},{"taxonomy":"product_tag","embeddable":true,"href":"https:\/\/sfashionaccessories.com\/index.php?rest_route=%2Fwp%2Fv2%2Fproduct_tag&post=22265"}],"curies":[{"name":"wp","href":"https:\/\/api.w.org\/{rel}","templated":true}]}}