{"id":22331,"date":"2025-05-30T19:24:05","date_gmt":"2025-05-30T10:24:05","guid":{"rendered":"https:\/\/sfashionaccessories.com\/?post_type=product&#038;p=22331"},"modified":"2026-05-08T15:16:28","modified_gmt":"2026-05-08T06:16:28","slug":"creme-hidratante-acetinado-lily-absolu-250g","status":"publish","type":"product","link":"https:\/\/sfashionaccessories.com\/?product=creme-hidratante-acetinado-lily-absolu-250g","title":{"rendered":"Creme Hidratante Acetinado Lily Absolu, 250g"},"content":{"rendered":"<p><span data-sheets-userformat=\"{&quot;2&quot;:13249,&quot;3&quot;:{&quot;1&quot;:0},&quot;9&quot;:0,&quot;10&quot;:0,&quot;11&quot;:4,&quot;12&quot;:0,&quot;15&quot;:&quot;Arial&quot;,&quot;16&quot;:10}\" data-sheets-value=\"{&quot;1&quot;:2,&quot;2&quot;:&quot;A marca Lily revela fragr\u00e2ncias que valorizam a riqueza e a tradi\u00e7\u00e3o cl\u00e1ssica da perfumaria, extraindo o perfume da Flor de L\u00edrio atrav\u00e9s da antiga t\u00e9cnica enfleurage, um processo artesanal que traduz com fidelidade as melhores notas dos l\u00edrios rec\u00e9m colhidos, criando a fragr\u00e2ncia \u00fanica de Lily.\\n\\nComposto por manteiga de Karit\u00e9 e Vitamina E, o Creme Hidratante Acetinado Lily Absolu \u00e9 a combina\u00e7\u00e3o perfeita entre uma fragr\u00e2ncia intensa e prolongada e uma pele protegida e hidratada at\u00e9 48 horas. Com uma textura aveludada e macia que desliza facilmente na pele.\\n\\nFam\u00edlia Olfativa: Floriental Frutal\\n\\n- Fragr\u00e2ncia intensa e prolongada;\\n- Hidrata\u00e7\u00e3o at\u00e9 48h;\\n- Textura macia e aveludada;\\n- Desliza suavemente na tua pele.\\n\\nComo usar: Aplicar o Creme Hidratante Acetinado Lily Absolu no corpo todo ap\u00f3s o banho ou sempre que desejares.&quot;}\">A marca Lily revela<strong>\u00a0fragr\u00e2ncias que valorizam a riqueza e a tradi\u00e7\u00e3o cl\u00e1ssica da perfumaria<\/strong>, extraindo o\u00a0<strong>perfume da Flor de L\u00edrio<\/strong>\u00a0atrav\u00e9s da antiga t\u00e9cnica enfleurage, um processo artesanal que traduz com fidelidade as melhores notas dos l\u00edrios rec\u00e9m colhidos, criando a fragr\u00e2ncia \u00fanica de Lily.<\/span><\/p>\n<p>Composto por\u00a0<strong>manteiga de Karit\u00e9 e Vitamina E,<\/strong>\u00a0o\u00a0<strong>Creme Hidratante Acetinado Lily<\/strong>\u00a0<strong>Absolu<\/strong>\u00a0\u00e9 a combina\u00e7\u00e3o perfeita entre uma<strong>\u00a0fragr\u00e2ncia intensa<\/strong>\u00a0e prolongada e uma\u00a0<strong>pele protegida e hidratada at\u00e9 48 horas<\/strong>. Com uma\u00a0<strong>textura aveludada<\/strong>\u00a0e\u00a0<strong>macia<\/strong>\u00a0que desliza facilmente na pele.<\/p>\n<p><strong>Fam\u00edlia Olfativa:<\/strong>\u00a0Floriental Frutal<\/p>\n<p>&nbsp;<\/p>\n<ul>\n<li><span data-sheets-userformat=\"{&quot;2&quot;:13249,&quot;3&quot;:{&quot;1&quot;:0},&quot;9&quot;:0,&quot;10&quot;:0,&quot;11&quot;:4,&quot;12&quot;:0,&quot;15&quot;:&quot;Arial&quot;,&quot;16&quot;:10}\" data-sheets-value=\"{&quot;1&quot;:2,&quot;2&quot;:&quot;A marca Lily revela fragr\u00e2ncias que valorizam a riqueza e a tradi\u00e7\u00e3o cl\u00e1ssica da perfumaria, extraindo o perfume da Flor de L\u00edrio atrav\u00e9s da antiga t\u00e9cnica enfleurage, um processo artesanal que traduz com fidelidade as melhores notas dos l\u00edrios rec\u00e9m colhidos, criando a fragr\u00e2ncia \u00fanica de Lily.\\n\\nComposto por manteiga de Karit\u00e9 e Vitamina E, o Creme Hidratante Acetinado Lily Absolu \u00e9 a combina\u00e7\u00e3o perfeita entre uma fragr\u00e2ncia intensa e prolongada e uma pele protegida e hidratada at\u00e9 48 horas. Com uma textura aveludada e macia que desliza facilmente na pele.\\n\\nFam\u00edlia Olfativa: Floriental Frutal\\n\\n- Fragr\u00e2ncia intensa e prolongada;\\n- Hidrata\u00e7\u00e3o at\u00e9 48h;\\n- Textura macia e aveludada;\\n- Desliza suavemente na tua pele.\\n\\nComo usar: Aplicar o Creme Hidratante Acetinado Lily Absolu no corpo todo ap\u00f3s o banho ou sempre que desejares.&quot;}\">Fragr\u00e2ncia intensa e prolongada;<\/span><\/li>\n<li><span data-sheets-userformat=\"{&quot;2&quot;:13249,&quot;3&quot;:{&quot;1&quot;:0},&quot;9&quot;:0,&quot;10&quot;:0,&quot;11&quot;:4,&quot;12&quot;:0,&quot;15&quot;:&quot;Arial&quot;,&quot;16&quot;:10}\" data-sheets-value=\"{&quot;1&quot;:2,&quot;2&quot;:&quot;A marca Lily revela fragr\u00e2ncias que valorizam a riqueza e a tradi\u00e7\u00e3o cl\u00e1ssica da perfumaria, extraindo o perfume da Flor de L\u00edrio atrav\u00e9s da antiga t\u00e9cnica enfleurage, um processo artesanal que traduz com fidelidade as melhores notas dos l\u00edrios rec\u00e9m colhidos, criando a fragr\u00e2ncia \u00fanica de Lily.\\n\\nComposto por manteiga de Karit\u00e9 e Vitamina E, o Creme Hidratante Acetinado Lily Absolu \u00e9 a combina\u00e7\u00e3o perfeita entre uma fragr\u00e2ncia intensa e prolongada e uma pele protegida e hidratada at\u00e9 48 horas. Com uma textura aveludada e macia que desliza facilmente na pele.\\n\\nFam\u00edlia Olfativa: Floriental Frutal\\n\\n- Fragr\u00e2ncia intensa e prolongada;\\n- Hidrata\u00e7\u00e3o at\u00e9 48h;\\n- Textura macia e aveludada;\\n- Desliza suavemente na tua pele.\\n\\nComo usar: Aplicar o Creme Hidratante Acetinado Lily Absolu no corpo todo ap\u00f3s o banho ou sempre que desejares.&quot;}\">Hidrata\u00e7\u00e3o at\u00e9 48h;<\/span><\/li>\n<li><span data-sheets-userformat=\"{&quot;2&quot;:13249,&quot;3&quot;:{&quot;1&quot;:0},&quot;9&quot;:0,&quot;10&quot;:0,&quot;11&quot;:4,&quot;12&quot;:0,&quot;15&quot;:&quot;Arial&quot;,&quot;16&quot;:10}\" data-sheets-value=\"{&quot;1&quot;:2,&quot;2&quot;:&quot;A marca Lily revela fragr\u00e2ncias que valorizam a riqueza e a tradi\u00e7\u00e3o cl\u00e1ssica da perfumaria, extraindo o perfume da Flor de L\u00edrio atrav\u00e9s da antiga t\u00e9cnica enfleurage, um processo artesanal que traduz com fidelidade as melhores notas dos l\u00edrios rec\u00e9m colhidos, criando a fragr\u00e2ncia \u00fanica de Lily.\\n\\nComposto por manteiga de Karit\u00e9 e Vitamina E, o Creme Hidratante Acetinado Lily Absolu \u00e9 a combina\u00e7\u00e3o perfeita entre uma fragr\u00e2ncia intensa e prolongada e uma pele protegida e hidratada at\u00e9 48 horas. Com uma textura aveludada e macia que desliza facilmente na pele.\\n\\nFam\u00edlia Olfativa: Floriental Frutal\\n\\n- Fragr\u00e2ncia intensa e prolongada;\\n- Hidrata\u00e7\u00e3o at\u00e9 48h;\\n- Textura macia e aveludada;\\n- Desliza suavemente na tua pele.\\n\\nComo usar: Aplicar o Creme Hidratante Acetinado Lily Absolu no corpo todo ap\u00f3s o banho ou sempre que desejares.&quot;}\">Textura macia e aveludada;<\/span><\/li>\n<li><span data-sheets-userformat=\"{&quot;2&quot;:13249,&quot;3&quot;:{&quot;1&quot;:0},&quot;9&quot;:0,&quot;10&quot;:0,&quot;11&quot;:4,&quot;12&quot;:0,&quot;15&quot;:&quot;Arial&quot;,&quot;16&quot;:10}\" data-sheets-value=\"{&quot;1&quot;:2,&quot;2&quot;:&quot;A marca Lily revela fragr\u00e2ncias que valorizam a riqueza e a tradi\u00e7\u00e3o cl\u00e1ssica da perfumaria, extraindo o perfume da Flor de L\u00edrio atrav\u00e9s da antiga t\u00e9cnica enfleurage, um processo artesanal que traduz com fidelidade as melhores notas dos l\u00edrios rec\u00e9m colhidos, criando a fragr\u00e2ncia \u00fanica de Lily.\\n\\nComposto por manteiga de Karit\u00e9 e Vitamina E, o Creme Hidratante Acetinado Lily Absolu \u00e9 a combina\u00e7\u00e3o perfeita entre uma fragr\u00e2ncia intensa e prolongada e uma pele protegida e hidratada at\u00e9 48 horas. Com uma textura aveludada e macia que desliza facilmente na pele.\\n\\nFam\u00edlia Olfativa: Floriental Frutal\\n\\n- Fragr\u00e2ncia intensa e prolongada;\\n- Hidrata\u00e7\u00e3o at\u00e9 48h;\\n- Textura macia e aveludada;\\n- Desliza suavemente na tua pele.\\n\\nComo usar: Aplicar o Creme Hidratante Acetinado Lily Absolu no corpo todo ap\u00f3s o banho ou sempre que desejares.&quot;}\">Desliza suavemente na tua pele.<\/span><\/li>\n<\/ul>\n<p><span data-sheets-userformat=\"{&quot;2&quot;:13249,&quot;3&quot;:{&quot;1&quot;:0},&quot;9&quot;:0,&quot;10&quot;:0,&quot;11&quot;:4,&quot;12&quot;:0,&quot;15&quot;:&quot;Arial&quot;,&quot;16&quot;:10}\" data-sheets-value=\"{&quot;1&quot;:2,&quot;2&quot;:&quot;A marca Lily revela fragr\u00e2ncias que valorizam a riqueza e a tradi\u00e7\u00e3o cl\u00e1ssica da perfumaria, extraindo o perfume da Flor de L\u00edrio atrav\u00e9s da antiga t\u00e9cnica enfleurage, um processo artesanal que traduz com fidelidade as melhores notas dos l\u00edrios rec\u00e9m colhidos, criando a fragr\u00e2ncia \u00fanica de Lily.\\n\\nComposto por manteiga de Karit\u00e9 e Vitamina E, o Creme Hidratante Acetinado Lily Absolu \u00e9 a combina\u00e7\u00e3o perfeita entre uma fragr\u00e2ncia intensa e prolongada e uma pele protegida e hidratada at\u00e9 48 horas. Com uma textura aveludada e macia que desliza facilmente na pele.\\n\\nFam\u00edlia Olfativa: Floriental Frutal\\n\\n- Fragr\u00e2ncia intensa e prolongada;\\n- Hidrata\u00e7\u00e3o at\u00e9 48h;\\n- Textura macia e aveludada;\\n- Desliza suavemente na tua pele.\\n\\nComo usar: Aplicar o Creme Hidratante Acetinado Lily Absolu no corpo todo ap\u00f3s o banho ou sempre que desejares.&quot;}\"><br \/>\nComo usar: Aplicar o Creme Hidratante Acetinado Lily Absolu no corpo todo ap\u00f3s o banho ou sempre que desejares.<\/span><\/p>\n","protected":false},"excerpt":{"rendered":"<p>A marca Lily revela\u00a0fragr\u00e2ncias que valorizam a riqueza e a tradi\u00e7\u00e3o cl\u00e1ssica da perfumaria, extraindo o\u00a0perfume da Flor de L\u00edrio\u00a0atrav\u00e9s da antiga t\u00e9cnica enfleurage, um processo artesanal que traduz com fidelidade as melhores notas dos l\u00edrios rec\u00e9m colhidos, criando a fragr\u00e2ncia \u00fanica de Lily. Composto por\u00a0manteiga de Karit\u00e9 e Vitamina E,\u00a0o\u00a0Creme Hidratante Acetinado Lily\u00a0Absolu\u00a0\u00e9 a [&hellip;]<\/p>\n","protected":false},"featured_media":22335,"comment_status":"open","ping_status":"closed","template":"","meta":{"_kadence_starter_templates_imported_post":false},"product_brand":[],"product_cat":[206,296,282],"product_tag":[272,195,284],"class_list":{"0":"post-22331","1":"product","2":"type-product","3":"status-publish","4":"has-post-thumbnail","6":"product_cat-cosmeticos-cremes-hidradantesperfumes","7":"product_cat-hidratantes-cremes","8":"product_cat-o-boticario","9":"product_tag-cosmeticos","10":"product_tag-creme-hidratante","11":"product_tag-o-boticario","13":"first","14":"instock","15":"sale","16":"shipping-taxable","17":"purchasable","18":"product-type-simple"},"_links":{"self":[{"href":"https:\/\/sfashionaccessories.com\/index.php?rest_route=\/wp\/v2\/product\/22331","targetHints":{"allow":["GET"]}}],"collection":[{"href":"https:\/\/sfashionaccessories.com\/index.php?rest_route=\/wp\/v2\/product"}],"about":[{"href":"https:\/\/sfashionaccessories.com\/index.php?rest_route=\/wp\/v2\/types\/product"}],"replies":[{"embeddable":true,"href":"https:\/\/sfashionaccessories.com\/index.php?rest_route=%2Fwp%2Fv2%2Fcomments&post=22331"}],"wp:featuredmedia":[{"embeddable":true,"href":"https:\/\/sfashionaccessories.com\/index.php?rest_route=\/wp\/v2\/media\/22335"}],"wp:attachment":[{"href":"https:\/\/sfashionaccessories.com\/index.php?rest_route=%2Fwp%2Fv2%2Fmedia&parent=22331"}],"wp:term":[{"taxonomy":"product_brand","embeddable":true,"href":"https:\/\/sfashionaccessories.com\/index.php?rest_route=%2Fwp%2Fv2%2Fproduct_brand&post=22331"},{"taxonomy":"product_cat","embeddable":true,"href":"https:\/\/sfashionaccessories.com\/index.php?rest_route=%2Fwp%2Fv2%2Fproduct_cat&post=22331"},{"taxonomy":"product_tag","embeddable":true,"href":"https:\/\/sfashionaccessories.com\/index.php?rest_route=%2Fwp%2Fv2%2Fproduct_tag&post=22331"}],"curies":[{"name":"wp","href":"https:\/\/api.w.org\/{rel}","templated":true}]}}