{"id":22350,"date":"2025-06-08T10:11:31","date_gmt":"2025-06-08T01:11:31","guid":{"rendered":"https:\/\/sfashionaccessories.com\/?post_type=product&#038;p=22350"},"modified":"2025-06-21T20:20:13","modified_gmt":"2025-06-21T11:20:13","slug":"sutia-sem-bojo-microfibra-essencial-loba-41116-001","status":"publish","type":"product","link":"https:\/\/sfashionaccessories.com\/?product=sutia-sem-bojo-microfibra-essencial-loba-41116-001","title":{"rendered":"Suti\u00e3 com Bojo Remov\u00edvel Microfibra Essencial Loba-41116-001"},"content":{"rendered":"<div class=\"vtex-flex-layout-0-x-flexRow vtex-flex-layout-0-x-flexRow--pdp-specifications-container\" aria-label=\"Linha de sess\u00e3o\">\n<div class=\"flex mt0 mb0 pt0 pb0 justify-start vtex-flex-layout-0-x-flexRowContent vtex-flex-layout-0-x-flexRowContent--pdp-specifications-container items-stretch w-100\">\n<div class=\"pr0 items-stretch vtex-flex-layout-0-x-stretchChildrenWidth flex\">\n<div class=\"vtex-flex-layout-0-x-flexCol vtex-flex-layout-0-x-flexCol--pdp-specifications-container-col ml0 mr0 pl0 pr0 flex flex-column h-100 w-100\">\n<div class=\"vtex-flex-layout-0-x-flexColChild vtex-flex-layout-0-x-flexColChild--pdp-specifications-container-col pb0\">\n<div id=\"id-j3tukh\" class=\"vtex-disclosure-layout-1-x-content vtex-disclosure-layout-1-x-content--visible\">\n<div class=\"vtex-store-components-3-x-productDescriptionContainer\">\n<div class=\"vtex-store-components-3-x-productDescriptionText c-muted-1\">\n<p>O suti\u00e3 com bojo remov\u00edvel em\u00a0 microfibra Loba \u00e9 uma op\u00e7\u00e3o ideal para quem busca conforto e liberdade de movimento. Ele oferece um ajuste perfeito ao corpo, proporcionando suavidade ao toque e flexibilidade para acompanhar seus movimentos. A tecnologia sem costura \u00e9 um diferencial importante, evitando atritos e inc\u00f4modos, garantindo um uso confort\u00e1vel durante todo o dia.<\/p>\n<p>O design moderno e elegante faz deste suti\u00e3 uma escolha vers\u00e1til para diversas ocasi\u00f5es. O suti\u00e3 sem bojo proporciona um visual mais natural e leve, enquanto o c\u00f3s liso garante um ajuste seguro sem marcar a pele. A costura refor\u00e7ada adiciona durabilidade ao produto, garantindo resist\u00eancia ao uso cont\u00ednuo e lavagens frequentes.<\/p>\n<h4>Composi\u00e7\u00e3o<\/h4>\n<ul>\n<li>93% poliamida<\/li>\n<li>7% elastano<\/li>\n<\/ul>\n<h4>Caracter\u00edsticas<\/h4>\n<ul>\n<li>Tecido de microfibra suave e respir\u00e1vel<\/li>\n<li>Sem bojo<\/li>\n<li>C\u00f3s liso<\/li>\n<li>Design moderno e elegante<\/li>\n<li>Costura refor\u00e7ada<\/li>\n<\/ul>\n<h4>Indicado para:<\/h4>\n<ul>\n<li>Uso di\u00e1rio<\/li>\n<\/ul>\n<\/div>\n<\/div>\n<\/div>\n<\/div>\n<div class=\"vtex-flex-layout-0-x-flexColChild vtex-flex-layout-0-x-flexColChild--pdp-specifications-container-col pb0\"><\/div>\n<div class=\"vtex-flex-layout-0-x-flexColChild vtex-flex-layout-0-x-flexColChild--pdp-specifications-container-col pb0\"><\/div>\n<div class=\"vtex-flex-layout-0-x-flexColChild vtex-flex-layout-0-x-flexColChild--pdp-specifications-container-col pb0\"><\/div>\n<\/div>\n<\/div>\n<\/div>\n<\/div>\n<div class=\"vtex-flex-layout-0-x-flexRow vtex-flex-layout-0-x-flexRow--pdp-shipping-rate-container\" aria-label=\"Linha de sess\u00e3o\">\n<div class=\"flex mt0 mb0 pt0 pb0 justify-start vtex-flex-layout-0-x-flexRowContent vtex-flex-layout-0-x-flexRowContent--pdp-shipping-rate-container items-stretch w-100\">\n<div class=\"pr0 items-stretch vtex-flex-layout-0-x-stretchChildrenWidth flex\">\n<div class=\"vtex-store-components-3-x-shippingContainer t-small c-on-base\">\n<div class=\"vtex-button__label flex items-center justify-center h-100 ph5 w-100 border-box \"><\/div>\n<\/div>\n<\/div>\n<\/div>\n<\/div>\n","protected":false},"excerpt":{"rendered":"<p>O suti\u00e3 com bojo remov\u00edvel em\u00a0 microfibra Loba \u00e9 uma op\u00e7\u00e3o ideal para quem busca conforto e liberdade de movimento. Ele oferece um ajuste perfeito ao corpo, proporcionando suavidade ao toque e flexibilidade para acompanhar seus movimentos. A tecnologia sem costura \u00e9 um diferencial importante, evitando atritos e inc\u00f4modos, garantindo um uso confort\u00e1vel durante todo [&hellip;]<\/p>\n","protected":false},"featured_media":22351,"comment_status":"open","ping_status":"closed","template":"","meta":{"_kadence_starter_templates_imported_post":false},"product_brand":[],"product_cat":[580,293,552,221],"product_tag":[458,553,265],"class_list":{"0":"post-22350","1":"product","2":"type-product","3":"status-publish","4":"has-post-thumbnail","6":"product_cat-destaques","7":"product_cat-feminino","8":"product_cat-lupo","9":"product_cat-sutias","10":"product_tag-lingeries","11":"product_tag-lupo","12":"product_tag-sutia","14":"first","15":"instock","16":"shipping-taxable","17":"purchasable","18":"product-type-variable"},"_links":{"self":[{"href":"https:\/\/sfashionaccessories.com\/index.php?rest_route=\/wp\/v2\/product\/22350","targetHints":{"allow":["GET"]}}],"collection":[{"href":"https:\/\/sfashionaccessories.com\/index.php?rest_route=\/wp\/v2\/product"}],"about":[{"href":"https:\/\/sfashionaccessories.com\/index.php?rest_route=\/wp\/v2\/types\/product"}],"replies":[{"embeddable":true,"href":"https:\/\/sfashionaccessories.com\/index.php?rest_route=%2Fwp%2Fv2%2Fcomments&post=22350"}],"wp:featuredmedia":[{"embeddable":true,"href":"https:\/\/sfashionaccessories.com\/index.php?rest_route=\/wp\/v2\/media\/22351"}],"wp:attachment":[{"href":"https:\/\/sfashionaccessories.com\/index.php?rest_route=%2Fwp%2Fv2%2Fmedia&parent=22350"}],"wp:term":[{"taxonomy":"product_brand","embeddable":true,"href":"https:\/\/sfashionaccessories.com\/index.php?rest_route=%2Fwp%2Fv2%2Fproduct_brand&post=22350"},{"taxonomy":"product_cat","embeddable":true,"href":"https:\/\/sfashionaccessories.com\/index.php?rest_route=%2Fwp%2Fv2%2Fproduct_cat&post=22350"},{"taxonomy":"product_tag","embeddable":true,"href":"https:\/\/sfashionaccessories.com\/index.php?rest_route=%2Fwp%2Fv2%2Fproduct_tag&post=22350"}],"curies":[{"name":"wp","href":"https:\/\/api.w.org\/{rel}","templated":true}]}}