{"id":22357,"date":"2025-06-06T19:24:11","date_gmt":"2025-06-06T10:24:11","guid":{"rendered":"https:\/\/sfashionaccessories.com\/?post_type=product&#038;p=22357"},"modified":"2025-10-08T14:00:17","modified_gmt":"2025-10-08T05:00:17","slug":"calcinha-adulto-microfibra-drap-touch-loba","status":"publish","type":"product","link":"https:\/\/sfashionaccessories.com\/?product=calcinha-adulto-microfibra-drap-touch-loba","title":{"rendered":"Calcinha Adulto Microfibra Drap Touch + Loba"},"content":{"rendered":"<div class=\"vtex-rich-text-0-x-container vtex-rich-text-0-x-container--pdp-specification-trigger-title flex tl items-start justify-start t-body c-on-base\">\n<div class=\"vtex-rich-text-0-x-wrapper vtex-rich-text-0-x-wrapper--pdp-specification-trigger-title\">\n<p class=\"lh-copy vtex-rich-text-0-x-paragraph vtex-rich-text-0-x-paragraph--pdp-specification-trigger-title\">Descri\u00e7\u00e3o<\/p>\n<\/div>\n<\/div>\n<div id=\"id-aooc9r\" class=\"vtex-disclosure-layout-1-x-content vtex-disclosure-layout-1-x-content--visible\">\n<div class=\"vtex-store-components-3-x-productDescriptionContainer\">\n<div class=\"vtex-store-components-3-x-productDescriptionText c-muted-1\">\n<div>\n<p>Explore o seu lado mais sedutor e selvagem com a<strong>\u00a0calcinha loba<\/strong>. Feita para voc\u00ea curtir cada momento com o m\u00e1ximo de conforto, a\u00a0<strong>calcinha lupo loba<\/strong>\u00a0conta com tudo o que voc\u00ea precisa para ter um dia confort\u00e1vel, leve e solto.<\/p>\n<p>Ela \u00e9 ideal para mulheres que preferem pe\u00e7as simples, mas de alta qualidade. Isso fica claro nas malhas escolhidas para a confec\u00e7\u00e3o da\u00a0<strong>calcinha loba lupo.\u00a0<\/strong><\/p>\n<p>Enquanto o algod\u00e3o deixa o corpo mais \u00e0 vontade, a poliamida oferece a elasticidade necess\u00e1ria para se movimentar com liberdade, seja para fazer atividades b\u00e1sicas como andar e agachar quanto exerc\u00edcios f\u00edsicos que exigem mais mobilidade. Por fim, o elastano proporciona resist\u00eancia e durabilidade para a pe\u00e7a.<\/p>\n<p>Composi\u00e7\u00e3o: 2%, Algod\u00e3o, 93%, Poliamida, 5%, Elastano<\/p>\n<\/div>\n<\/div>\n<\/div>\n<\/div>\n","protected":false},"excerpt":{"rendered":"<p>Descri\u00e7\u00e3o Explore o seu lado mais sedutor e selvagem com a\u00a0calcinha loba. Feita para voc\u00ea curtir cada momento com o m\u00e1ximo de conforto, a\u00a0calcinha lupo loba\u00a0conta com tudo o que voc\u00ea precisa para ter um dia confort\u00e1vel, leve e solto. Ela \u00e9 ideal para mulheres que preferem pe\u00e7as simples, mas de alta qualidade. Isso fica [&hellip;]<\/p>\n","protected":false},"featured_media":22363,"comment_status":"open","ping_status":"closed","template":"","meta":{"_kadence_starter_templates_imported_post":false},"product_brand":[],"product_cat":[215,580,293,29,552],"product_tag":[380,458,553],"class_list":{"0":"post-22357","1":"product","2":"type-product","3":"status-publish","4":"has-post-thumbnail","6":"product_cat-calcinhas-tangas-fio-dental","7":"product_cat-destaques","8":"product_cat-feminino","9":"product_cat-lingeries","10":"product_cat-lupo","11":"product_tag-calcinhas","12":"product_tag-lingeries","13":"product_tag-lupo","15":"first","16":"instock","17":"sale","18":"shipping-taxable","19":"purchasable","20":"product-type-variable"},"_links":{"self":[{"href":"https:\/\/sfashionaccessories.com\/index.php?rest_route=\/wp\/v2\/product\/22357","targetHints":{"allow":["GET"]}}],"collection":[{"href":"https:\/\/sfashionaccessories.com\/index.php?rest_route=\/wp\/v2\/product"}],"about":[{"href":"https:\/\/sfashionaccessories.com\/index.php?rest_route=\/wp\/v2\/types\/product"}],"replies":[{"embeddable":true,"href":"https:\/\/sfashionaccessories.com\/index.php?rest_route=%2Fwp%2Fv2%2Fcomments&post=22357"}],"wp:featuredmedia":[{"embeddable":true,"href":"https:\/\/sfashionaccessories.com\/index.php?rest_route=\/wp\/v2\/media\/22363"}],"wp:attachment":[{"href":"https:\/\/sfashionaccessories.com\/index.php?rest_route=%2Fwp%2Fv2%2Fmedia&parent=22357"}],"wp:term":[{"taxonomy":"product_brand","embeddable":true,"href":"https:\/\/sfashionaccessories.com\/index.php?rest_route=%2Fwp%2Fv2%2Fproduct_brand&post=22357"},{"taxonomy":"product_cat","embeddable":true,"href":"https:\/\/sfashionaccessories.com\/index.php?rest_route=%2Fwp%2Fv2%2Fproduct_cat&post=22357"},{"taxonomy":"product_tag","embeddable":true,"href":"https:\/\/sfashionaccessories.com\/index.php?rest_route=%2Fwp%2Fv2%2Fproduct_tag&post=22357"}],"curies":[{"name":"wp","href":"https:\/\/api.w.org\/{rel}","templated":true}]}}