{"id":22367,"date":"2025-11-10T19:10:12","date_gmt":"2025-11-10T10:10:12","guid":{"rendered":"https:\/\/sfashionaccessories.com\/?post_type=product&#038;p=22367"},"modified":"2026-04-03T17:48:07","modified_gmt":"2026-04-03T08:48:07","slug":"creme-hidratante-acetinado-lily-250g","status":"publish","type":"product","link":"https:\/\/sfashionaccessories.com\/?product=creme-hidratante-acetinado-lily-250g","title":{"rendered":"Creme Hidratante Acetinado Lily, 250g"},"content":{"rendered":"<p>Sente a\u00a0<strong>deliciosa fragr\u00e2ncia do l\u00edrio<\/strong>, com a\u00a0<strong>hidrata\u00e7\u00e3o profunda da manteiga de karit\u00e9<\/strong>, um emoliente natural que proporciona um<strong>\u00a0toque macio enquanto hidrata profundamente a pele.<\/strong><\/p>\n<p>O Creme Acetinado Lily tem um<strong>\u00a0toque aveludado<\/strong>\u00a0e um\u00a0<strong>delicioso aroma marcante que dura o dia inteiro.<\/strong>\u00a0Este\u00a0<strong>creme hidratante para mulher<\/strong>\u00a0possui uma textura especial, mais densa. Tem como principal ingrediente a\u00a0<strong>manteiga de Karit\u00e9,<\/strong>\u00a0que cont\u00e9m\u00a0<strong>grande concentra\u00e7\u00e3o de vitamina E<\/strong>, o que a torna num\u00a0<strong>\u00f3timo antioxidante.<\/strong>\u00a0Esse ingrediente especial forma uma pel\u00edcula sobre a pele que promove uma\u00a0<strong>hidrata\u00e7\u00e3o intensa,<\/strong>\u00a0evitando a pele seca causada pelo sol e pelo clima frio e seco.<\/p>\n<ul>\n<li>Fragr\u00e2ncia intensa e prolongada;<\/li>\n<li>Hidrata\u00e7\u00e3o at\u00e9 48h;<\/li>\n<li>Textura macia e aveludada;<\/li>\n<li>Desliza suavemente;<\/li>\n<li>R\u00e1pida absor\u00e7\u00e3o, para uma sensa\u00e7\u00e3o de pele sequinha;<\/li>\n<\/ul>\n<p>&nbsp;<\/p>\n<p>&nbsp;<\/p>\n","protected":false},"excerpt":{"rendered":"<p>Sente a\u00a0deliciosa fragr\u00e2ncia do l\u00edrio, com a\u00a0hidrata\u00e7\u00e3o profunda da manteiga de karit\u00e9, um emoliente natural que proporciona um\u00a0toque macio enquanto hidrata profundamente a pele. O Creme Acetinado Lily tem um\u00a0toque aveludado\u00a0e um\u00a0delicioso aroma marcante que dura o dia inteiro.\u00a0Este\u00a0creme hidratante para mulher\u00a0possui uma textura especial, mais densa. Tem como principal ingrediente a\u00a0manteiga de Karit\u00e9,\u00a0que cont\u00e9m\u00a0grande [&hellip;]<\/p>\n","protected":false},"featured_media":22372,"comment_status":"open","ping_status":"closed","template":"","meta":{"_kadence_starter_templates_imported_post":false},"product_brand":[],"product_cat":[206,296,282],"product_tag":[272,195,284],"class_list":{"0":"post-22367","1":"product","2":"type-product","3":"status-publish","4":"has-post-thumbnail","6":"product_cat-cosmeticos-cremes-hidradantesperfumes","7":"product_cat-hidratantes-cremes","8":"product_cat-o-boticario","9":"product_tag-cosmeticos","10":"product_tag-creme-hidratante","11":"product_tag-o-boticario","13":"first","14":"instock","15":"sale","16":"shipping-taxable","17":"purchasable","18":"product-type-simple"},"_links":{"self":[{"href":"https:\/\/sfashionaccessories.com\/index.php?rest_route=\/wp\/v2\/product\/22367","targetHints":{"allow":["GET"]}}],"collection":[{"href":"https:\/\/sfashionaccessories.com\/index.php?rest_route=\/wp\/v2\/product"}],"about":[{"href":"https:\/\/sfashionaccessories.com\/index.php?rest_route=\/wp\/v2\/types\/product"}],"replies":[{"embeddable":true,"href":"https:\/\/sfashionaccessories.com\/index.php?rest_route=%2Fwp%2Fv2%2Fcomments&post=22367"}],"wp:featuredmedia":[{"embeddable":true,"href":"https:\/\/sfashionaccessories.com\/index.php?rest_route=\/wp\/v2\/media\/22372"}],"wp:attachment":[{"href":"https:\/\/sfashionaccessories.com\/index.php?rest_route=%2Fwp%2Fv2%2Fmedia&parent=22367"}],"wp:term":[{"taxonomy":"product_brand","embeddable":true,"href":"https:\/\/sfashionaccessories.com\/index.php?rest_route=%2Fwp%2Fv2%2Fproduct_brand&post=22367"},{"taxonomy":"product_cat","embeddable":true,"href":"https:\/\/sfashionaccessories.com\/index.php?rest_route=%2Fwp%2Fv2%2Fproduct_cat&post=22367"},{"taxonomy":"product_tag","embeddable":true,"href":"https:\/\/sfashionaccessories.com\/index.php?rest_route=%2Fwp%2Fv2%2Fproduct_tag&post=22367"}],"curies":[{"name":"wp","href":"https:\/\/api.w.org\/{rel}","templated":true}]}}