{"id":22374,"date":"2025-06-07T15:44:12","date_gmt":"2025-06-07T06:44:12","guid":{"rendered":"https:\/\/sfashionaccessories.com\/?post_type=product&#038;p=22374"},"modified":"2026-04-18T14:56:38","modified_gmt":"2026-04-18T05:56:38","slug":"colar-filhos-3-meninas-classico-cravejado-bijuteria","status":"publish","type":"product","link":"https:\/\/sfashionaccessories.com\/?product=colar-filhos-3-meninas-classico-cravejado-bijuteria","title":{"rendered":"Colar Filhos 3 Meninas Cl\u00e1ssico Cravejado Bijuteria dourado"},"content":{"rendered":"<p>Leve seus filhos no cora\u00e7\u00e3o,<\/p>\n<p>Usar um colar que representa seus filhos \u00e9 uma forma simples e carinhosa de demonstrar o seu amor.<\/p>\n<p>Colar com pingente cora\u00e7\u00e3o e p\u00eandulo com filhos cravejados em zirc\u00f4nias. Acabamento perfeito. Bijuteria de alta qualidade<\/p>\n","protected":false},"excerpt":{"rendered":"<p>Leve seus filhos no cora\u00e7\u00e3o, Usar um colar que representa seus filhos \u00e9 uma forma simples e carinhosa de demonstrar o seu amor. Colar com pingente cora\u00e7\u00e3o e p\u00eandulo com filhos cravejados em zirc\u00f4nias. Acabamento perfeito. Bijuteria de alta qualidade<\/p>\n","protected":false},"featured_media":22376,"comment_status":"open","ping_status":"closed","template":"","meta":{"_kadence_starter_templates_imported_post":false},"product_brand":[],"product_cat":[200,981,373],"product_tag":[182,187,983,1005],"class_list":{"0":"post-22374","1":"product","2":"type-product","3":"status-publish","4":"has-post-thumbnail","6":"product_cat-acessorios-bijuterias-semi-joias","7":"product_cat-bijuteria","8":"product_cat-colares","9":"product_tag-acessorios","10":"product_tag-bijuteria","11":"product_tag-colares","12":"product_tag-garga","14":"first","15":"outofstock","16":"shipping-taxable","17":"purchasable","18":"product-type-simple"},"_links":{"self":[{"href":"https:\/\/sfashionaccessories.com\/index.php?rest_route=\/wp\/v2\/product\/22374","targetHints":{"allow":["GET"]}}],"collection":[{"href":"https:\/\/sfashionaccessories.com\/index.php?rest_route=\/wp\/v2\/product"}],"about":[{"href":"https:\/\/sfashionaccessories.com\/index.php?rest_route=\/wp\/v2\/types\/product"}],"replies":[{"embeddable":true,"href":"https:\/\/sfashionaccessories.com\/index.php?rest_route=%2Fwp%2Fv2%2Fcomments&post=22374"}],"wp:featuredmedia":[{"embeddable":true,"href":"https:\/\/sfashionaccessories.com\/index.php?rest_route=\/wp\/v2\/media\/22376"}],"wp:attachment":[{"href":"https:\/\/sfashionaccessories.com\/index.php?rest_route=%2Fwp%2Fv2%2Fmedia&parent=22374"}],"wp:term":[{"taxonomy":"product_brand","embeddable":true,"href":"https:\/\/sfashionaccessories.com\/index.php?rest_route=%2Fwp%2Fv2%2Fproduct_brand&post=22374"},{"taxonomy":"product_cat","embeddable":true,"href":"https:\/\/sfashionaccessories.com\/index.php?rest_route=%2Fwp%2Fv2%2Fproduct_cat&post=22374"},{"taxonomy":"product_tag","embeddable":true,"href":"https:\/\/sfashionaccessories.com\/index.php?rest_route=%2Fwp%2Fv2%2Fproduct_tag&post=22374"}],"curies":[{"name":"wp","href":"https:\/\/api.w.org\/{rel}","templated":true}]}}